{"id":1001,"date":"2024-04-25T11:02:43","date_gmt":"2024-04-25T03:02:43","guid":{"rendered":"https:\/\/www.cy-chemicals.com\/?post_type=product&#038;p=1001"},"modified":"2024-04-25T17:23:39","modified_gmt":"2024-04-25T09:23:39","slug":"apam","status":"publish","type":"product","link":"https:\/\/www.cy-chemicals.com\/vi\/product\/apam\/","title":{"rendered":"APAM"},"content":{"rendered":"<p>Anionic polyacrylamide (APAM) l\u00e0 m\u1ed9t polymer h\u00f2a tan trong n\u01b0\u1edbc<\/p>\n<p>&nbsp;<\/p>\n<p>1\u3001\u0110\u1eb7c \u0111i\u1ec3m s\u1ea3n ph\u1ea9m<\/p>\n<p>Polyacrylamide kh\u00f4ng ion l\u00e0 m\u1ed9t polymer c\u00f3 tr\u1ecdng l\u01b0\u1ee3ng ph\u00e2n t\u1eed cao v\u00e0 c\u01b0\u1eddng \u0111\u1ed9 ion th\u1ea5p. N\u00f3 c\u00f3 t\u1ee5, ph\u00e2n t\u00e1n, d\u00ednh, d\u00ednh, h\u00ecnh th\u00e0nh phim, gel v\u00e0 \u1ed5n \u0111\u1ecbnh colloid. Ch\u1ea5t flocculant c\u1ee7a n\u00f3 c\u00f3 \u00edt \u1ea3nh h\u01b0\u1edfng \u0111\u1ebfn gi\u00e1 tr\u1ecb pH v\u00e0 mu\u1ed1i, v\u00e0 hi\u1ec7u qu\u1ea3 c\u1ee7a n\u00f3 t\u1ed1t h\u01a1n polymer anion trong x\u1eed l\u00fd n\u01b0\u1edbc th\u1ea3i axit.<\/p>\n<p>2. S\u1eed d\u1ee5ng s\u1ea3n ph\u1ea9m<\/p>\n<p>N\u00f3 \u0111\u01b0\u1ee3c s\u1eed d\u1ee5ng nh\u01b0 ch\u1ea5t k\u1ebft h\u1ee3p \u0111\u1ec3 x\u1eed l\u00fd b\u1ec3 n\u01b0\u1edbc th\u1ea3i c\u00f4ng nghi\u1ec7p v\u00e0 x\u1eed l\u00fd n\u01b0\u1edbc u\u1ed1ng, ki\u1ec3m so\u00e1t h\u1ed3 s\u01a1 m\u1ecf d\u1ea7u v\u00e0 ph\u1ee5 gia t\u1eaft n\u01b0\u1edbc, ph\u1ee5 gia b\u00f9n khoan, ph\u1ee5 gia l\u00e0m gi\u1ea5y, v.v.<\/p>\n<p>&nbsp;<\/p>\n<p>3. H\u01b0\u1edbng d\u1eabn s\u1eed d\u1ee5ng<\/p>\n<p>(1) Th\u00f4ng th\u01b0\u1eddng chu\u1ea9n b\u1ecb s\u1ea3n ph\u1ea9m th\u00e0nh 0,05% &#8211; Gi\u1ea3i ph\u00e1p 0,5% (w \/ W) \u0111\u1ec3 ch\u1edd.<\/p>\n<p>(2) Khi h\u00f2a tan, s\u1ea3n ph\u1ea9m n\u00ean \u0111\u01b0\u1ee3c ph\u00e2n t\u00e1n \u0111\u1ed3ng \u0111\u1ec1u v\u00e0 khu\u1ea5y \u0111\u1ec3 gi\u00fap h\u00f2a tan.<\/p>\n<p>(3) Khi s\u1eed d\u1ee5ng, tr\u00e1nh s\u1eed d\u1ee5ng v\u1eadt li\u1ec7u kim lo\u1ea1i v\u00e0 c\u00e1c b\u1ec3 ch\u1ee9a v\u00e0 h\u1ed3 b\u01a1i h\u00f2a tan kh\u00e1c d\u1ec5 \u1ea3nh h\u01b0\u1edfng \u0111\u1ebfn ch\u1ea5t l\u01b0\u1ee3ng n\u01b0\u1edbc.<\/p>\n<p>(4) T\u0103ng nhi\u1ec7t \u0111\u1ed9 n\u01b0\u1edbc c\u00f3 th\u1ec3 t\u0103ng t\u1ed1c t\u1ed1c \u0111\u1ed9 h\u00f2a tan, nh\u01b0ng n\u00f3i chung nhi\u1ec7t \u0111\u1ed9 n\u01b0\u1edbc kh\u00f4ng th\u1ec3 v\u01b0\u1ee3t qu\u00e1 50 \u2103.<\/p>\n<p>&nbsp;<\/p>\n<p>4. Bao b\u00ec s\u1ea3n ph\u1ea9m<\/p>\n<p>C\u00e1c s\u1ea3n ph\u1ea9m \u0111\u01b0\u1ee3c \u0111\u00f3ng g\u00f3i trong gi\u1ea5y nh\u1ef1a ba trong m\u1ed9t t\u00fai t\u1ed5ng h\u1ee3p, v\u1edbi m\u1ed7i t\u00fai 25kg ho\u1eb7c x\u00e1c \u0111\u1ecbnh theo nhu c\u1ea7u c\u1ee7a ng\u01b0\u1eddi d\u00f9ng; Th\u1eddi gian s\u1eed d\u1ee5ng l\u00e0 2 n\u0103m.<\/p>\n<p>5.Precautions<\/p>\n<p>S\u1ea3n ph\u1ea9m d\u1ec5 h\u1ea5p th\u1ee5 \u0111\u1ed9 \u1ea9m. Ch\u00fa \u00fd \u0111\u1ebfn \u0111\u1ed9 \u1ea9m v\u00e0 \u0111\u1ed9 \u1ea9m. L\u01b0u tr\u1eef trong kho m\u00e1t m\u1ebb, th\u00f4ng gi\u00f3 v\u00e0 kh\u00f4.<\/p>","protected":false},"excerpt":{"rendered":"<p>Anionic polyacrylamide (APAM) l\u00e0 m\u1ed9t polymer h\u00f2a tan trong n\u01b0\u1edbc.<\/p>","protected":false},"featured_media":1002,"comment_status":"open","ping_status":"closed","template":"","meta":{"_acf_changed":false},"product_cat":[23,22],"product_tag":[],"class_list":{"0":"post-1001","1":"product","2":"type-product","3":"status-publish","4":"has-post-thumbnail","6":"product_cat-apam","7":"product_cat-pam","9":"first","10":"instock","11":"shipping-taxable","12":"product-type-simple"},"acf":[],"_links":{"self":[{"href":"https:\/\/www.cy-chemicals.com\/vi\/wp-json\/wp\/v2\/product\/1001","targetHints":{"allow":["GET"]}}],"collection":[{"href":"https:\/\/www.cy-chemicals.com\/vi\/wp-json\/wp\/v2\/product"}],"about":[{"href":"https:\/\/www.cy-chemicals.com\/vi\/wp-json\/wp\/v2\/types\/product"}],"replies":[{"embeddable":true,"href":"https:\/\/www.cy-chemicals.com\/vi\/wp-json\/wp\/v2\/comments?post=1001"}],"wp:featuredmedia":[{"embeddable":true,"href":"https:\/\/www.cy-chemicals.com\/vi\/wp-json\/wp\/v2\/media\/1002"}],"wp:attachment":[{"href":"https:\/\/www.cy-chemicals.com\/vi\/wp-json\/wp\/v2\/media?parent=1001"}],"wp:term":[{"taxonomy":"product_cat","embeddable":true,"href":"https:\/\/www.cy-chemicals.com\/vi\/wp-json\/wp\/v2\/product_cat?post=1001"},{"taxonomy":"product_tag","embeddable":true,"href":"https:\/\/www.cy-chemicals.com\/vi\/wp-json\/wp\/v2\/product_tag?post=1001"}],"curies":[{"name":"wp","href":"https:\/\/api.w.org\/{rel}","templated":true}]}}