{"id":682,"date":"2024-04-10T16:43:07","date_gmt":"2024-04-10T08:43:07","guid":{"rendered":"https:\/\/www.cy-chemicals.com\/?post_type=product&#038;p=682"},"modified":"2024-04-25T17:28:26","modified_gmt":"2024-04-25T09:28:26","slug":"xg-2","status":"publish","type":"product","link":"https:\/\/www.cy-chemicals.com\/tr\/product\/xg-2\/","title":{"rendered":"Xanthan sak\u0131z Ya\u011f sondaj s\u0131n\u0131f\u0131"},"content":{"rendered":"<p>Petrol sondaj s\u0131n\u0131f\u0131 xantan sak\u0131z, s\u0131cakl\u0131klara (\u226594 \u00b0 C) uygun verimli, \u00e7evre dostu bir petrol sondaj \u00e7amur katk\u0131 maddesidir,<br \/>\nAsit, alkali ve tuz, \u00e7amurun ge\u00e7irgenli\u011fini ve kat\u0131 maddeyi ask\u0131ya alma, kuyu duvar\u0131n\u0131 istikrarland\u0131rma ve ya\u011f rezervuar\u0131na zarar\u0131 azaltma yetene\u011fini \u00f6nemli \u00f6l\u00e7\u00fcde iyile\u015ftirebilen m\u00fckemmel bir toleransa sahiptir, b\u00f6ylece sondaj, i\u015fleme ve tamamlama i\u015flerinin verimlili\u011fini \u00f6nemli \u00f6l\u00e7\u00fcde iyile\u015ftirir. Bu \u00fcr\u00fcn iyi s\u0131cakl\u0131k ve tuz direnci ve iyi kesme seyreltme ve par\u00e7ac\u0131k s\u00fcspansiyon etkilerine sahiptir. Bu nedenle, deniz sondaj i\u00e7in ideal bir \u00e7amur katk\u0131c\u0131s\u0131d\u0131r. Doyumu\u015f tuzlu su ve 85 \u00b0 C s\u0131cakl\u0131\u011f\u0131 alt\u0131nda uzun s\u00fcre istikrarl\u0131 kalabilir. Bu nedenle, y\u00fcksek s\u0131cakl\u0131kta ve y\u00fcksek tuzlu ya\u011f sahalar\u0131nda ideal bir ya\u011f yerle\u015ftirme ajan\u0131d\u0131r. Xanthan sak\u0131z kal\u0131nla\u015fma, s\u00fcspansiyon, em\u00fclsifikasyon ve stabilizasyonu entegre eden biyolojik bir sak\u0131zd\u0131r. Xanthan sak\u0131z uzun zincirli polimerlerin genel \u00f6zelliklerine sahiptir, ancak s\u0131radan polimerlerden daha fazla fonksiyonel grup i\u00e7erir ve belirli ko\u015fullarda k\u00f6t\u00fc performans g\u00f6sterir. Su \u00e7\u00f6z\u00fcm\u00fcnde yap\u0131lmas\u0131 \u00e7e\u015fitlidir ve farkl\u0131 ko\u015fullarda farkl\u0131 \u00f6zellikler g\u00f6sterir.<\/p>\n<p>S\u00fcspansiyon ve em\u00fclsiyon \u00f6zellikleri<\/p>\n<p>Xanthan sak\u0131z \u00e7\u00f6z\u00fcnmeyen kat\u0131 maddeler ve ya\u011f damlalar\u0131 \u00fczerinde iyi bir ask\u0131ya alma etkisine sahiptir. Xanthan sak\u0131z sol molek\u00fclleri s\u00fcper ba\u011fl\u0131 \u015ferit \u015feklinde helikal kopolimerler olu\u015fturabilir, k\u0131r\u0131lgan bir yap\u0131\u015ft\u0131r\u0131c\u0131 benzeri bir a\u011f yap\u0131s\u0131 olu\u015fturabilir, b\u00f6ylece kat\u0131 par\u00e7ac\u0131klar\u0131n, damlalar\u0131n ve kabarc\u0131klar\u0131n \u015feklini destekleyebilirler, g\u00fc\u00e7l\u00fc em\u00fclsiyon stabilizasyonu ve y\u00fcksek s\u00fcspansiyon yetene\u011fi g\u00f6sterirler.<\/p>\n<p>su \u00e7\u00f6z\u00fcn\u00fcr<\/p>\n<p>Xanthan sak\u0131z suda h\u0131zl\u0131 bir \u015fekilde \u00e7\u00f6z\u00fcnebilir ve iyi su \u00e7\u00f6z\u00fcn\u00fcrl\u00fc\u011f\u00fcne sahiptir. \u00d6zellikle so\u011fuk suda da \u00e7\u00f6z\u00fclebilir, bu da karma\u015f\u0131k i\u015fleme s\u00fcrecini kurtarabilir ve kullan\u0131m\u0131 kolayd\u0131r. Bununla birlikte, hidrofilili\u011fi nedeniyle, do\u011frudan az miktarda su eklenir ve kar\u0131\u015ft\u0131rma yetersiz olursa, d\u0131\u015f katman suyu emir ve mikellere \u015fi\u015fer, bu da suyun i\u00e7 katmana girmesini engeller ve fonksiyonun performans\u0131n\u0131 etkiler. Bu nedenle, do\u011fru kullanmak i\u00e7in dikkat edilmelidir. Xantan sak\u0131z kuru tozu veya tuz ve \u015feker gibi kuru toz aksesuarlar\u0131n\u0131 e\u015fit \u015fekilde kar\u0131\u015ft\u0131r\u0131n, sonra yava\u015f yava\u015f kar\u0131\u015ft\u0131rma suyuna ekleyin ve kullan\u0131m i\u00e7in bir \u00e7\u00f6z\u00fcm olu\u015fturun.<\/p>","protected":false},"excerpt":{"rendered":"<p>Petrol sondaj s\u0131n\u0131f\u0131 xantan sak\u0131z verimli, \u00e7evre dostu bir petrol sondaj \u00e7amur katk\u0131 maddesidir.<\/p>","protected":false},"featured_media":856,"comment_status":"open","ping_status":"closed","template":"","meta":{"_acf_changed":false},"product_cat":[15],"product_tag":[],"class_list":{"0":"post-682","1":"product","2":"type-product","3":"status-publish","4":"has-post-thumbnail","6":"product_cat-xanthan-gum","8":"first","9":"instock","10":"shipping-taxable","11":"product-type-simple"},"acf":[],"_links":{"self":[{"href":"https:\/\/www.cy-chemicals.com\/tr\/wp-json\/wp\/v2\/product\/682","targetHints":{"allow":["GET"]}}],"collection":[{"href":"https:\/\/www.cy-chemicals.com\/tr\/wp-json\/wp\/v2\/product"}],"about":[{"href":"https:\/\/www.cy-chemicals.com\/tr\/wp-json\/wp\/v2\/types\/product"}],"replies":[{"embeddable":true,"href":"https:\/\/www.cy-chemicals.com\/tr\/wp-json\/wp\/v2\/comments?post=682"}],"wp:featuredmedia":[{"embeddable":true,"href":"https:\/\/www.cy-chemicals.com\/tr\/wp-json\/wp\/v2\/media\/856"}],"wp:attachment":[{"href":"https:\/\/www.cy-chemicals.com\/tr\/wp-json\/wp\/v2\/media?parent=682"}],"wp:term":[{"taxonomy":"product_cat","embeddable":true,"href":"https:\/\/www.cy-chemicals.com\/tr\/wp-json\/wp\/v2\/product_cat?post=682"},{"taxonomy":"product_tag","embeddable":true,"href":"https:\/\/www.cy-chemicals.com\/tr\/wp-json\/wp\/v2\/product_tag?post=682"}],"curies":[{"name":"wp","href":"https:\/\/api.w.org\/{rel}","templated":true}]}}