{"id":681,"date":"2024-04-10T16:42:17","date_gmt":"2024-04-10T08:42:17","guid":{"rendered":"https:\/\/www.cy-chemicals.com\/?post_type=product&#038;p=681"},"modified":"2024-04-23T12:09:38","modified_gmt":"2024-04-23T04:09:38","slug":"phpa","status":"publish","type":"product","link":"https:\/\/www.cy-chemicals.com\/tr\/product\/phpa\/","title":{"rendered":"PHPA'n\u0131n"},"content":{"rendered":"<p>Hidrolizlenebilir poliakrilamid (PHPA), sondaj end\u00fcstrisinde yayg\u0131n olarak kullan\u0131lan y\u00fcksek molek\u00fcler bir polimerdir. \u0130yi hidroliz performans\u0131 ve y\u00fcksek viskozite sahiptir, bu da sondaj s\u0131v\u0131s\u0131n\u0131n ve kesimlerin ta\u015f\u0131nmas\u0131n\u0131n s\u00fcspansiyon yetene\u011fini etkili bir \u015fekilde geli\u015ftirebilir. yetene\u011fi, b\u00f6ylece kuyu duvar\u0131n\u0131 korumak, sondaj h\u0131z\u0131n\u0131 art\u0131rmak ve matkap yap\u0131\u015fmas\u0131n\u0131 \u00f6nlemek.<br \/>\nHidrolizlenebilir poliakrilamidin (PHPA) sondajda uygulanmas\u0131 esas olarak a\u015fa\u011f\u0131daki y\u00f6nlerde yans\u0131t\u0131l\u0131r:<\/p>\n<p>Flok\u00fclasyon: Hidrolizlenebilir poliakrilamid g\u00fc\u00e7l\u00fc flok\u00fclasyon \u00f6zelliklerine sahiptir ve sondaj s\u0131ras\u0131nda \u00e7amur ve kesimleri flok\u00fcle edebilir ve daha b\u00fcy\u00fck flok\u00fclasyon gruplar\u0131 olu\u015fturabilir.<\/p>\n<p>Sondaj s\u0131v\u0131s\u0131n\u0131n reolojisinin ayarlanmas\u0131: Sondaj s\u0131v\u0131s\u0131 d\u00fczenleyicisi olarak, poliakrilamid hidrolizasyonu yoluyla elde edilen hidroliz edilmi\u015f poliakrilamid (PHPA) s\u0131kl\u0131kla kullan\u0131l\u0131r. Onun i\u015flevi, sondaj s\u0131v\u0131s\u0131n\u0131n reolojisini ayarlamak, kesimleri ta\u015f\u0131mak, matkap ucunu ya\u011flamak, s\u0131v\u0131 kayb\u0131n\u0131 azaltmak vb.<\/p>\n<p>Kuyu duvar\u0131n\u0131n \u00e7\u00f6kmesini \u00f6nlemek: Hidrolizlenebilir poliakrilamid (PHPA), sondaj s\u0131v\u0131s\u0131ndaki sol par\u00e7ac\u0131klar\u0131n\u0131 koruyabilir ve \u00e7ok noktal\u0131 adsorpsyon, jel koruma ve s\u0131zd\u0131rmazl\u0131k etkileri yoluyla kuyu duvar\u0131n\u0131n \u00e7\u00f6kmesini \u00f6nleyebilir.<\/p>\n<p>Takma etkisi: Sondaj s\u00fcreci s\u0131ras\u0131nda, sondaj s\u0131v\u0131s\u0131 jeolojik yap\u0131 nedeniyle su kaybedecek. Poliakrilamid, \u00e7atlaklarda ve gev\u015fek kaya olu\u015fumlar\u0131nda s\u0131z\u0131nt\u0131lar\u0131 takmak i\u00e7in kullan\u0131labilir.<\/p>\n<p>Ya\u011flama ve istikrar\u0131 iyile\u015ftirin: Hidrolizlenebilir poliakrilamid (PHPA), \u00e7amurun ya\u011flama ve istikrar\u0131n\u0131 iyile\u015ftirebilir, sondaj \u00e7amurundaki su kayb\u0131n\u0131 azaltabilir, matkab\u0131 etkili bir \u015fekilde \u00f6nleyebilir ve s\u0131k\u0131\u015ft\u0131rabilir ve sondaj verimlili\u011fini art\u0131rabilir.<\/p>\n<p>\u00c7apraz ba\u011flant\u0131: \u00c7apraz ba\u011flant\u0131 da Al3, Fe3, Ca2 plazmas\u0131n\u0131n etkisi alt\u0131nda ger\u00e7ekle\u015febilir. Polimer bile\u015fi\u011finin bir k\u0131sm\u0131 do\u011frusal olarak kolloidal olarak de\u011fi\u015fir, suda \u00e7\u00f6z\u00fcnmez, kuyu duvar\u0131nda adsorbe edilir ve formasyon bo\u015fluklar\u0131n\u0131 tak\u0131r, sondaj s\u0131v\u0131s\u0131n\u0131n kayb\u0131n\u0131 \u00f6nler.<\/p>\n<p>Genel olarak, delmede hidroliz edilebilir poliakrilamid (PHPA) uygulamas\u0131, esasen flok\u00fclasyonda yans\u0131t\u0131l\u0131r, delme s\u0131v\u0131s\u0131n\u0131n reolojisini ayarlar, kuyu duvar\u0131n\u0131n \u00e7\u00f6kmesini \u00f6nler, s\u0131z\u0131nt\u0131lar\u0131 tak\u0131r, ya\u011flama ve istikrar\u0131 geli\u015ftirir ve \u00e7apraz ba\u011flar.<\/p>","protected":false},"excerpt":{"rendered":"<p>Hidrolizlenebilir poliakrilamid (PHPA), sondaj end\u00fcstrisinde yayg\u0131n olarak kullan\u0131lan y\u00fcksek molek\u00fcler bir polimerdir.<\/p>","protected":false},"featured_media":857,"comment_status":"open","ping_status":"closed","template":"","meta":{"_acf_changed":false},"product_cat":[22,26],"product_tag":[],"class_list":{"0":"post-681","1":"product","2":"type-product","3":"status-publish","4":"has-post-thumbnail","6":"product_cat-pam","7":"product_cat-phpa","9":"first","10":"instock","11":"shipping-taxable","12":"product-type-simple"},"acf":[],"_links":{"self":[{"href":"https:\/\/www.cy-chemicals.com\/tr\/wp-json\/wp\/v2\/product\/681","targetHints":{"allow":["GET"]}}],"collection":[{"href":"https:\/\/www.cy-chemicals.com\/tr\/wp-json\/wp\/v2\/product"}],"about":[{"href":"https:\/\/www.cy-chemicals.com\/tr\/wp-json\/wp\/v2\/types\/product"}],"replies":[{"embeddable":true,"href":"https:\/\/www.cy-chemicals.com\/tr\/wp-json\/wp\/v2\/comments?post=681"}],"wp:featuredmedia":[{"embeddable":true,"href":"https:\/\/www.cy-chemicals.com\/tr\/wp-json\/wp\/v2\/media\/857"}],"wp:attachment":[{"href":"https:\/\/www.cy-chemicals.com\/tr\/wp-json\/wp\/v2\/media?parent=681"}],"wp:term":[{"taxonomy":"product_cat","embeddable":true,"href":"https:\/\/www.cy-chemicals.com\/tr\/wp-json\/wp\/v2\/product_cat?post=681"},{"taxonomy":"product_tag","embeddable":true,"href":"https:\/\/www.cy-chemicals.com\/tr\/wp-json\/wp\/v2\/product_tag?post=681"}],"curies":[{"name":"wp","href":"https:\/\/api.w.org\/{rel}","templated":true}]}}