{"id":679,"date":"2024-04-10T16:41:39","date_gmt":"2024-04-10T08:41:39","guid":{"rendered":"https:\/\/www.cy-chemicals.com\/?post_type=product&#038;p=679"},"modified":"2024-04-25T11:30:09","modified_gmt":"2024-04-25T03:30:09","slug":"pac","status":"publish","type":"product","link":"https:\/\/www.cy-chemicals.com\/tr\/product\/pac\/","title":{"rendered":"PAC'nin"},"content":{"rendered":"<p>Polianionik sel\u00fcloz (PAC), do\u011fal sel\u00fclozun kimyasal modifikasyonundan yap\u0131lan su \u00e7\u00f6z\u00fcn\u00fcr bir sel\u00fcloz eter t\u00fcrevidir. Su \u00e7\u00f6z\u00fcn\u00fcr \u00f6nemli bir sel\u00fcloz eteridir ve beyaz veya hafif sar\u0131d\u0131r. Toz, toksik olmayan, kokusuz, suda \u00e7\u00f6z\u00fcnebilir, iyi \u0131s\u0131 direnci, tuz direnci ve g\u00fc\u00e7l\u00fc antibakteriyel \u00f6zelliklere sahiptir. Bu \u00fcr\u00fcnle form\u00fcle edilen \u00e7amur s\u0131v\u0131s\u0131 iyi su kayb\u0131 azaltma, inhibisyon ve y\u00fcksek s\u0131cakl\u0131k direncine sahiptir. Petrol sondaj\u0131nda, \u00f6zellikle tuzlu su kuyular\u0131nda ve deniz petrol sondaj\u0131nda yayg\u0131n olarak kullan\u0131l\u0131r.<\/p>\n<p>VEKEN polianyonik sel\u00fcloz PAC \u00fcr\u00fcnleri iki kategoriye ayr\u0131l\u0131r: y\u00fcksek viskozite (HV) ve d\u00fc\u015f\u00fck viskozite (LV). \u015eirketimizin ba\u011f\u0131ms\u0131z fikri m\u00fclkiyet haklar\u0131na sahip y\u00fcksek teknoloji \u00fcr\u00fcnleridir. Bir anionik sel\u00fcloz eteridir ve y\u00fcksek safl\u0131k, y\u00fcksek derecede de\u011fi\u015ftirme ve de\u011fi\u015ftirilmi\u015f atomlar\u0131n e\u015fit da\u011f\u0131l\u0131m\u0131 \u00f6zelliklerine sahiptir. Kal\u0131nla\u015ft\u0131r\u0131c\u0131, reoloji d\u00fczenleyici, su kayb\u0131n\u0131 azalt\u0131c\u0131 ajan vb. olarak kullan\u0131labilir. Y\u00fcksek viskozitli ve d\u00fc\u015f\u00fck viskozitli PAC'ler tatl\u0131 su ve deniz suyu \u00e7amurlar\u0131nda m\u00fckemmel filtre kayb\u0131 azaltma etkilerine sahiptir ve \u00e7amur uyumlulu\u011funda vazge\u00e7ilmez \u00fcr\u00fcnlerdir. \u015eirketimiz taraf\u0131ndan \u00fcretilen PAC, y\u00fcksek safl\u0131kta rafine edilmi\u015f bir \u00fcr\u00fcnd\u00fcr. G\u00f6r\u00fcn\u00fcm\u00fc kap\u0131 renkli bir ak\u0131c\u0131 tozdur ve su \u00e7\u00f6z\u00fcm\u00fc \u015feffaf bir viskoz s\u0131v\u0131d\u0131r. Su \u00e7\u00f6z\u00fcn\u00fcr bir polimer olarak, PAC a\u015fa\u011f\u0131daki i\u015flevlere ve \u00f6zelliklere sahiptir:<\/p>\n<p>1. H\u0131zla so\u011fuk veya s\u0131cak suda \u00e7\u00f6z\u00fcn;<\/p>\n<p>2. Kal\u0131nla\u015ft\u0131r\u0131c\u0131, reoloji kontrol ajan\u0131, yap\u0131\u015ft\u0131r\u0131c\u0131, istikrarlay\u0131c\u0131, koruyucu kolloid, ask\u0131ya alan ajan ve su tutma ajan\u0131 olarak kullan\u0131labilir;<\/p>\n<p>Petrol madencili\u011fi end\u00fcstrisinde, PAC, y\u00fcksek pulp oran\u0131 ve iyi tuz direnci ile tamamlama s\u0131v\u0131lar\u0131 haz\u0131rlamak i\u00e7in daha iyi bir sondaj \u00e7amur ar\u0131tma ajan\u0131 ve malzemesidir. Tatl\u0131 su bulama\u011f\u0131, deniz suyu bulama\u011f\u0131 ve doymu\u015f tuzlu su bulama\u011f\u0131 i\u00e7in PAC m\u00fckemmel bir s\u0131v\u0131 kayb\u0131 azaltma ar\u0131tma ajan\u0131d\u0131r ve iyi viskozite iyile\u015ftirme yetene\u011fi ve y\u00fcksek s\u0131cakl\u0131k direnci (150 \u00b0 C) yetene\u011fine sahiptir. Tatl\u0131 su, deniz suyu ve doymu\u015f tuzlu su tamamlama s\u0131v\u0131lar\u0131 haz\u0131rlamak i\u00e7in uygundur ve kalsiyum klor\u00fcr\u00fcn\u00fcn k\u00f6t\u00fcle\u015fmesi alt\u0131nda \u00e7e\u015fitli yo\u011funluklardaki tamamlama s\u0131v\u0131lar\u0131na haz\u0131rlanabilir ve tamamlama s\u0131v\u0131s\u0131n\u0131n belli bir viskozite ve d\u00fc\u015f\u00fck filtre kayb\u0131na sahip olmas\u0131n\u0131 sa\u011flayabilir. \u015eirketimiz taraf\u0131ndan \u00fcretilen y\u00fcksek viskozitli ve d\u00fc\u015f\u00fck viskozitli PAC \u00fcr\u00fcnleri GB \/ T 5005 standartlar\u0131na, Avrupa OCMA standartlar\u0131na ve API 13A standartlar\u0131na uymaktad\u0131r.<\/p>","protected":false},"excerpt":{"rendered":"<p>Polianionik sel\u00fcloz (PAC), do\u011fal sel\u00fclozun kimyasal modifikasyonundan yap\u0131lan su \u00e7\u00f6z\u00fcn\u00fcr bir sel\u00fcloz eter t\u00fcrevidir.<\/p>","protected":false},"featured_media":855,"comment_status":"open","ping_status":"closed","template":"","meta":{"_acf_changed":false},"product_cat":[20,19],"product_tag":[],"class_list":{"0":"post-679","1":"product","2":"type-product","3":"status-publish","4":"has-post-thumbnail","6":"product_cat-pac","7":"product_cat-polyanionic-cellulose","9":"first","10":"instock","11":"shipping-taxable","12":"product-type-simple"},"acf":[],"_links":{"self":[{"href":"https:\/\/www.cy-chemicals.com\/tr\/wp-json\/wp\/v2\/product\/679","targetHints":{"allow":["GET"]}}],"collection":[{"href":"https:\/\/www.cy-chemicals.com\/tr\/wp-json\/wp\/v2\/product"}],"about":[{"href":"https:\/\/www.cy-chemicals.com\/tr\/wp-json\/wp\/v2\/types\/product"}],"replies":[{"embeddable":true,"href":"https:\/\/www.cy-chemicals.com\/tr\/wp-json\/wp\/v2\/comments?post=679"}],"wp:featuredmedia":[{"embeddable":true,"href":"https:\/\/www.cy-chemicals.com\/tr\/wp-json\/wp\/v2\/media\/855"}],"wp:attachment":[{"href":"https:\/\/www.cy-chemicals.com\/tr\/wp-json\/wp\/v2\/media?parent=679"}],"wp:term":[{"taxonomy":"product_cat","embeddable":true,"href":"https:\/\/www.cy-chemicals.com\/tr\/wp-json\/wp\/v2\/product_cat?post=679"},{"taxonomy":"product_tag","embeddable":true,"href":"https:\/\/www.cy-chemicals.com\/tr\/wp-json\/wp\/v2\/product_tag?post=679"}],"curies":[{"name":"wp","href":"https:\/\/api.w.org\/{rel}","templated":true}]}}