{"id":675,"date":"2024-04-10T16:39:12","date_gmt":"2024-04-10T08:39:12","guid":{"rendered":"https:\/\/www.cy-chemicals.com\/?post_type=product&#038;p=675"},"modified":"2024-04-25T11:30:15","modified_gmt":"2024-04-25T03:30:15","slug":"cmc-2","status":"publish","type":"product","link":"https:\/\/www.cy-chemicals.com\/tr\/product\/cmc-2\/","title":{"rendered":"CMC'nin"},"content":{"rendered":"<p>Karboksimetilsel\u00fcloz (CMC) petrol sondaj\u0131nda \u00f6nemli uygulamalara sahiptir. \u0130\u015fte ana kullan\u0131mlar\u0131ndan baz\u0131lar\u0131:<\/p>\n<p>1. Filtrasyon kayb\u0131n\u0131 ve \u00e7amur kek kal\u0131nl\u0131\u011f\u0131n\u0131 azalt\u0131n: CMC, filtrasyon kayb\u0131n\u0131 \u00f6nemli \u00f6l\u00e7\u00fcde azaltabilir ve d\u00fc\u015f\u00fck kat\u0131 faz ve kat\u0131 faz olmayan sondaj s\u0131v\u0131lar\u0131nda \u00e7amur kek kal\u0131nl\u0131\u011f\u0131n\u0131 inceleyebilir.<\/p>\n<p>2. \u00c7amur istikrar\u0131n\u0131 art\u0131r\u0131n: CMC \u00e7amur i\u00e7in istikrarl\u0131 bir s\u00fcspansiyon sistemi olu\u015fturabilir ve y\u00fcksek s\u0131cakl\u0131klarda bile iyi bir istikrar\u0131 koruyabilir.<\/p>\n<p>3. \u00e7amur kirlili\u011fini \u00f6nlemek: CMC \u00e7e\u015fitli \u00e7\u00f6z\u00fcn\u00fcr tuzlar\u0131n kirlili\u011fine direnebilir, b\u00f6ylece sondaj s\u00fcreci s\u0131ras\u0131nda \u00e7amur kirlili\u011fini etkili bir \u015fekilde \u00f6nleyebilir.<\/p>\n<p>4. Sondaj verimlili\u011fini iyile\u015ftirin: CMC, kuyu duvar\u0131nda ince, sert, d\u00fc\u015f\u00fck ge\u00e7irimlilik filtre keki olu\u015fturabilir, b\u00f6ylece su kayb\u0131n\u0131 azaltabilir ve sondaj verimlili\u011fini iyile\u015ftirebilir.<\/p>\n<p>5. Kal\u0131p etkisini \u00f6nleyin: CMC i\u00e7eren \u00e7amur nadiren kal\u0131p taraf\u0131ndan etkilenir, bu nedenle y\u00fcksek bir pH de\u011ferini korumaya veya koruyucular\u0131 kullanmaya gerek yoktur<\/p>\n<p>Genel olarak, petrol sondaj\u0131nda CMC'nin uygulanmas\u0131 esasen \u00e7amurun performans\u0131n\u0131 iyile\u015ftirerek, sondaj verimlili\u011fini art\u0131rarak ve \u00e7amurun kirlili\u011fini azaltarak sondaj etkisini iyile\u015ftirmektir.<\/p>","protected":false},"excerpt":{"rendered":"<p>Karboksimetilsel\u00fcloz (CMC) petrol sondaj\u0131nda \u00f6nemli uygulamalara sahiptir.<\/p>","protected":false},"featured_media":854,"comment_status":"open","ping_status":"closed","template":"","meta":{"_acf_changed":false},"product_cat":[17,18],"product_tag":[],"class_list":{"0":"post-675","1":"product","2":"type-product","3":"status-publish","4":"has-post-thumbnail","6":"product_cat-carboxymethyl-cellulose","7":"product_cat-cmc","9":"first","10":"instock","11":"shipping-taxable","12":"product-type-simple"},"acf":[],"_links":{"self":[{"href":"https:\/\/www.cy-chemicals.com\/tr\/wp-json\/wp\/v2\/product\/675","targetHints":{"allow":["GET"]}}],"collection":[{"href":"https:\/\/www.cy-chemicals.com\/tr\/wp-json\/wp\/v2\/product"}],"about":[{"href":"https:\/\/www.cy-chemicals.com\/tr\/wp-json\/wp\/v2\/types\/product"}],"replies":[{"embeddable":true,"href":"https:\/\/www.cy-chemicals.com\/tr\/wp-json\/wp\/v2\/comments?post=675"}],"wp:featuredmedia":[{"embeddable":true,"href":"https:\/\/www.cy-chemicals.com\/tr\/wp-json\/wp\/v2\/media\/854"}],"wp:attachment":[{"href":"https:\/\/www.cy-chemicals.com\/tr\/wp-json\/wp\/v2\/media?parent=675"}],"wp:term":[{"taxonomy":"product_cat","embeddable":true,"href":"https:\/\/www.cy-chemicals.com\/tr\/wp-json\/wp\/v2\/product_cat?post=675"},{"taxonomy":"product_tag","embeddable":true,"href":"https:\/\/www.cy-chemicals.com\/tr\/wp-json\/wp\/v2\/product_tag?post=675"}],"curies":[{"name":"wp","href":"https:\/\/api.w.org\/{rel}","templated":true}]}}