{"id":1022,"date":"2024-04-25T11:19:48","date_gmt":"2024-04-25T03:19:48","guid":{"rendered":"https:\/\/www.cy-chemicals.com\/?post_type=product&#038;p=1022"},"modified":"2024-04-25T17:20:44","modified_gmt":"2024-04-25T09:20:44","slug":"xanthan-gum-food-grade","status":"publish","type":"product","link":"https:\/\/www.cy-chemicals.com\/tr\/product\/xanthan-gum-food-grade\/","title":{"rendered":"Xanthan Sakit G\u0131da S\u0131n\u0131f\u0131"},"content":{"rendered":"<p>Xantan sak\u0131\u015f\u0131\u011f\u0131 ve xantan sak\u0131\u015f\u0131\u011f\u0131 olarak da bilinen, Xanthomonas'\u0131n fermentasyonu ile \u00fcretilen h\u00fccre d\u0131\u015f\u0131 asidik bir heteropolisakaridtir.<\/p>\n<p>Xantan sak\u0131z \u00e7\u00f6z\u00fcm\u00fcn\u00fcn viskozitesi s\u0131cakl\u0131k de\u011fi\u015fiklikleriyle b\u00fcy\u00fck \u00f6l\u00e7\u00fcde de\u011fi\u015fmez.<br \/>\nIs\u0131t\u0131ld\u0131\u011f\u0131nda viskozite de\u011fi\u015fecek, ancak xantan sak\u0131\u015f\u0131\u011f\u0131n\u0131n suvu \u00e7\u00f6z\u00fcm\u00fcn\u00fcn 10-80 \u2103 aras\u0131nda neredeyse hi\u00e7bir viskozitesi yoktur. de\u011fi\u015fiklikler, d\u00fc\u015f\u00fck konsantrasyonlu suvu \u00e7\u00f6z\u00fcmler bile hala geni\u015f bir s\u0131cakl\u0131k aral\u0131\u011f\u0131nda istikrarl\u0131 y\u00fcksek viskozite g\u00f6sterir<br \/>\nHarcamak.  % 1 xantan sak\u0131z \u00e7\u00f6z\u00fcm\u00fc (% 1 potasyum klor\u00fcr i\u00e7eren) 25 \u00b0 C'den 120 \u00b0 C'ye kadar \u0131s\u0131t\u0131l\u0131r. Viskozitesi sadece %3 azal\u0131r.<\/p>\n<p>&nbsp;<\/p>\n<p>Ana kullan\u0131mlar: Sanayide, konserve ve \u015fi\u015felenmi\u015f g\u0131dalar, f\u0131r\u0131n g\u0131dalar\u0131, s\u00fct \u00fcr\u00fcnleri, dondurulmu\u015f g\u0131dalar, salata panjurlar\u0131, i\u00e7ecekler, biralama, \u015fekerler, kekler ve aksesuarlar vb. dahil olmak \u00fczere \u00e7e\u015fitli ama\u00e7lar i\u00e7in stabilizat\u00f6rler, kal\u0131nla\u015ft\u0131r\u0131c\u0131lar ve i\u015fleme yard\u0131mc\u0131lar\u0131 olarak kullan\u0131l\u0131r. G\u0131da yap\u0131rken akmas\u0131 ve d\u00f6kmesi kolay D\u00f6k\u00fcn, boru ta\u015f\u0131mas\u0131 kolay, enerji t\u00fcketimini azalt\u0131n.<\/p>","protected":false},"excerpt":{"rendered":"<p>Xantan sak\u0131\u015f\u0131\u011f\u0131 ve xantan sak\u0131\u015f\u0131\u011f\u0131 olarak da bilinen, Xanthomonas'\u0131n fermentasyonu ile \u00fcretilen h\u00fccre d\u0131\u015f\u0131 asidik bir heteropolisakaridtir.<\/p>","protected":false},"featured_media":1023,"comment_status":"open","ping_status":"closed","template":"","meta":{"_acf_changed":false},"product_cat":[15,42],"product_tag":[],"class_list":{"0":"post-1022","1":"product","2":"type-product","3":"status-publish","4":"has-post-thumbnail","6":"product_cat-xanthan-gum","7":"product_cat-xanthan-gum-food-grade","9":"first","10":"instock","11":"shipping-taxable","12":"product-type-simple"},"acf":[],"_links":{"self":[{"href":"https:\/\/www.cy-chemicals.com\/tr\/wp-json\/wp\/v2\/product\/1022","targetHints":{"allow":["GET"]}}],"collection":[{"href":"https:\/\/www.cy-chemicals.com\/tr\/wp-json\/wp\/v2\/product"}],"about":[{"href":"https:\/\/www.cy-chemicals.com\/tr\/wp-json\/wp\/v2\/types\/product"}],"replies":[{"embeddable":true,"href":"https:\/\/www.cy-chemicals.com\/tr\/wp-json\/wp\/v2\/comments?post=1022"}],"wp:featuredmedia":[{"embeddable":true,"href":"https:\/\/www.cy-chemicals.com\/tr\/wp-json\/wp\/v2\/media\/1023"}],"wp:attachment":[{"href":"https:\/\/www.cy-chemicals.com\/tr\/wp-json\/wp\/v2\/media?parent=1022"}],"wp:term":[{"taxonomy":"product_cat","embeddable":true,"href":"https:\/\/www.cy-chemicals.com\/tr\/wp-json\/wp\/v2\/product_cat?post=1022"},{"taxonomy":"product_tag","embeddable":true,"href":"https:\/\/www.cy-chemicals.com\/tr\/wp-json\/wp\/v2\/product_tag?post=1022"}],"curies":[{"name":"wp","href":"https:\/\/api.w.org\/{rel}","templated":true}]}}