{"id":1016,"date":"2024-04-25T11:14:37","date_gmt":"2024-04-25T03:14:37","guid":{"rendered":"https:\/\/www.cy-chemicals.com\/?post_type=product&#038;p=1016"},"modified":"2024-04-25T11:14:37","modified_gmt":"2024-04-25T03:14:37","slug":"npam","status":"publish","type":"product","link":"https:\/\/www.cy-chemicals.com\/tr\/product\/npam\/","title":{"rendered":"NPAM'\u0131n"},"content":{"rendered":"<p>Nonionik Poliakrilamid (NPAM), su ar\u0131tma, petrol madencili\u011fi, hamur ve ka\u011f\u0131t, tekstil bask\u0131 ve boyama ve di\u011fer alanlarda yayg\u0131n olarak kullan\u0131lan \u00f6nemli bir polimer bile\u015fiktir.<\/p>\n<p>NPAM, kimyasal form\u00fcl\u00fc (C3H5NO) n olan \u015farjs\u0131z bir polimerdir. Akrilamid monomerlerini polimerize ederek elde edilir. \u0130yonik poliakrilamidle kar\u015f\u0131la\u015ft\u0131r\u0131ld\u0131\u011f\u0131nda, NPAM \u015farjs\u0131zd\u0131r ve bu nedenle daha d\u00fc\u015f\u00fck iyon adsorpsiyon kapasitesine sahiptir.<\/p>\n<p>NPAM a\u015fa\u011f\u0131daki \u00f6zelliklere sahiptir:<\/p>\n<p>Y\u00fcksek su emici: Polimer yap\u0131s\u0131 nedeniyle NPAM, b\u00fcy\u00fck miktarda su emip kolloidal bir \u00e7\u00f6z\u00fcm olu\u015fturabilir.<\/p>\n<p>Y\u00fcksek viskozite: NPAM \u00e7\u00f6z\u00fcmleri y\u00fcksek viskoziteye sahiptir ve \u00e7e\u015fitli ko\u015fullarda kontrol edilebilir reolojik \u00f6zellikler geli\u015ftirebilir.<\/p>\n<p>\u0130yi istikrar: NPAM farkl\u0131 su kalitesi ko\u015fullar\u0131nda iyi istikrar koruyabilir ve kolayca bozulmaz.<\/p>\n<p>Toksik olmayan: NPAM \u00e7evre ve organizmalar i\u00e7in toksik de\u011fildir ve \u00e7evre kirlili\u011fine neden olmaz.<\/p>\n<p>NPAM, a\u015fa\u011f\u0131daki y\u00f6nler de dahil olmak \u00fczere bir\u00e7ok alanda yayg\u0131n olarak kullan\u0131l\u0131r:<\/p>\n<p>1. Su ar\u0131tma alan\u0131<br \/>\nM\u00fckemmel bir flok\u00fclant ve su ar\u0131tma ajan\u0131 olarak NPAM, kanalizasyon ar\u0131tma ve i\u00e7me suyu ar\u0131tma s\u00fcre\u00e7lerinde yayg\u0131n olarak kullan\u0131l\u0131r. S\u00fcspansiyon kat\u0131 maddeleri, koloidleri ve organik maddeleri etkili bir \u015fekilde \u00e7\u0131karabilir ve su kalitesini iyile\u015ftirebilir.<\/p>\n<p>2. Ya\u011f \u00e7\u0131karma alan\u0131<br \/>\nNPAM, petrol ara\u015ft\u0131rmas\u0131nda petrol yerini de\u011fi\u015ftirme ajan\u0131 olarak kullan\u0131labilir. Ya\u011f\u0131n ak\u0131\u015fkanl\u0131\u011f\u0131n\u0131 art\u0131rabilir ve ya\u011f geri kazan\u0131m\u0131n\u0131 iyile\u015ftirebilir. Ayr\u0131ca, NPAM su s\u0131z\u0131nt\u0131s\u0131n\u0131 \u00f6nlemek ve yeralt\u0131 su at\u0131klar\u0131n\u0131 azaltmak i\u00e7in de kullan\u0131labilir.<\/p>\n<p>3. Hamur ve ka\u011f\u0131t end\u00fcstrisi<br \/>\nNPAM, hamur ve ka\u011f\u0131t yap\u0131m s\u00fcre\u00e7lerinde katk\u0131 maddesi olarak kullan\u0131labilir. Pulpan viskozitesini ve g\u00fcc\u00fcn\u00fc art\u0131rabilir ve ka\u011f\u0131t kalitesini iyile\u015ftirebilir.<\/p>\n<p>4. Tekstil bask\u0131 ve boyama alan\u0131<br \/>\nNPAM, tekstil bask\u0131 ve boya end\u00fcstrisinde bir da\u011f\u0131t\u0131c\u0131 ve kal\u0131nla\u015ft\u0131r\u0131c\u0131 olarak kullan\u0131labilir. Boya da\u011f\u0131l\u0131m\u0131 ve s\u0131v\u0131labilirli\u011fini geli\u015ftirir.<\/p>\n<p>&nbsp;<\/p>","protected":false},"excerpt":{"rendered":"<p>Nonionik Poliakrilamid (NPAM), su ar\u0131tma, petrol madencili\u011fi, hamur ve ka\u011f\u0131t, tekstil bask\u0131 ve boyama ve di\u011fer alanlarda yayg\u0131n olarak kullan\u0131lan \u00f6nemli bir polimer bile\u015fiktir.<\/p>","protected":false},"featured_media":1021,"comment_status":"open","ping_status":"closed","template":"","meta":{"_acf_changed":false},"product_cat":[25,22],"product_tag":[],"class_list":{"0":"post-1016","1":"product","2":"type-product","3":"status-publish","4":"has-post-thumbnail","6":"product_cat-npam","7":"product_cat-pam","9":"first","10":"instock","11":"shipping-taxable","12":"product-type-simple"},"acf":[],"_links":{"self":[{"href":"https:\/\/www.cy-chemicals.com\/tr\/wp-json\/wp\/v2\/product\/1016","targetHints":{"allow":["GET"]}}],"collection":[{"href":"https:\/\/www.cy-chemicals.com\/tr\/wp-json\/wp\/v2\/product"}],"about":[{"href":"https:\/\/www.cy-chemicals.com\/tr\/wp-json\/wp\/v2\/types\/product"}],"replies":[{"embeddable":true,"href":"https:\/\/www.cy-chemicals.com\/tr\/wp-json\/wp\/v2\/comments?post=1016"}],"wp:featuredmedia":[{"embeddable":true,"href":"https:\/\/www.cy-chemicals.com\/tr\/wp-json\/wp\/v2\/media\/1021"}],"wp:attachment":[{"href":"https:\/\/www.cy-chemicals.com\/tr\/wp-json\/wp\/v2\/media?parent=1016"}],"wp:term":[{"taxonomy":"product_cat","embeddable":true,"href":"https:\/\/www.cy-chemicals.com\/tr\/wp-json\/wp\/v2\/product_cat?post=1016"},{"taxonomy":"product_tag","embeddable":true,"href":"https:\/\/www.cy-chemicals.com\/tr\/wp-json\/wp\/v2\/product_tag?post=1016"}],"curies":[{"name":"wp","href":"https:\/\/api.w.org\/{rel}","templated":true}]}}