{"id":1011,"date":"2024-04-25T11:10:14","date_gmt":"2024-04-25T03:10:14","guid":{"rendered":"https:\/\/www.cy-chemicals.com\/?post_type=product&#038;p=1011"},"modified":"2024-04-25T11:10:14","modified_gmt":"2024-04-25T03:10:14","slug":"cpam","status":"publish","type":"product","link":"https:\/\/www.cy-chemicals.com\/tr\/product\/cpam\/","title":{"rendered":"CPAM'\u0131n"},"content":{"rendered":"<p>Katyonik poliakrilamid, suda kolayca \u00e7\u00f6z\u00fcn\u00fcr ve etanol ve aseton gibi organik \u00e7\u00f6z\u00fcc\u00fclerde \u00e7\u00f6z\u00fcnmez olan suda \u00e7\u00f6z\u00fcn\u00fcr bir polimer polielektrolittir.<\/p>\n<p>&nbsp;<\/p>\n<p>1. \u00dcr\u00fcn genel bak\u0131\u015f (Katiyonik poliakrilamid)<\/p>\n<p>\u015eirketimiz&#8217; s katyonik em\u00fclsiyon tipi flokulyant, katyonik kuru toz flokulyantlar\u0131n\u0131n avantajlar\u0131n\u0131 koruman\u0131n yan\u0131 s\u0131ra, b\u00fcy\u00fck y\u00fck yo\u011funlu\u011fu se\u00e7icili\u011fi, \u00e7\u00f6z\u00fcnme h\u0131z\u0131, kolay ta\u015f\u0131ma, depolama ve h\u0131zl\u0131 kullan\u0131m \u00f6zelliklerine sahiptir. Geleneksel \u00fcr\u00fcnlerle kar\u015f\u0131la\u015ft\u0131r\u0131ld\u0131\u011f\u0131nda, geni\u015f bir uygulanabilir pH aral\u0131\u011f\u0131, y\u00fcksek y\u00fck istikrar\u0131, iyi flok\u00fclasyon etkisi ve d\u00fc\u015f\u00fck doza sahiptir. \u00c7e\u015fitli evcil at\u0131k sular\u0131, kimyasal at\u0131k sular\u0131, \u00e7amur dehidrasyonu ar\u0131tmas\u0131, ka\u011f\u0131t yap\u0131m\u0131 ve di\u011fer alanlarda yayg\u0131n olarak kullan\u0131labilir.<\/p>\n<p>2. Nas\u0131l kullan\u0131l\u0131r<\/p>\n<p>(1) Bu \u00fcr\u00fcn\u00fc kullanmadan \u00f6nce m\u00fcmk\u00fcn oldu\u011funca sallay\u0131n;<\/p>\n<p>(2) \u00c7\u00f6z\u00fcnme i\u015flemi s\u0131ras\u0131nda su eklerken bu \u00fcr\u00fcn\u00fc ekleyin. \u00c7\u00f6z\u00fcnme konsantrasyonunu 3-5 \u2030 \u00fczerinde kontrol etmek \u00f6nerilir ve ya\u015flanma s\u00fcresi tercihen yakla\u015f\u0131k 25 dakikad\u0131r;<\/p>\n<p>(3) Ta\u015f\u0131ma s\u0131ras\u0131nda santrif\u00fcj pompalar gibi y\u00fcksek kesme rotor pompalar\u0131 kullanmaktan ka\u00e7\u0131n\u0131n. Vidal\u0131 pompalar ve diyafram pompalar\u0131 gibi d\u00fc\u015f\u00fck kesme pompalar\u0131 kullanmak en iyisidir;<\/p>\n<p>(4) \u00c7\u00f6z\u00fcmleme i\u015flemi plastik, seramik, paslanmaz \u00e7elik ve di\u011fer malzemelerden yap\u0131lm\u0131\u015f bir tankta ger\u00e7ekle\u015ftirilmelidir. Kar\u0131\u015ft\u0131rma h\u0131z\u0131 \u00e7ok y\u00fcksek olmamal\u0131 ve \u0131s\u0131tma gerekmez.<\/p>\n<p>(5) Haz\u0131rlanan seyreltilmi\u015f \u00e7\u00f6z\u00fcm uzun s\u00fcre saklanmamal\u0131d\u0131r. Kullan\u0131ld\u0131\u011f\u0131nda \u00e7\u00f6z\u00fclmesi en iyisidir;<\/p>\n<p>(6) Bu \u00fcr\u00fcn at\u0131k suyu ar\u0131tmak i\u00e7in inorganik koag\u00fclan ile kombinasyonda kullan\u0131ld\u0131\u011f\u0131nda, \u00f6nce inorganik koag\u00fclan eklenmelidir. A\u00e7\u0131k bir \u00e7i\u00e7ek a\u00e7\u0131ld\u0131\u011f\u0131nda (genellikle aral\u0131k yakla\u015f\u0131k 30-60 saniyedir), bu \u00fcr\u00fcn\u00fc ekleyin. Sipari\u015fi tersine \u00e7evirmeyin. Ayn\u0131 anda eklenemez.<\/p>\n<p>3. Depolama talimatlar\u0131<\/p>\n<p>(1) Depolama s\u00fcresi genellikle oda s\u0131cakl\u0131\u011f\u0131nda hava ge\u00e7irmez bir konteynerde 6 ayd\u0131r ve \u0131\u015f\u0131ktan korunmaktad\u0131r;<\/p>\n<p>(2) K\u00fc\u00e7\u00fck varillerde depolan\u0131rken, tam kar\u0131\u015ft\u0131rma elde etmek ve katmanla\u015fmay\u0131 \u00f6nlemek i\u00e7in d\u00fczenli d\u00f6nme ve sallama dikkatine dikkat edilmelidir;<\/p>\n<p>(3) B\u00fcy\u00fck bir konteynerde saklay\u0131rken, konteynerin alt\u0131na ula\u015fabilecek ve d\u00fczenli olarak a\u00e7\u0131labilecek \u00e7ok yaprakl\u0131 bir kar\u0131\u015ft\u0131r\u0131c\u0131 y\u00fckleyin veya tam kar\u0131\u015ft\u0131rmay\u0131 sa\u011flamak ve katmanla\u015fmay\u0131 \u00f6nlemek i\u00e7in d\u00fczenli olarak dola\u015f\u0131m ve kar\u0131\u015ft\u0131rmak i\u00e7in bir dola\u015f\u0131m pompas\u0131 y\u00fckleyin.<\/p>\n<p>(4) Optimum depolama s\u0131cakl\u0131\u011f\u0131 50-80 \u00b0 F (10-27 \u00b0 C) dir. \u00dcr\u00fcn dondurulamaz, aksi takdirde performans\u0131 etkilenecektir.<\/p>\n<p>(5) \u00dcr\u00fcn donursa, daha y\u00fcksek s\u0131cakl\u0131\u011fa sahip bir yere ta\u015f\u0131y\u0131n ve yava\u015f yava\u015f erimesine izin verin. Kullanmadan \u00f6nce iyice kar\u0131\u015ft\u0131r\u0131n ve 100 \u00f6rg\u00fcl\u00fc bir ekrandan filtre edin.<\/p>\n<p>&nbsp;<\/p>\n<p>&nbsp;<\/p>","protected":false},"excerpt":{"rendered":"<p>Katyonik poliakrilamid, suda kolayca \u00e7\u00f6z\u00fcn\u00fcr ve etanol ve aseton gibi organik \u00e7\u00f6z\u00fcc\u00fclerde \u00e7\u00f6z\u00fcnmez olan suda \u00e7\u00f6z\u00fcn\u00fcr bir polimer polielektrolittir.<\/p>","protected":false},"featured_media":1015,"comment_status":"open","ping_status":"closed","template":"","meta":{"_acf_changed":false},"product_cat":[24,22],"product_tag":[],"class_list":{"0":"post-1011","1":"product","2":"type-product","3":"status-publish","4":"has-post-thumbnail","6":"product_cat-cpam","7":"product_cat-pam","9":"first","10":"instock","11":"shipping-taxable","12":"product-type-simple"},"acf":[],"_links":{"self":[{"href":"https:\/\/www.cy-chemicals.com\/tr\/wp-json\/wp\/v2\/product\/1011","targetHints":{"allow":["GET"]}}],"collection":[{"href":"https:\/\/www.cy-chemicals.com\/tr\/wp-json\/wp\/v2\/product"}],"about":[{"href":"https:\/\/www.cy-chemicals.com\/tr\/wp-json\/wp\/v2\/types\/product"}],"replies":[{"embeddable":true,"href":"https:\/\/www.cy-chemicals.com\/tr\/wp-json\/wp\/v2\/comments?post=1011"}],"wp:featuredmedia":[{"embeddable":true,"href":"https:\/\/www.cy-chemicals.com\/tr\/wp-json\/wp\/v2\/media\/1015"}],"wp:attachment":[{"href":"https:\/\/www.cy-chemicals.com\/tr\/wp-json\/wp\/v2\/media?parent=1011"}],"wp:term":[{"taxonomy":"product_cat","embeddable":true,"href":"https:\/\/www.cy-chemicals.com\/tr\/wp-json\/wp\/v2\/product_cat?post=1011"},{"taxonomy":"product_tag","embeddable":true,"href":"https:\/\/www.cy-chemicals.com\/tr\/wp-json\/wp\/v2\/product_tag?post=1011"}],"curies":[{"name":"wp","href":"https:\/\/api.w.org\/{rel}","templated":true}]}}