{"id":1001,"date":"2024-04-25T11:02:43","date_gmt":"2024-04-25T03:02:43","guid":{"rendered":"https:\/\/www.cy-chemicals.com\/?post_type=product&#038;p=1001"},"modified":"2024-04-25T17:23:39","modified_gmt":"2024-04-25T09:23:39","slug":"apam","status":"publish","type":"product","link":"https:\/\/www.cy-chemicals.com\/tr\/product\/apam\/","title":{"rendered":"APAM'\u0131n"},"content":{"rendered":"<p>Anionik poliakrilamid (APAM), suda \u00e7\u00f6z\u00fcn\u00fcr bir polimerdir.<\/p>\n<p>&nbsp;<\/p>\n<p>1\u3001\u00dcr\u00fcn \u00f6zellikleri<\/p>\n<p>\u0130yonik olmayan poliakrilamid, y\u00fcksek molek\u00fcler a\u011f\u0131rl\u0131\u011f\u0131 ve d\u00fc\u015f\u00fck iyonik g\u00fcc\u00fcne sahip bir polimerdir. Flok\u00fclasyon, da\u011f\u0131l\u0131m, yap\u0131\u015fkan, yap\u0131\u015fkan, film \u015fekillendirme, jel ve istikrarlay\u0131c\u0131 kolloid vard\u0131r. Flokulyant\u0131n\u0131n pH de\u011feri ve tuzu \u00fczerinde az etkisi vard\u0131r ve etkisi asidik at\u0131k su ar\u0131tmas\u0131nda anionik polimerden daha iyidir.<\/p>\n<p>2. \u00dcr\u00fcn kullan\u0131m\u0131<\/p>\n<p>End\u00fcstriyel at\u0131k su tank\u0131 ar\u0131tmas\u0131 ve i\u00e7me suyu ar\u0131tmas\u0131, petrol sahas\u0131 profili kontrol\u00fc ve su kapatma katk\u0131 maddesi, sondaj \u00e7amur katk\u0131 maddesi, ka\u011f\u0131t yap\u0131m\u0131 katk\u0131 maddesi vb. i\u00e7in flok\u00fclan olarak kullan\u0131l\u0131r.<\/p>\n<p>&nbsp;<\/p>\n<p>3. Kullan\u0131m talimatlar\u0131<\/p>\n<p>(1) Genellikle \u00fcr\u00fcn\u00fc% 0,05'e haz\u0131rlay\u0131n &#8211; Bekleme durumunda (w \/ w) 0,5% \u00e7\u00f6z\u00fcm.<\/p>\n<p>(2) \u00c7\u00f6z\u00fcn\u00fcrken, \u00fcr\u00fcn e\u015fit bir \u015fekilde da\u011f\u0131l\u0131r ve \u00e7\u00f6z\u00fcnmeye yard\u0131mc\u0131 olmak i\u00e7in kar\u0131\u015ft\u0131r\u0131lmal\u0131d\u0131r.<\/p>\n<p>(3) Kullan\u0131mda oldu\u011funda, su kalitesini etkilemek kolay olan metal malzemelerin ve di\u011fer \u00e7\u00f6z\u00fcc\u00fc tanklar ve havuzlar\u0131n kullan\u0131m\u0131ndan ka\u00e7\u0131n\u0131n.<\/p>\n<p>(4) Su s\u0131cakl\u0131\u011f\u0131n\u0131n artmas\u0131 \u00e7\u00f6z\u00fcnme h\u0131z\u0131n\u0131 h\u0131zland\u0131rabilir, ancak genellikle su s\u0131cakl\u0131\u011f\u0131 50 \u2103 'yi ge\u00e7emez.<\/p>\n<p>&nbsp;<\/p>\n<p>4. \u00dcr\u00fcn ambalaj\u0131<\/p>\n<p>\u00dcr\u00fcnler bir kompozit torbada \u00fc\u00e7 ka\u011f\u0131t plastikte paketlenir, her torba 25kg veya kullan\u0131c\u0131lar\u0131n ihtiya\u00e7lar\u0131na g\u00f6re belirlenir; Raf \u00f6mr\u00fc 2 y\u0131ld\u0131r.<\/p>\n<p>5.Precautions<\/p>\n<p>\u00dcr\u00fcn nemleri emmek kolayd\u0131r. Ne ve neme dikkat edin. So\u011fuk, havaland\u0131r\u0131lm\u0131\u015f ve kuru depoda saklay\u0131n.<\/p>","protected":false},"excerpt":{"rendered":"<p>Anionik poliakrilamid (APAM), suda \u00e7\u00f6z\u00fcn\u00fcr bir polimerdir.<\/p>","protected":false},"featured_media":1002,"comment_status":"open","ping_status":"closed","template":"","meta":{"_acf_changed":false},"product_cat":[23,22],"product_tag":[],"class_list":{"0":"post-1001","1":"product","2":"type-product","3":"status-publish","4":"has-post-thumbnail","6":"product_cat-apam","7":"product_cat-pam","9":"first","10":"instock","11":"shipping-taxable","12":"product-type-simple"},"acf":[],"_links":{"self":[{"href":"https:\/\/www.cy-chemicals.com\/tr\/wp-json\/wp\/v2\/product\/1001","targetHints":{"allow":["GET"]}}],"collection":[{"href":"https:\/\/www.cy-chemicals.com\/tr\/wp-json\/wp\/v2\/product"}],"about":[{"href":"https:\/\/www.cy-chemicals.com\/tr\/wp-json\/wp\/v2\/types\/product"}],"replies":[{"embeddable":true,"href":"https:\/\/www.cy-chemicals.com\/tr\/wp-json\/wp\/v2\/comments?post=1001"}],"wp:featuredmedia":[{"embeddable":true,"href":"https:\/\/www.cy-chemicals.com\/tr\/wp-json\/wp\/v2\/media\/1002"}],"wp:attachment":[{"href":"https:\/\/www.cy-chemicals.com\/tr\/wp-json\/wp\/v2\/media?parent=1001"}],"wp:term":[{"taxonomy":"product_cat","embeddable":true,"href":"https:\/\/www.cy-chemicals.com\/tr\/wp-json\/wp\/v2\/product_cat?post=1001"},{"taxonomy":"product_tag","embeddable":true,"href":"https:\/\/www.cy-chemicals.com\/tr\/wp-json\/wp\/v2\/product_tag?post=1001"}],"curies":[{"name":"wp","href":"https:\/\/api.w.org\/{rel}","templated":true}]}}