{"id":682,"date":"2024-04-10T16:43:07","date_gmt":"2024-04-10T08:43:07","guid":{"rendered":"https:\/\/www.cy-chemicals.com\/?post_type=product&#038;p=682"},"modified":"2024-04-25T17:28:26","modified_gmt":"2024-04-25T09:28:26","slug":"xg-2","status":"publish","type":"product","link":"https:\/\/www.cy-chemicals.com\/pt\/product\/xg-2\/","title":{"rendered":"Xanthan gum Oil drilling grade"},"content":{"rendered":"<p>A goma xanthan de perfura\u00e7\u00e3o de petr\u00f3leo \u00e9 um aditivo eficiente e ecol\u00f3gico de lama de perfura\u00e7\u00e3o de petr\u00f3leo, adequado para temperaturas (\u226594\u00b0C),<br \/>\nO \u00e1cido, os alc\u00e1licos e o sal t\u00eam excelente toler\u00e2ncia, o que pode melhorar significativamente a permeabilidade da lama e a capacidade de suspender mat\u00e9ria s\u00f3lida, estabilizar a parede do po\u00e7o e reduzir os danos ao reservat\u00f3rio de petr\u00f3leo, melhorando significativamente a efici\u00eancia da perfura\u00e7\u00e3o, opera\u00e7\u00e3o e trabalho de conclus\u00e3o. Este produto tem boa resist\u00eancia \u00e0 temperatura e sal e boa dilui\u00e7\u00e3o de corte e efeitos de suspens\u00e3o de part\u00edculas. Portanto, \u00e9 um aditivo ideal de lama para perfura\u00e7\u00e3o offshore. Pode permanecer est\u00e1vel por muito tempo sob \u00e1gua salgada saturada e uma temperatura de 85\u00b0C. Portanto, \u00e9 um agente ideal de substitui\u00e7\u00e3o de \u00f3leo em campos de \u00f3leo de alta temperatura e de alta sal. Xanthan gum \u00e9 uma gum biol\u00f3gica que integra espessamento, suspens\u00e3o, emulsifica\u00e7\u00e3o e estabiliza\u00e7\u00e3o. A goma Xanthan tem as propriedades gerais de pol\u00edmeros de longa cadeia, mas cont\u00e9m mais grupos funcionais do que pol\u00edmeros comuns e mostrar\u00e1 baixo desempenho em condi\u00e7\u00f5es espec\u00edficas. Sua conforma\u00e7\u00e3o em solu\u00e7\u00e3o aquosa \u00e9 diversa e mostra propriedades diferentes em diferentes condi\u00e7\u00f5es.<\/p>\n<p>Propriedades suspensas e emulsionantes<\/p>\n<p>A goma Xanthan tem um bom efeito de suspens\u00e3o em s\u00f3lidos insol\u00faveis e gotas de \u00f3leo. As mol\u00e9culas de sol de goma Xanthan podem formar cop\u00f3limeres helicais super ligados em form a de cintas, formando uma estrutura de rede fr\u00e1gil como cola, para que possam suportar a forma de part\u00edculas s\u00f3lidas, gotas e bolhas, mostrando forte estabiliza\u00e7\u00e3o de emuls\u00e3o e alta capacidade de suspens\u00e3o.<\/p>\n<p>\u00e1gua sol\u00favel<\/p>\n<p>A goma Xanthan pode se dissolver rapidamente na \u00e1gua e tem boa solubilidade em \u00e1gua. Especialmente ele tamb\u00e9m pode ser dissolvido em \u00e1gua fria, o que pode salvar o processo de processamento complicado e \u00e9 f\u00e1cil de usar. No entanto, devido \u00e0 sua hidrofilicidade, se uma pequena quantidade de \u00e1gua for adicionada diretamente e a mistura \u00e9 insuficiente, a camada externa absorver\u00e1 \u00e1gua e inchar\u00e1 em micelas, o que impedir\u00e1 a \u00e1gua entrar na camada interna e afetar o desempenho da fun\u00e7\u00e3o. Portanto, deve ser cuidado de us\u00e1-la corretamente. Mexer p\u00f3 seco de goma xanthan ou acess\u00f3rios de p\u00f3 seco como sal e a \u00e7\u00facar de forma equivalente, ent\u00e3o lentamente a adicionar \u00e0 \u00e1gua misturadora para fazer uma solu\u00e7\u00e3o para uso.<\/p>","protected":false},"excerpt":{"rendered":"<p>A goma xanthan de perfura\u00e7\u00e3o de petr\u00f3leo \u00e9 um aditivo eficiente e ecol\u00f3gico de lama de perfura\u00e7\u00e3o de petr\u00f3leo.<\/p>","protected":false},"featured_media":856,"comment_status":"open","ping_status":"closed","template":"","meta":{"_acf_changed":false},"product_cat":[15],"product_tag":[],"class_list":{"0":"post-682","1":"product","2":"type-product","3":"status-publish","4":"has-post-thumbnail","6":"product_cat-xanthan-gum","8":"first","9":"instock","10":"shipping-taxable","11":"product-type-simple"},"acf":[],"_links":{"self":[{"href":"https:\/\/www.cy-chemicals.com\/pt\/wp-json\/wp\/v2\/product\/682","targetHints":{"allow":["GET"]}}],"collection":[{"href":"https:\/\/www.cy-chemicals.com\/pt\/wp-json\/wp\/v2\/product"}],"about":[{"href":"https:\/\/www.cy-chemicals.com\/pt\/wp-json\/wp\/v2\/types\/product"}],"replies":[{"embeddable":true,"href":"https:\/\/www.cy-chemicals.com\/pt\/wp-json\/wp\/v2\/comments?post=682"}],"wp:featuredmedia":[{"embeddable":true,"href":"https:\/\/www.cy-chemicals.com\/pt\/wp-json\/wp\/v2\/media\/856"}],"wp:attachment":[{"href":"https:\/\/www.cy-chemicals.com\/pt\/wp-json\/wp\/v2\/media?parent=682"}],"wp:term":[{"taxonomy":"product_cat","embeddable":true,"href":"https:\/\/www.cy-chemicals.com\/pt\/wp-json\/wp\/v2\/product_cat?post=682"},{"taxonomy":"product_tag","embeddable":true,"href":"https:\/\/www.cy-chemicals.com\/pt\/wp-json\/wp\/v2\/product_tag?post=682"}],"curies":[{"name":"wp","href":"https:\/\/api.w.org\/{rel}","templated":true}]}}