{"id":681,"date":"2024-04-10T16:42:17","date_gmt":"2024-04-10T08:42:17","guid":{"rendered":"https:\/\/www.cy-chemicals.com\/?post_type=product&#038;p=681"},"modified":"2024-04-23T12:09:38","modified_gmt":"2024-04-23T04:09:38","slug":"phpa","status":"publish","type":"product","link":"https:\/\/www.cy-chemicals.com\/pt\/product\/phpa\/","title":{"rendered":"PHPA"},"content":{"rendered":"<p>Poliacrilamida hidrolizable (PHPA) \u00e9 um pol\u00edmero molecular alto que \u00e9 amplamente utilizado na ind\u00fastria de perfura\u00e7\u00e3o. Tem bom desempenho de hidr\u00f3lise e alta viscosidade, o que pode efetivamente melhorar a capacidade de suspens\u00e3o de fluido perfurador e carregar cortes. - habilidade, protegendo assim a parede do po\u00e7o, aumentando a velocidade de perfura\u00e7\u00e3o e prevenindo a ades\u00e3o da perfura\u00e7\u00e3o.<br \/>\nA aplica\u00e7\u00e3o de poliacrilamida hidrolizable (PHPA) na perfura\u00e7\u00e3o \u00e9 refletida principalmente nos seguintes aspectos:<\/p>\n<p>Flocula\u00e7\u00e3o: A poliacrilamida hidrolizable tem fortes propriedades de flocula\u00e7\u00e3o e pode flocular lama e cortes durante a perfura\u00e7\u00e3o para formar grupos de flocula\u00e7\u00e3o maiores, o que facilita a limpeza do fundo do po\u00e7o.<\/p>\n<p>Axustar a reologia do fluido de perfura\u00e7\u00e3o: Como regulador de fluido de perfura\u00e7\u00e3o, \u00e9 frequentemente utilizado poliacrilamido hidrolizado (PHPA), que \u00e9 obtido pela hidroliza\u00e7\u00e3o de poliacrilamido. Sua fun\u00e7\u00e3o \u00e9 ajustar a reologia do fluido de perfura\u00e7\u00e3o, carregar cortes, lubrificar o bit da perfura\u00e7\u00e3o, reduzir a perda de fluido, etc.<\/p>\n<p>Prever o colapso do po\u00e7o parede: Poliacrilamida hidrolizable (PHPA) pode proteger as part\u00edculas do sol no fluido de perfura\u00e7\u00e3o e evitar o colapso do po\u00e7o parede atrav\u00e9s de adsor\u00e7\u00e3o multiponto, prote\u00e7\u00e3o do gel e efeitos de selagem.<\/p>\n<p>Efeito de conex\u00e3o: Durante o processo de perfura\u00e7\u00e3o, o fluido de perfura\u00e7\u00e3o perder\u00e1 \u00e1gua devido \u00e0 estrutura geol\u00f3gica. Polyacrylamide pode ser usado para conectar vazamentos em quebra e forma\u00e7\u00f5es rochosas soltas.<\/p>\n<p>Melhorar a lubrifica\u00e7\u00e3o e a estabilidade: Poliacrilamida hidrolizable (PHPA) pode melhorar a lubrifica\u00e7\u00e3o e a estabilidade da lama, reduzir a perda de \u00e1gua na lama de perfura\u00e7\u00e3o, efetivamente prevenir e desbloquear a perfura\u00e7\u00e3o e melhorar a efici\u00eancia da perfura\u00e7\u00e3o.<\/p>\n<p>Liga\u00e7\u00e3o cruzada: Liga\u00e7\u00e3o cruzada tamb\u00e9m pode ocorrer sob a a\u00e7\u00e3o do plasma Al3, Fe3, Ca2. Parte do composto de pol\u00edmero muda de linear a coloidal, insol\u00favel na \u00e1gua, adsorbido na parede do po\u00e7o e conecta os vazios de forma\u00e7\u00e3o, evitando a perda de fluido de perfura\u00e7\u00e3o.<\/p>\n<p>Em geral, a aplica\u00e7\u00e3o de poliacrilamida hidrolizable (PHPA) na perfura\u00e7\u00e3o \u00e9 refletida principalmente na flocula\u00e7\u00e3o, ajustando a reologia do fluido perfurador, prevenindo o colapso da parede do po\u00e7o, bloqueando vazamentos, melhorando a lubricidade e a estabilidade, e ligando-se.<\/p>","protected":false},"excerpt":{"rendered":"<p>Poliacrilamida hidrolizable (PHPA) \u00e9 um pol\u00edmero molecular alto que \u00e9 amplamente utilizado na ind\u00fastria de perfura\u00e7\u00e3o.<\/p>","protected":false},"featured_media":857,"comment_status":"open","ping_status":"closed","template":"","meta":{"_acf_changed":false},"product_cat":[22,26],"product_tag":[],"class_list":{"0":"post-681","1":"product","2":"type-product","3":"status-publish","4":"has-post-thumbnail","6":"product_cat-pam","7":"product_cat-phpa","9":"first","10":"instock","11":"shipping-taxable","12":"product-type-simple"},"acf":[],"_links":{"self":[{"href":"https:\/\/www.cy-chemicals.com\/pt\/wp-json\/wp\/v2\/product\/681","targetHints":{"allow":["GET"]}}],"collection":[{"href":"https:\/\/www.cy-chemicals.com\/pt\/wp-json\/wp\/v2\/product"}],"about":[{"href":"https:\/\/www.cy-chemicals.com\/pt\/wp-json\/wp\/v2\/types\/product"}],"replies":[{"embeddable":true,"href":"https:\/\/www.cy-chemicals.com\/pt\/wp-json\/wp\/v2\/comments?post=681"}],"wp:featuredmedia":[{"embeddable":true,"href":"https:\/\/www.cy-chemicals.com\/pt\/wp-json\/wp\/v2\/media\/857"}],"wp:attachment":[{"href":"https:\/\/www.cy-chemicals.com\/pt\/wp-json\/wp\/v2\/media?parent=681"}],"wp:term":[{"taxonomy":"product_cat","embeddable":true,"href":"https:\/\/www.cy-chemicals.com\/pt\/wp-json\/wp\/v2\/product_cat?post=681"},{"taxonomy":"product_tag","embeddable":true,"href":"https:\/\/www.cy-chemicals.com\/pt\/wp-json\/wp\/v2\/product_tag?post=681"}],"curies":[{"name":"wp","href":"https:\/\/api.w.org\/{rel}","templated":true}]}}