{"id":679,"date":"2024-04-10T16:41:39","date_gmt":"2024-04-10T08:41:39","guid":{"rendered":"https:\/\/www.cy-chemicals.com\/?post_type=product&#038;p=679"},"modified":"2024-04-25T11:30:09","modified_gmt":"2024-04-25T03:30:09","slug":"pac","status":"publish","type":"product","link":"https:\/\/www.cy-chemicals.com\/pt\/product\/pac\/","title":{"rendered":"PAC"},"content":{"rendered":"<p>A celulose poliani\u00f3nica (PAC), chamada PAC, \u00e9 um derivado de \u00e9ter de celulose sol\u00favel em \u00e1gua feito de modifica\u00e7\u00e3o qu\u00edmica da celulose natural. \u00c9 um \u00e9ter importante de celulose sol\u00favel em \u00e1gua e \u00e9 branco ou ligeiramente amarelo. Pobre, n\u00e3o t\u00f3xico, sem odor, pode ser dissolvido na \u00e1gua, tem boa resist\u00eancia ao calor, resist\u00eancia ao sal e fortes propriedades antibacteriais. O fluido de lama formulado com este produto tem uma boa redu\u00e7\u00e3o da perda de \u00e1gua, inibi\u00e7\u00e3o e resist\u00eancia \u00e0 alta temperatura. Muito usado na perfura\u00e7\u00e3o de petr\u00f3leo, especialmente nos po\u00e7os de \u00e1gua salgada e na perfura\u00e7\u00e3o de petr\u00f3leo offshore.<\/p>\n<p>Os produtos da celulose poliani\u00f4nica VEKEN s\u00e3o divididos em duas categorias: alta viscosidade (VH) e baixa viscosidade (VL). S\u00e3o produtos de alta tecnologia com direitos de propriedade intelectual independentes da nossa empresa. \u00c9 um \u00e9ter de celulose ani\u00f4nica e tem caracter\u00edsticas de alta puridade, alto grau de substitui\u00e7\u00e3o e distribui\u00e7\u00e3o uniforme de \u00e1tomos substitu\u00eddos. Pode ser usado como mais espessante, regulador de reologia, agente de redu\u00e7\u00e3o da perda de \u00e1gua, etc. A PAC de alta viscosidade e baixa viscosidade tem excelentes efeitos de redu\u00e7\u00e3o da perda de filtros em \u00e1gua doce e \u00e1gua do mar, e s\u00e3o produtos indispens\u00e1veis na compatibilidade com lama. O PAC produzido pela nossa empresa \u00e9 um produto refinado de alta puridade. Sua apar\u00eancia \u00e9 um p\u00f3 de cor de porta, e sua solu\u00e7\u00e3o aquosa \u00e9 um l\u00edquido viscoso transparente. Como pol\u00edmero sol\u00favel em \u00e1gua, o PAC tem as seguintes fun\u00e7\u00f5es e propriedades:<\/p>\n<p>1. dissolve-se rapidamente em \u00e1gua fria ou quente;<\/p>\n<p>2. Pode ser usado como espessador, agente de controle da reologia, adesivo, estabilizador, coloide protetor, agente de suspens\u00e3o e agente de reten\u00e7\u00e3o de \u00e1gua;<\/p>\n<p>Na ind\u00fastria mineira do petr\u00f3leo, o PAC \u00e9 um melhor agente de tratamento da lama de perfura\u00e7\u00e3o e material para preparar fluidos de completa\u00e7\u00e3o, com alta taxa de polui\u00e7\u00e3o e boa resist\u00eancia ao sal. No caso da chuva de \u00e1gua doce, chuva de \u00e1gua do mar e chuva saturada de \u00e1gua salgada, o PAC \u00e9 um excelente agente de tratamento de redu\u00e7\u00e3o de perda de l\u00edquido, e tem boa capacidade de melhoria da viscosidade e capacidade de alta resist\u00eancia \u00e0 temperatura (150\u00b0C). \u00c9 adequado para preparar \u00e1gua doce, \u00e1gua do mar e fluidos saturados de completa\u00e7\u00e3o da salmura, e pode ser preparado para completa\u00e7\u00e3o de fluidos de diversas densidades sob a agrava\u00e7\u00e3o do cloreto de c\u00e1lcio, e pode fazer o fluido de completa\u00e7\u00e3o ter uma certa viscosidade e baixa perda de filtro. Os produtos PAC de alta viscosidade e baixa viscosidade produzidos pela nossa empresa cumprem padr\u00f5es GB\/T 5005, padr\u00f5es europeus OCMA e padr\u00f5es API 13A.<\/p>","protected":false},"excerpt":{"rendered":"<p>A celulose poliani\u00f3nica (PAC), chamada PAC, \u00e9 um derivado de \u00e9ter de celulose sol\u00favel em \u00e1gua feito de modifica\u00e7\u00e3o qu\u00edmica da celulose natural.<\/p>","protected":false},"featured_media":855,"comment_status":"open","ping_status":"closed","template":"","meta":{"_acf_changed":false},"product_cat":[20,19],"product_tag":[],"class_list":{"0":"post-679","1":"product","2":"type-product","3":"status-publish","4":"has-post-thumbnail","6":"product_cat-pac","7":"product_cat-polyanionic-cellulose","9":"first","10":"instock","11":"shipping-taxable","12":"product-type-simple"},"acf":[],"_links":{"self":[{"href":"https:\/\/www.cy-chemicals.com\/pt\/wp-json\/wp\/v2\/product\/679","targetHints":{"allow":["GET"]}}],"collection":[{"href":"https:\/\/www.cy-chemicals.com\/pt\/wp-json\/wp\/v2\/product"}],"about":[{"href":"https:\/\/www.cy-chemicals.com\/pt\/wp-json\/wp\/v2\/types\/product"}],"replies":[{"embeddable":true,"href":"https:\/\/www.cy-chemicals.com\/pt\/wp-json\/wp\/v2\/comments?post=679"}],"wp:featuredmedia":[{"embeddable":true,"href":"https:\/\/www.cy-chemicals.com\/pt\/wp-json\/wp\/v2\/media\/855"}],"wp:attachment":[{"href":"https:\/\/www.cy-chemicals.com\/pt\/wp-json\/wp\/v2\/media?parent=679"}],"wp:term":[{"taxonomy":"product_cat","embeddable":true,"href":"https:\/\/www.cy-chemicals.com\/pt\/wp-json\/wp\/v2\/product_cat?post=679"},{"taxonomy":"product_tag","embeddable":true,"href":"https:\/\/www.cy-chemicals.com\/pt\/wp-json\/wp\/v2\/product_tag?post=679"}],"curies":[{"name":"wp","href":"https:\/\/api.w.org\/{rel}","templated":true}]}}