{"id":675,"date":"2024-04-10T16:39:12","date_gmt":"2024-04-10T08:39:12","guid":{"rendered":"https:\/\/www.cy-chemicals.com\/?post_type=product&#038;p=675"},"modified":"2024-04-25T11:30:15","modified_gmt":"2024-04-25T03:30:15","slug":"cmc-2","status":"publish","type":"product","link":"https:\/\/www.cy-chemicals.com\/pt\/product\/cmc-2\/","title":{"rendered":"CMC"},"content":{"rendered":"<p>Carboximetilcelulose (CMC) tem aplica\u00e7\u00f5es importantes na perfura\u00e7\u00e3o de petr\u00f3leo. Aqui est\u00e3o alguns dos seus principais usos:<\/p>\n<p>1. Reduzir a perda de filtra\u00e7\u00e3o e espessura do bolo de lama: CMC pode reduzir significativamente a perda de filtra\u00e7\u00e3o e finar a espessura do bolo de lama em fluidos de perfura\u00e7\u00e3o com baixa fase s\u00f3lida e sem fase s\u00f3lida.<\/p>\n<p>2. Aumentar a estabilidade da lama: CMC pode formar um sistema de suspens\u00e3o est\u00e1vel para lama e manter boa estabilidade mesmo em altas temperaturas.<\/p>\n<p>3. Prever a polui\u00e7\u00e3o da lama: CMC pode resistir \u00e0 polui\u00e7\u00e3o de v\u00e1rios sal sol\u00faveis, de modo que pode efetivamente prevenir a polui\u00e7\u00e3o da lama durante o processo de perfura\u00e7\u00e3o.<\/p>\n<p>4. Melhorar a efici\u00eancia da perfura\u00e7\u00e3o: CMC pode formar um bolo de filtro fino, duro e de baixa permeabilidade na parede do po\u00e7o, reduzindo assim a perda de \u00e1gua e melhorando a efici\u00eancia da perfura\u00e7\u00e3o.<\/p>\n<p>5. Prever a influ\u00eancia da moldura: Moldura que cont\u00e9m CMC \u00e9 raramente afetada pela moldura, por is so n\u00e3o h\u00e1 necessidade de manter um alto valor de pH ou usar preservativos<\/p>\n<p>Em geral, a aplica\u00e7\u00e3o da CMC na perfura\u00e7\u00e3o de petr\u00f3leo \u00e9 principalmente para melhorar o efeito da perfura\u00e7\u00e3o melhorando o desempenho da lama, aumentando a efici\u00eancia da perfura\u00e7\u00e3o e reduzindo a polui\u00e7\u00e3o da lama.<\/p>","protected":false},"excerpt":{"rendered":"<p>Carboximetilcelulose (CMC) tem aplica\u00e7\u00f5es importantes na perfura\u00e7\u00e3o de petr\u00f3leo.<\/p>","protected":false},"featured_media":854,"comment_status":"open","ping_status":"closed","template":"","meta":{"_acf_changed":false},"product_cat":[17,18],"product_tag":[],"class_list":{"0":"post-675","1":"product","2":"type-product","3":"status-publish","4":"has-post-thumbnail","6":"product_cat-carboxymethyl-cellulose","7":"product_cat-cmc","9":"first","10":"instock","11":"shipping-taxable","12":"product-type-simple"},"acf":[],"_links":{"self":[{"href":"https:\/\/www.cy-chemicals.com\/pt\/wp-json\/wp\/v2\/product\/675","targetHints":{"allow":["GET"]}}],"collection":[{"href":"https:\/\/www.cy-chemicals.com\/pt\/wp-json\/wp\/v2\/product"}],"about":[{"href":"https:\/\/www.cy-chemicals.com\/pt\/wp-json\/wp\/v2\/types\/product"}],"replies":[{"embeddable":true,"href":"https:\/\/www.cy-chemicals.com\/pt\/wp-json\/wp\/v2\/comments?post=675"}],"wp:featuredmedia":[{"embeddable":true,"href":"https:\/\/www.cy-chemicals.com\/pt\/wp-json\/wp\/v2\/media\/854"}],"wp:attachment":[{"href":"https:\/\/www.cy-chemicals.com\/pt\/wp-json\/wp\/v2\/media?parent=675"}],"wp:term":[{"taxonomy":"product_cat","embeddable":true,"href":"https:\/\/www.cy-chemicals.com\/pt\/wp-json\/wp\/v2\/product_cat?post=675"},{"taxonomy":"product_tag","embeddable":true,"href":"https:\/\/www.cy-chemicals.com\/pt\/wp-json\/wp\/v2\/product_tag?post=675"}],"curies":[{"name":"wp","href":"https:\/\/api.w.org\/{rel}","templated":true}]}}