{"id":1022,"date":"2024-04-25T11:19:48","date_gmt":"2024-04-25T03:19:48","guid":{"rendered":"https:\/\/www.cy-chemicals.com\/?post_type=product&#038;p=1022"},"modified":"2024-04-25T17:20:44","modified_gmt":"2024-04-25T09:20:44","slug":"xanthan-gum-food-grade","status":"publish","type":"product","link":"https:\/\/www.cy-chemicals.com\/pt\/product\/xanthan-gum-food-grade\/","title":{"rendered":"Xanthan Gum Food Grade"},"content":{"rendered":"<p>tamb\u00e9m conhecido como goma de xanthan e goma de xanthan, \u00e9 um heteropolizac\u00e1rido \u00e1cido extracelular produzido pela fermenta\u00e7\u00e3o de Xanthomonas<\/p>\n<p>A viscosidade da solu\u00e7\u00e3o de goma xanthan n\u00e3o mudar\u00e1 muito com mudan\u00e7as na temperatura.<br \/>\nA viscosidade vai mudar quando aquecida, mas a solu\u00e7\u00e3o aquosa de goma xanthan n\u00e3o tem quase viscosidade entre 10-80[UNK].<br \/>\ngastar. 1% de solu\u00e7\u00e3o de goma xanthan (contendo 1% cloreto de pot\u00e1ssio) \u00e9 aquecida de 25 a 120%. Sua viscosidade diminui apenas 3%.<\/p>\n<p>&nbsp;<\/p>\n<p>Usos principais: Usados na ind\u00fastria como estabilizadores, espessadores e aux\u00edlios de processamento para diversos prop\u00f3sitos, incluindo Make canned e bottled foods, bakery foods, dairy products, frozen foods, salad dressing,Beverages, brewing, candies, cakes and accessories, etc. \u00c9 f\u00e1cil fluir e derramar quando faz comida Verre, f\u00e1cil tubar, reduzir o consumo de energia.<\/p>","protected":false},"excerpt":{"rendered":"<p>Tamb\u00e9m conhecido como goma de xanthan e goma de xanthan, \u00e9 um heteropolizac\u00e1rido \u00e1cido extracelular produzido pela fermenta\u00e7\u00e3o de Xanthomonas.<\/p>","protected":false},"featured_media":1023,"comment_status":"open","ping_status":"closed","template":"","meta":{"_acf_changed":false},"product_cat":[15,42],"product_tag":[],"class_list":{"0":"post-1022","1":"product","2":"type-product","3":"status-publish","4":"has-post-thumbnail","6":"product_cat-xanthan-gum","7":"product_cat-xanthan-gum-food-grade","9":"first","10":"instock","11":"shipping-taxable","12":"product-type-simple"},"acf":[],"_links":{"self":[{"href":"https:\/\/www.cy-chemicals.com\/pt\/wp-json\/wp\/v2\/product\/1022","targetHints":{"allow":["GET"]}}],"collection":[{"href":"https:\/\/www.cy-chemicals.com\/pt\/wp-json\/wp\/v2\/product"}],"about":[{"href":"https:\/\/www.cy-chemicals.com\/pt\/wp-json\/wp\/v2\/types\/product"}],"replies":[{"embeddable":true,"href":"https:\/\/www.cy-chemicals.com\/pt\/wp-json\/wp\/v2\/comments?post=1022"}],"wp:featuredmedia":[{"embeddable":true,"href":"https:\/\/www.cy-chemicals.com\/pt\/wp-json\/wp\/v2\/media\/1023"}],"wp:attachment":[{"href":"https:\/\/www.cy-chemicals.com\/pt\/wp-json\/wp\/v2\/media?parent=1022"}],"wp:term":[{"taxonomy":"product_cat","embeddable":true,"href":"https:\/\/www.cy-chemicals.com\/pt\/wp-json\/wp\/v2\/product_cat?post=1022"},{"taxonomy":"product_tag","embeddable":true,"href":"https:\/\/www.cy-chemicals.com\/pt\/wp-json\/wp\/v2\/product_tag?post=1022"}],"curies":[{"name":"wp","href":"https:\/\/api.w.org\/{rel}","templated":true}]}}