{"id":1016,"date":"2024-04-25T11:14:37","date_gmt":"2024-04-25T03:14:37","guid":{"rendered":"https:\/\/www.cy-chemicals.com\/?post_type=product&#038;p=1016"},"modified":"2024-04-25T11:14:37","modified_gmt":"2024-04-25T03:14:37","slug":"npam","status":"publish","type":"product","link":"https:\/\/www.cy-chemicals.com\/pt\/product\/npam\/","title":{"rendered":"NPAM"},"content":{"rendered":"<p>Polyacrylamide n\u00e3o i\u00f3nico (NPAM) \u00e9 um composto de pol\u00edmero importante amplamente utilizado no tratamento da \u00e1gua, minera\u00e7\u00e3o de petr\u00f3leo, polpa e papel, impress\u00e3o e tintura t\u00eaxteis e outros campos.<\/p>\n<p>NPAM \u00e9 um pol\u00edmero n \u00e3o carregado com a f\u00f3rmula qu\u00edmica (C3H5NO)n. \u00c9 obtido por polimeriza\u00e7\u00e3o do mon\u00f4mero de acrilamida. Comparado com poliacrilamido i\u00f3nico, o NPAM n\u00e3o est\u00e1 carregado e, portanto, tem menor capacidade de adsor\u00e7\u00e3o i\u00f3nica.<\/p>\n<p>NPAM tem as seguintes caracter\u00edsticas:<\/p>\n<p>Altamente absorvente de \u00e1gua: Devido \u00e0 sua estrutura de pol\u00edmeros, NPAM \u00e9 capaz de absorver grandes quantidades de \u00e1gua, formando uma solu\u00e7\u00e3o coloidal.<\/p>\n<p>Alta viscosidade: as solu\u00e7\u00f5es NPAM t\u00eam alta viscosidade e podem desenvolver propriedades reol\u00f3gicas control\u00e1veis em v\u00e1rias condi\u00e7\u00f5es.<\/p>\n<p>Boa estabilidade: o NPAM pode manter boa estabilidade em diferentes condi\u00e7\u00f5es de qualidade da \u00e1gua e n\u00e3o \u00e9 facilmente degradado.<\/p>\n<p>N\u00e3o t\u00f3xico: o NPAM n\u00e3o \u00e9 t\u00f3xico para o ambiente e os organismos e n\u00e3o vai causar polui\u00e7\u00e3o para o ambiente.<\/p>\n<p>NPAM \u00e9 amplamente utilizado em muitos campos, incluindo os seguintes aspectos:<\/p>\n<p>1. Campo de tratamento da \u00e1gua<br \/>\nComo excelente agente floculante e de purifica\u00e7\u00e3o da \u00e1gua, o NPAM \u00e9 amplamente utilizado em processos de tratamento de esgotos e purifica\u00e7\u00e3o da \u00e1gua pot\u00e1vel. Ela pode efetivamente remover s\u00f3lidos suspensos, coloides e mat\u00e9ria org\u00e2nica e melhorar a qualidade da \u00e1gua.<\/p>\n<p>2. Campo de extra\u00e7\u00e3o de petr\u00f3leo<br \/>\nNPAM pode ser usado como agente de substitui\u00e7\u00e3o do petr\u00f3leo na explora\u00e7\u00e3o do petr\u00f3leo. Pode aumentar a fluidez do petr\u00f3leo e melhorar a recupera\u00e7\u00e3o do petr\u00f3leo. Al\u00e9m disso, NPAM tamb\u00e9m pode ser usado para prevenir a infiltra\u00e7\u00e3o de \u00e1gua e reduzir os res\u00edduos de \u00e1gua subterr\u00e2nea.<\/p>\n<p>3. Ind\u00fastria da polpa e papel<br \/>\nNPAM pode ser usado como aditivo em processos de fabrica\u00e7\u00e3o de polpa e papel. Ela pode aumentar a viscosidade e a for\u00e7a da polpa e melhorar a qualidade do papel.<\/p>\n<p>4. Campo de impress\u00e3o e tintura de tecidos<br \/>\nNPAM pode ser usado como dispersante e espessador na ind\u00fastria de impress\u00e3o e tintura t\u00eaxteis. Ela melhora a dispers\u00e3o de tinta e a liquidabilidade.<\/p>\n<p>&nbsp;<\/p>","protected":false},"excerpt":{"rendered":"<p>Polyacrylamide n\u00e3o i\u00f3nico (NPAM) \u00e9 um composto de pol\u00edmero importante amplamente utilizado no tratamento da \u00e1gua, minera\u00e7\u00e3o de petr\u00f3leo, polpa e papel, impress\u00e3o e tintura t\u00eaxteis e outros campos.<\/p>","protected":false},"featured_media":1021,"comment_status":"open","ping_status":"closed","template":"","meta":{"_acf_changed":false},"product_cat":[25,22],"product_tag":[],"class_list":{"0":"post-1016","1":"product","2":"type-product","3":"status-publish","4":"has-post-thumbnail","6":"product_cat-npam","7":"product_cat-pam","9":"first","10":"instock","11":"shipping-taxable","12":"product-type-simple"},"acf":[],"_links":{"self":[{"href":"https:\/\/www.cy-chemicals.com\/pt\/wp-json\/wp\/v2\/product\/1016","targetHints":{"allow":["GET"]}}],"collection":[{"href":"https:\/\/www.cy-chemicals.com\/pt\/wp-json\/wp\/v2\/product"}],"about":[{"href":"https:\/\/www.cy-chemicals.com\/pt\/wp-json\/wp\/v2\/types\/product"}],"replies":[{"embeddable":true,"href":"https:\/\/www.cy-chemicals.com\/pt\/wp-json\/wp\/v2\/comments?post=1016"}],"wp:featuredmedia":[{"embeddable":true,"href":"https:\/\/www.cy-chemicals.com\/pt\/wp-json\/wp\/v2\/media\/1021"}],"wp:attachment":[{"href":"https:\/\/www.cy-chemicals.com\/pt\/wp-json\/wp\/v2\/media?parent=1016"}],"wp:term":[{"taxonomy":"product_cat","embeddable":true,"href":"https:\/\/www.cy-chemicals.com\/pt\/wp-json\/wp\/v2\/product_cat?post=1016"},{"taxonomy":"product_tag","embeddable":true,"href":"https:\/\/www.cy-chemicals.com\/pt\/wp-json\/wp\/v2\/product_tag?post=1016"}],"curies":[{"name":"wp","href":"https:\/\/api.w.org\/{rel}","templated":true}]}}