{"id":1011,"date":"2024-04-25T11:10:14","date_gmt":"2024-04-25T03:10:14","guid":{"rendered":"https:\/\/www.cy-chemicals.com\/?post_type=product&#038;p=1011"},"modified":"2024-04-25T11:10:14","modified_gmt":"2024-04-25T03:10:14","slug":"cpam","status":"publish","type":"product","link":"https:\/\/www.cy-chemicals.com\/pt\/product\/cpam\/","title":{"rendered":"CPAM"},"content":{"rendered":"<p>A poliacrilamida cati\u00f4nica \u00e9 um polim\u00e9rico sol\u00favel em \u00e1gua que \u00e9 facilmente sol\u00favel em \u00e1gua e insol\u00favel em solventes org\u00e2nicos como etanol e acetona.<\/p>\n<p>&nbsp;<\/p>\n<p>1. Vista geral do produto (poliacrilamido cation\u00e1rio)<\/p>\n<p>Nossa empresa s emuls\u00e3o cati\u00f4nica tipo flocculante, al\u00e9m de preservar as vantagens de flocculantes de p\u00f3 seco cati\u00f4nico, tem caracter\u00edsticas de seletividade de grande densidade de carga, velocidade de dissolu\u00e7\u00e3o, transporte f\u00e1cil, armazenamento e r\u00e1pido uso. Comparado com produtos tradicionais, tem uma ampla gama de pH aplic\u00e1vel, estabilidade de alta carga, bom efeito de flocula\u00e7\u00e3o e baixa dose. Pode ser amplamente utilizado em diversos esgotos dom\u00e9sticos, \u00e1guas residuais qu\u00edmicas, tratamento de desidrata\u00e7\u00e3o de lodos, fabrica\u00e7\u00e3o de papel e outros campos.<\/p>\n<p>2. Como usar<\/p>\n<p>Antes de usar este produto, agite o mais bem poss\u00edvel;<\/p>\n<p>Durante a opera\u00e7\u00e3o de dissolu\u00e7\u00e3o, adicionar este produto ao mesmo tempo que adicionar \u00e1gua. Recomenda-se controlar a concentra\u00e7\u00e3o de dissolu\u00e7\u00e3o a 3-5 \u2030, e o tempo de envelhecimento \u00e9 preferentemente cerca de 25 minutos;<\/p>\n<p>Evita usar bombas de rotor de alta corte como bombas centr\u00edfugas durante o transporte. \u00c9 melhor usar bombas de baixo corte como bombas de screw e bombas de diafragma;<\/p>\n<p>A opera\u00e7\u00e3o de dissolu\u00e7\u00e3o deve ser realizada em um tanque feito de pl\u00e1stico, cer\u00e2mica, a \u00e7o inoxid\u00e1vel e outros materiais. A velocidade de mexer n\u00e3o deve ser muito alta e o aquecimento n\u00e3o \u00e9 necess\u00e1rio.<\/p>\n<p>A solu\u00e7\u00e3o dilu\u00edda preparada n\u00e3o deve ser armazenada por muito tempo. \u00c9 melhor dissolv\u00ea-lo como \u00e9 usado;<\/p>\n<p>Quando este produto \u00e9 usado em combina\u00e7\u00e3o com coagulante inorg\u00e2nico para tratar \u00e1guas residuais, o coagulante inorg\u00e2nico deve ser adicionado primeiro. Quando aparece uma flor \u00f3bvia de aluno (geralmente o intervalo \u00e9 de cerca de 30 a 60 segundos), adiciona este produto. N\u00e3o invertes a ordem. e n\u00e3o pode ser adicionado ao mesmo tempo.<\/p>\n<p>3. Instru\u00e7\u00f5es de armazenamento<\/p>\n<p>O per\u00edodo de armazenamento \u00e9 geralmente 6 meses em um recipiente sem ar a temperatura ambiente e \u00e9 protegido da luz;<\/p>\n<p>Ao armazenar em barris pequenos, a aten\u00e7\u00e3o deve ser prestada \u00e0 rota\u00e7\u00e3o regular e tremendo para alcan\u00e7ar a mistura completa e evitar estratifica\u00e7\u00e3o;<\/p>\n<p>Ao armazenar num grande recipiente, instale um misturador de folhas m\u00faltiplas que pode chegar ao fundo do recipiente e ligar regularmente, ou instale uma bomba de circula\u00e7\u00e3o para circular e misturar regularmente para assegurar a mistura completa e evitar estratifica\u00e7\u00e3o.<\/p>\n<p>A temperatura \u00f3ptima de armazenamento \u00e9 de 50-80 \u00b0F (10-27 \u00b0C). O produto n\u00e3o pode ser congelado, caso contr\u00e1rio seu desempenho ser\u00e1 afetado.<\/p>\n<p>Se o produto congelar, mover-o para um lugar com temperatura mais alta e deix\u00e1-lo desaparecer lentamente. mistura completamente antes do uso e filtra atrav\u00e9s de uma tela de 100 malhas.<\/p>\n<p>&nbsp;<\/p>\n<p>&nbsp;<\/p>","protected":false},"excerpt":{"rendered":"<p>A poliacrilamida cati\u00f4nica \u00e9 um polim\u00e9rico sol\u00favel em \u00e1gua que \u00e9 facilmente sol\u00favel em \u00e1gua e insol\u00favel em solventes org\u00e2nicos como etanol e acetona.<\/p>","protected":false},"featured_media":1015,"comment_status":"open","ping_status":"closed","template":"","meta":{"_acf_changed":false},"product_cat":[24,22],"product_tag":[],"class_list":{"0":"post-1011","1":"product","2":"type-product","3":"status-publish","4":"has-post-thumbnail","6":"product_cat-cpam","7":"product_cat-pam","9":"first","10":"instock","11":"shipping-taxable","12":"product-type-simple"},"acf":[],"_links":{"self":[{"href":"https:\/\/www.cy-chemicals.com\/pt\/wp-json\/wp\/v2\/product\/1011","targetHints":{"allow":["GET"]}}],"collection":[{"href":"https:\/\/www.cy-chemicals.com\/pt\/wp-json\/wp\/v2\/product"}],"about":[{"href":"https:\/\/www.cy-chemicals.com\/pt\/wp-json\/wp\/v2\/types\/product"}],"replies":[{"embeddable":true,"href":"https:\/\/www.cy-chemicals.com\/pt\/wp-json\/wp\/v2\/comments?post=1011"}],"wp:featuredmedia":[{"embeddable":true,"href":"https:\/\/www.cy-chemicals.com\/pt\/wp-json\/wp\/v2\/media\/1015"}],"wp:attachment":[{"href":"https:\/\/www.cy-chemicals.com\/pt\/wp-json\/wp\/v2\/media?parent=1011"}],"wp:term":[{"taxonomy":"product_cat","embeddable":true,"href":"https:\/\/www.cy-chemicals.com\/pt\/wp-json\/wp\/v2\/product_cat?post=1011"},{"taxonomy":"product_tag","embeddable":true,"href":"https:\/\/www.cy-chemicals.com\/pt\/wp-json\/wp\/v2\/product_tag?post=1011"}],"curies":[{"name":"wp","href":"https:\/\/api.w.org\/{rel}","templated":true}]}}