{"id":1001,"date":"2024-04-25T11:02:43","date_gmt":"2024-04-25T03:02:43","guid":{"rendered":"https:\/\/www.cy-chemicals.com\/?post_type=product&#038;p=1001"},"modified":"2024-04-25T17:23:39","modified_gmt":"2024-04-25T09:23:39","slug":"apam","status":"publish","type":"product","link":"https:\/\/www.cy-chemicals.com\/pt\/product\/apam\/","title":{"rendered":"APAM"},"content":{"rendered":"<p>Poliacrilamido ani\u00f4nico (APAM) \u00e9 um pol\u00edmero sol\u00favel em \u00e1gua<\/p>\n<p>&nbsp;<\/p>\n<p>1[UNK] Caracter\u00edsticas do produto<\/p>\n<p>A poliacrilamida n\u00e3o i\u00f3nica \u00e9 um pol\u00edmero com alto peso molecular e baixa for\u00e7a i\u00f3nica. Ela tem flocula\u00e7\u00e3o, dispers\u00e3o, aderente, adesivo, forma\u00e7\u00e3o de filme, gel e coloide estabilizante. Sua floculante tem pouca influ\u00eancia no valor do pH e no sal, e seu efeito \u00e9 melhor que o pol\u00edmero ani\u00f4nico no tratamento de \u00e1gua residual \u00e1cida.<\/p>\n<p>2.Utiliza\u00e7\u00e3o de produtos<\/p>\n<p>\u00c9 usado como flocculante para o tratamento de tanques industriais de \u00e1gua residual e tratamento de \u00e1gua pot\u00e1vel, controle do perfil de campo oleaginoso e aditivo de enchimento de \u00e1gua, aditivo de lama de perfura\u00e7\u00e3o, aditivo de fabrica\u00e7\u00e3o de papel, etc.<\/p>\n<p>&nbsp;<\/p>\n<p>3. Instru\u00e7\u00f5es de uso<\/p>\n<p>Normalmente prepara o produto para 0,05% &#8211; 0,5% (w\/W) solu\u00e7\u00e3o para pronto.<\/p>\n<p>Quando dissolver, o produto deve ser uniformemente disperso e misturado para ajudar a dissolver.<\/p>\n<p>Quando em uso, evitar o uso de materiais met\u00e1licos e outros tanques e piscinas de dissolu\u00e7\u00e3o que s\u00e3o f\u00e1ceis de afetar a qualidade da \u00e1gua.<\/p>\n<p>Aumentar a temperatura da \u00e1gua pode acelerar a taxa de dissolu\u00e7\u00e3o, mas geralmente a temperatura da \u00e1gua n\u00e3o pode exceder 50 [UNK].<\/p>\n<p>&nbsp;<\/p>\n<p>4.Embalagem de produtos<\/p>\n<p>Os produtos est\u00e3o embalados em pl\u00e1stico de papel tr\u00eas em um saco composto, com cada saco de 25 kg ou determinados de acordo com as necessidades dos usu\u00e1rios; A vida de armazenagem \u00e9 de 2 anos.<\/p>\n<p>5.Precautions<\/p>\n<p>O produto \u00e9 f\u00e1cil de absorver umidade. Pay attention to moisture and moisture. E armazenar em armaz\u00e9m frio, ventilado e seco.<\/p>","protected":false},"excerpt":{"rendered":"<p>A poliacrilamida ani\u00f4nica (APAM) \u00e9 um pol\u00edmero sol\u00favel em \u00e1gua.<\/p>","protected":false},"featured_media":1002,"comment_status":"open","ping_status":"closed","template":"","meta":{"_acf_changed":false},"product_cat":[23,22],"product_tag":[],"class_list":{"0":"post-1001","1":"product","2":"type-product","3":"status-publish","4":"has-post-thumbnail","6":"product_cat-apam","7":"product_cat-pam","9":"first","10":"instock","11":"shipping-taxable","12":"product-type-simple"},"acf":[],"_links":{"self":[{"href":"https:\/\/www.cy-chemicals.com\/pt\/wp-json\/wp\/v2\/product\/1001","targetHints":{"allow":["GET"]}}],"collection":[{"href":"https:\/\/www.cy-chemicals.com\/pt\/wp-json\/wp\/v2\/product"}],"about":[{"href":"https:\/\/www.cy-chemicals.com\/pt\/wp-json\/wp\/v2\/types\/product"}],"replies":[{"embeddable":true,"href":"https:\/\/www.cy-chemicals.com\/pt\/wp-json\/wp\/v2\/comments?post=1001"}],"wp:featuredmedia":[{"embeddable":true,"href":"https:\/\/www.cy-chemicals.com\/pt\/wp-json\/wp\/v2\/media\/1002"}],"wp:attachment":[{"href":"https:\/\/www.cy-chemicals.com\/pt\/wp-json\/wp\/v2\/media?parent=1001"}],"wp:term":[{"taxonomy":"product_cat","embeddable":true,"href":"https:\/\/www.cy-chemicals.com\/pt\/wp-json\/wp\/v2\/product_cat?post=1001"},{"taxonomy":"product_tag","embeddable":true,"href":"https:\/\/www.cy-chemicals.com\/pt\/wp-json\/wp\/v2\/product_tag?post=1001"}],"curies":[{"name":"wp","href":"https:\/\/api.w.org\/{rel}","templated":true}]}}