{"id":682,"date":"2024-04-10T16:43:07","date_gmt":"2024-04-10T08:43:07","guid":{"rendered":"https:\/\/www.cy-chemicals.com\/?post_type=product&#038;p=682"},"modified":"2024-04-25T17:28:26","modified_gmt":"2024-04-25T09:28:26","slug":"xg-2","status":"publish","type":"product","link":"https:\/\/www.cy-chemicals.com\/it\/product\/xg-2\/","title":{"rendered":"Gumma Xanthan Grado di perforazione di olio"},"content":{"rendered":"<p>La gomma di xantano di grado di perforazione del petrolio \u00e8 un additivo di fango di perforazione del petrolio efficiente e rispettoso dell'ambiente, adatto a temperature (\u226594 \u00b0 C),<br \/>\nL'acido, l'alcalino e il sale hanno un'eccellente tolleranza, che pu\u00f2 migliorare significativamente la permeabilit\u00e0 del fango e la capacit\u00e0 di sospendere la materia solida, stabilizzare la parete del pozzo e ridurre i danni al serbatoio di petrolio, migliorando cos\u00ec significativamente l'efficienza di foratura, lavorazione e lavoro di completamento. Pertanto, \u00e8 un additivo di fango ideale per la perforazione offshore. Pu\u00f2 rimanere stabile per un lungo periodo di tempo sotto acqua salata satura e una temperatura di 85 \u00b0 C. Pertanto, \u00e8 un agente di spostamento dell'olio ideale in campi petroliferi ad alta temperatura e ad alta salinit\u00e0. La gomma di xantano \u00e8 una gomma biologica che integra spessore, sospensione, emulsionazione e stabilizzazione. La gomma di xantano ha le propriet\u00e0 generali dei polimeri a catena lunga, ma contiene pi\u00f9 gruppi funzionali dei polimeri ordinari e mostrer\u00e0 prestazioni scarse in condizioni specifiche. La sua conformazione in soluzione acquosa \u00e8 diversa e presenta propriet\u00e0 diverse in condizioni diverse.<\/p>\n<p>Propriet\u00e0 sospendenti ed emulsionanti<\/p>\n<p>La gomma di xantano ha un buon effetto sospendente sui solidi insolubili e sulle gocce di olio. Le molecole del sol della gomma di xantan possono formare copolimeri elicoidi a forma di nastro super-legati, formando una fragile struttura di rete simile alla colla, in modo da poter supportare la forma di particelle solide, gocce e bolle, mostrando una forte stabilizzazione dell'emulsione e un'alta capacit\u00e0 di sospensione.<\/p>\n<p>solubile in acqua<\/p>\n<p>La gomma di xantano pu\u00f2 sciogliersi rapidamente in acqua e ha una buona solubilit\u00e0 in acqua. Soprattutto pu\u00f2 anche essere sciolto in acqua fredda, che pu\u00f2 risparmiare il complicato processo di lavorazione ed \u00e8 facile da usare. Tuttavia, a causa della sua idrofilicit\u00e0, se viene aggiunta direttamente una piccola quantit\u00e0 di acqua e l'agitazione \u00e8 insufficiente, lo strato esterno assorber\u00e0 l'acqua e si gonfier\u00e0 in micelle, il che impedir\u00e0 all'acqua di entrare nello strato interno e influenzer\u00e0 le prestazioni della funzione. Pertanto, si deve prestare attenzione per usarlo correttamente. Mescolare la gomma di xantano in polvere secca o accessori in polvere secca come sale e zucchero in modo uniforme, poi aggiungerlo lentamente all'acqua agitante per fare una soluzione per l'uso.<\/p>","protected":false},"excerpt":{"rendered":"<p>La gomma di xantano di grado di perforazione del petrolio \u00e8 un additivo di fango di perforazione del petrolio efficiente e rispettoso dell'ambiente.<\/p>","protected":false},"featured_media":856,"comment_status":"open","ping_status":"closed","template":"","meta":{"_acf_changed":false},"product_cat":[15],"product_tag":[],"class_list":{"0":"post-682","1":"product","2":"type-product","3":"status-publish","4":"has-post-thumbnail","6":"product_cat-xanthan-gum","8":"first","9":"instock","10":"shipping-taxable","11":"product-type-simple"},"acf":[],"_links":{"self":[{"href":"https:\/\/www.cy-chemicals.com\/it\/wp-json\/wp\/v2\/product\/682","targetHints":{"allow":["GET"]}}],"collection":[{"href":"https:\/\/www.cy-chemicals.com\/it\/wp-json\/wp\/v2\/product"}],"about":[{"href":"https:\/\/www.cy-chemicals.com\/it\/wp-json\/wp\/v2\/types\/product"}],"replies":[{"embeddable":true,"href":"https:\/\/www.cy-chemicals.com\/it\/wp-json\/wp\/v2\/comments?post=682"}],"wp:featuredmedia":[{"embeddable":true,"href":"https:\/\/www.cy-chemicals.com\/it\/wp-json\/wp\/v2\/media\/856"}],"wp:attachment":[{"href":"https:\/\/www.cy-chemicals.com\/it\/wp-json\/wp\/v2\/media?parent=682"}],"wp:term":[{"taxonomy":"product_cat","embeddable":true,"href":"https:\/\/www.cy-chemicals.com\/it\/wp-json\/wp\/v2\/product_cat?post=682"},{"taxonomy":"product_tag","embeddable":true,"href":"https:\/\/www.cy-chemicals.com\/it\/wp-json\/wp\/v2\/product_tag?post=682"}],"curies":[{"name":"wp","href":"https:\/\/api.w.org\/{rel}","templated":true}]}}