{"id":681,"date":"2024-04-10T16:42:17","date_gmt":"2024-04-10T08:42:17","guid":{"rendered":"https:\/\/www.cy-chemicals.com\/?post_type=product&#038;p=681"},"modified":"2024-04-23T12:09:38","modified_gmt":"2024-04-23T04:09:38","slug":"phpa","status":"publish","type":"product","link":"https:\/\/www.cy-chemicals.com\/it\/product\/phpa\/","title":{"rendered":"PHPA"},"content":{"rendered":"<p>La poliacrilammide idrolizzabile (PHPA) \u00e8 un polimero ad alta molecola che \u00e8 ampiamente utilizzato nell'industria della perforazione. Ha buone prestazioni di idrolisi e alta viscosit\u00e0, che pu\u00f2 migliorare efficacemente la capacit\u00e0 di sospensione del fluido di foratura e trasportare taglie. capacit\u00e0, proteggendo cos\u00ec la parete del pozzo, aumentando la velocit\u00e0 di perforazione e impedindo l'incollaggio del trapano.<br \/>\nL'applicazione della poliacrilammide idrolizzabile (PHPA) nella perforazione si riflette principalmente nei seguenti aspetti:<\/p>\n<p>Floccolazione: la poliacrilammide idrolizzabile ha forti propriet\u00e0 di floccolazione e pu\u00f2 floccolare fango e frammenti durante la foratura per formare gruppi di floccolazione pi\u00f9 grandi, che facilita la pulizia del fondo del pozzo.<\/p>\n<p>Regolazione della reologia del fluido di foratura: come regolatore del fluido di foratura, viene spesso utilizzata la poliacrilammide idrolizzata (PHPA), che viene ottenuta idrolizzando la poliacrilammide. La sua funzione \u00e8 quella di regolare la reologia del fluido di foratura, trasportare taglie, lubrificare il trapano, ridurre la perdita di fluido, ecc.<\/p>\n<p>Prevenire il crollo della parete del pozzo: la poliacrilammide idrolizzabile (PHPA) pu\u00f2 proteggere le particelle del sol nel fluido di foratura e prevenire il crollo della parete del pozzo attraverso l'adsorbimento multi-punto, la protezione dal gel e gli effetti di sigillatura.<\/p>\n<p>Effetto di collegamento: durante il processo di foratura, il fluido di foratura perder\u00e0 acqua a causa della struttura geologica. La poliacrilammide pu\u00f2 essere utilizzata per bloccare le perdite in crepe e formazioni rocciose sciolte.<\/p>\n<p>Migliorare la lubricit\u00e0 e la stabilit\u00e0: la poliacrilammide idrolizzabile (PHPA) pu\u00f2 migliorare la lubricit\u00e0 e la stabilit\u00e0 del fango, ridurre la perdita di acqua nel fango di foratura, prevenire efficacemente e sbloccare il trapano e migliorare l'efficienza della foratura.<\/p>\n<p>Il collegamento incrociato pu\u00f2 verificarsi anche sotto l'azione del plasma Al3, Fe3, Ca2. Parte del composto polimerico cambia da lineare a colloidale, insolubile in acqua, adsorbito sulla parete del pozzo e tappa i vuoti di formazione, evitando la perdita di fluido di foratura.<\/p>\n<p>In generale, l'applicazione della poliacrilammide idrolizzabile (PHPA) nella perforazione si riflette principalmente nella flocculazione, nella regolazione della reologia del fluido di perforazione, nella prevenzione del crollo della parete del pozzo, nel blocco delle perdite, nel miglioramento della lubricit\u00e0 e della stabilit\u00e0 e nel reticolamento.<\/p>","protected":false},"excerpt":{"rendered":"<p>La poliacrilammide idrolizzabile (PHPA) \u00e8 un polimero ad alta molecola che \u00e8 ampiamente utilizzato nell'industria della perforazione.<\/p>","protected":false},"featured_media":857,"comment_status":"open","ping_status":"closed","template":"","meta":{"_acf_changed":false},"product_cat":[22,26],"product_tag":[],"class_list":{"0":"post-681","1":"product","2":"type-product","3":"status-publish","4":"has-post-thumbnail","6":"product_cat-pam","7":"product_cat-phpa","9":"first","10":"instock","11":"shipping-taxable","12":"product-type-simple"},"acf":[],"_links":{"self":[{"href":"https:\/\/www.cy-chemicals.com\/it\/wp-json\/wp\/v2\/product\/681","targetHints":{"allow":["GET"]}}],"collection":[{"href":"https:\/\/www.cy-chemicals.com\/it\/wp-json\/wp\/v2\/product"}],"about":[{"href":"https:\/\/www.cy-chemicals.com\/it\/wp-json\/wp\/v2\/types\/product"}],"replies":[{"embeddable":true,"href":"https:\/\/www.cy-chemicals.com\/it\/wp-json\/wp\/v2\/comments?post=681"}],"wp:featuredmedia":[{"embeddable":true,"href":"https:\/\/www.cy-chemicals.com\/it\/wp-json\/wp\/v2\/media\/857"}],"wp:attachment":[{"href":"https:\/\/www.cy-chemicals.com\/it\/wp-json\/wp\/v2\/media?parent=681"}],"wp:term":[{"taxonomy":"product_cat","embeddable":true,"href":"https:\/\/www.cy-chemicals.com\/it\/wp-json\/wp\/v2\/product_cat?post=681"},{"taxonomy":"product_tag","embeddable":true,"href":"https:\/\/www.cy-chemicals.com\/it\/wp-json\/wp\/v2\/product_tag?post=681"}],"curies":[{"name":"wp","href":"https:\/\/api.w.org\/{rel}","templated":true}]}}