{"id":679,"date":"2024-04-10T16:41:39","date_gmt":"2024-04-10T08:41:39","guid":{"rendered":"https:\/\/www.cy-chemicals.com\/?post_type=product&#038;p=679"},"modified":"2024-04-25T11:30:09","modified_gmt":"2024-04-25T03:30:09","slug":"pac","status":"publish","type":"product","link":"https:\/\/www.cy-chemicals.com\/it\/product\/pac\/","title":{"rendered":"PAC"},"content":{"rendered":"<p>La cellulosa polianionica (PAC), denominata PAC, \u00e8 un derivato eterico di cellulosa solubile in acqua prodotto dalla modifica chimica della cellulosa naturale. \u00c8 un importante etere di cellulosa solubile in acqua ed \u00e8 bianco o leggermente giallo. Polvere, non tossico, inodoro, pu\u00f2 essere sciolto in acqua, ha buona resistenza al calore, resistenza al sale e forti propriet\u00e0 antibatteriche. Il fluido fangoso formulato con questo prodotto ha una buona riduzione della perdita d'acqua, inibizione e resistenza alle alte temperature. Ampiamente utilizzato nella perforazione petrolifera, in particolare pozzi di acqua salata e perforazione petrolifera offshore.<\/p>\n<p>I prodotti in cellulosa polianionica VEKEN PAC sono suddivisi in due categorie: ad alta viscosit\u00e0 (HV) e a bassa viscosit\u00e0 (LV). Sono prodotti high-tech con diritti di propriet\u00e0 intellettuale indipendenti della nostra azienda. \u00c8 un etere di cellulosa anionica e ha le caratteristiche di alta purezza, alto grado di sostituzione e distribuzione uniforme degli atomi sostituiti. Pu\u00f2 essere utilizzato come addensante, regolatore di reologia, agente riducente della perdita d'acqua, ecc. I PAC ad alta viscosit\u00e0 e a bassa viscosit\u00e0 hanno eccellenti effetti di riduzione delle perdite di filtro in fanghi di acqua dolce e di mare e sono prodotti indispensabili nella compatibilit\u00e0 con i fanghi. Il PAC prodotto dalla nostra azienda \u00e8 un prodotto raffinato di alta purezza. Il suo aspetto \u00e8 una polvere che scorre di colore porta e la sua soluzione acquosa \u00e8 un liquido viscoso trasparente. Come polimero idrosolubile, PAC ha le seguenti funzioni e propriet\u00e0:<\/p>\n<p>1. sciogliere rapidamente in acqua fredda o calda;<\/p>\n<p>2. Pu\u00f2 essere utilizzato come addensante, agente di controllo della reologia, adesivo, stabilizzatore, colloide protettivo, agente sospendente e agente di ritenzione dell'acqua;<\/p>\n<p>Nell'industria mineraria petrolifera, PAC \u00e8 un migliore agente di trattamento del fango di foratura e materiale per la preparazione dei fluidi di completamento, con un alto tasso di polpa e una buona resistenza al sale. Per lo slurry di acqua dolce, lo slurry di acqua marina e lo slurry di acqua salata satura, PAC \u00e8 un eccellente agente di trattamento per ridurre la perdita di fluido e ha una buona capacit\u00e0 di miglioramento della viscosit\u00e0 e resistenza ad alte temperature (150 \u00b0 C). \u00c8 adatto per la preparazione di acqua dolce, acqua di mare e fluidi di completamento di salamura satura e pu\u00f2 essere preparato in fluidi di completamento di varie densit\u00e0 sotto l'aggravamento del cloruro di calcio e pu\u00f2 rendere il fluido di completamento ha una certa viscosit\u00e0 e bassa perdita di filtro. I prodotti PAC ad alta viscosit\u00e0 e bassa viscosit\u00e0 prodotti dalla nostra azienda sono conformi agli standard GB\/T 5005, agli standard europei OCMA e agli standard API 13A.<\/p>","protected":false},"excerpt":{"rendered":"<p>La cellulosa polianionica (PAC), denominata PAC, \u00e8 un derivato eterico di cellulosa solubile in acqua prodotto dalla modifica chimica della cellulosa naturale.<\/p>","protected":false},"featured_media":855,"comment_status":"open","ping_status":"closed","template":"","meta":{"_acf_changed":false},"product_cat":[20,19],"product_tag":[],"class_list":{"0":"post-679","1":"product","2":"type-product","3":"status-publish","4":"has-post-thumbnail","6":"product_cat-pac","7":"product_cat-polyanionic-cellulose","9":"first","10":"instock","11":"shipping-taxable","12":"product-type-simple"},"acf":[],"_links":{"self":[{"href":"https:\/\/www.cy-chemicals.com\/it\/wp-json\/wp\/v2\/product\/679","targetHints":{"allow":["GET"]}}],"collection":[{"href":"https:\/\/www.cy-chemicals.com\/it\/wp-json\/wp\/v2\/product"}],"about":[{"href":"https:\/\/www.cy-chemicals.com\/it\/wp-json\/wp\/v2\/types\/product"}],"replies":[{"embeddable":true,"href":"https:\/\/www.cy-chemicals.com\/it\/wp-json\/wp\/v2\/comments?post=679"}],"wp:featuredmedia":[{"embeddable":true,"href":"https:\/\/www.cy-chemicals.com\/it\/wp-json\/wp\/v2\/media\/855"}],"wp:attachment":[{"href":"https:\/\/www.cy-chemicals.com\/it\/wp-json\/wp\/v2\/media?parent=679"}],"wp:term":[{"taxonomy":"product_cat","embeddable":true,"href":"https:\/\/www.cy-chemicals.com\/it\/wp-json\/wp\/v2\/product_cat?post=679"},{"taxonomy":"product_tag","embeddable":true,"href":"https:\/\/www.cy-chemicals.com\/it\/wp-json\/wp\/v2\/product_tag?post=679"}],"curies":[{"name":"wp","href":"https:\/\/api.w.org\/{rel}","templated":true}]}}