{"id":1016,"date":"2024-04-25T11:14:37","date_gmt":"2024-04-25T03:14:37","guid":{"rendered":"https:\/\/www.cy-chemicals.com\/?post_type=product&#038;p=1016"},"modified":"2024-04-25T11:14:37","modified_gmt":"2024-04-25T03:14:37","slug":"npam","status":"publish","type":"product","link":"https:\/\/www.cy-chemicals.com\/it\/product\/npam\/","title":{"rendered":"NPAM"},"content":{"rendered":"<p>La poliacrilammide non ionica (NPAM) \u00e8 un importante composto polimerico ampiamente utilizzato nel trattamento delle acque, nell'estrazione petrolifera, nella pasta e nella carta, nella stampa e nella tintura tessili e in altri campi.<\/p>\n<p>NPAM \u00e8 un polimero non carico con la formula chimica (C3H5NO) n. Si ottiene polimerizzando il monomero di acrilammide. Rispetto alla poliacrilammide ionica, NPAM non \u00e8 carica e quindi ha una capacit\u00e0 di assorbimento ionico inferiore.<\/p>\n<p>NPAM ha le seguenti caratteristiche:<\/p>\n<p>Altamente assorbente d'acqua: a causa della sua struttura polimerica, NPAM \u00e8 in grado di assorbire grandi quantit\u00e0 di acqua, formando una soluzione colloidale.<\/p>\n<p>Alta viscosit\u00e0: le soluzioni NPAM hanno alta viscosit\u00e0 e possono sviluppare propriet\u00e0 reologiche controllabili in varie condizioni.<\/p>\n<p>Buona stabilit\u00e0: NPAM pu\u00f2 mantenere una buona stabilit\u00e0 in condizioni di qualit\u00e0 dell'acqua diverse e non \u00e8 facilmente degradato.<\/p>\n<p>Non tossico: NPAM non \u00e8 tossico per l'ambiente e gli organismi e non causer\u00e0 inquinamento per l'ambiente.<\/p>\n<p>NPAM \u00e8 ampiamente utilizzato in molti campi, tra cui i seguenti aspetti:<\/p>\n<p>1. Campo di trattamento dell'acqua<br \/>\nCome eccellente flocculante e agente di purificazione dell'acqua, NPAM \u00e8 ampiamente utilizzato nel trattamento delle acque reflue e nei processi di purificazione dell'acqua potabile. Pu\u00f2 rimuovere efficacemente solidi sospesi, colloidi e materia organica e migliorare la qualit\u00e0 dell'acqua.<\/p>\n<p>2. campo di estrazione dell'olio<br \/>\nIl NPAM pu\u00f2 essere utilizzato come agente di spostamento petrolifero nell'esplorazione petrolifera. Pu\u00f2 aumentare la fluidit\u00e0 dell'olio e migliorare il recupero dell'olio. Inoltre, NPAM pu\u00f2 essere utilizzato anche per prevenire l'infiltrazione dell'acqua e ridurre gli sprechi di acque sotterranee.<\/p>\n<p>3. Industria della pasta e della carta<br \/>\nIl NPAM pu\u00f2 essere utilizzato come additivo nei processi di produzione di pasta e carta. Pu\u00f2 aumentare la viscosit\u00e0 e la resistenza della pasta e migliorare la qualit\u00e0 della carta.<\/p>\n<p>4. Campo di stampa e tintura tessile<br \/>\nIl NPAM pu\u00f2 essere utilizzato come dispersante e ispessore nell'industria della stampa e della tintura tessile. Migliora la dispersione del colorante e la liquidit\u00e0.<\/p>\n<p>&nbsp;<\/p>","protected":false},"excerpt":{"rendered":"<p>La poliacrilammide non ionica (NPAM) \u00e8 un importante composto polimerico ampiamente utilizzato nel trattamento delle acque, nell'estrazione petrolifera, nella pasta e nella carta, nella stampa e nella tintura tessili e in altri campi.<\/p>","protected":false},"featured_media":1021,"comment_status":"open","ping_status":"closed","template":"","meta":{"_acf_changed":false},"product_cat":[25,22],"product_tag":[],"class_list":{"0":"post-1016","1":"product","2":"type-product","3":"status-publish","4":"has-post-thumbnail","6":"product_cat-npam","7":"product_cat-pam","9":"first","10":"instock","11":"shipping-taxable","12":"product-type-simple"},"acf":[],"_links":{"self":[{"href":"https:\/\/www.cy-chemicals.com\/it\/wp-json\/wp\/v2\/product\/1016","targetHints":{"allow":["GET"]}}],"collection":[{"href":"https:\/\/www.cy-chemicals.com\/it\/wp-json\/wp\/v2\/product"}],"about":[{"href":"https:\/\/www.cy-chemicals.com\/it\/wp-json\/wp\/v2\/types\/product"}],"replies":[{"embeddable":true,"href":"https:\/\/www.cy-chemicals.com\/it\/wp-json\/wp\/v2\/comments?post=1016"}],"wp:featuredmedia":[{"embeddable":true,"href":"https:\/\/www.cy-chemicals.com\/it\/wp-json\/wp\/v2\/media\/1021"}],"wp:attachment":[{"href":"https:\/\/www.cy-chemicals.com\/it\/wp-json\/wp\/v2\/media?parent=1016"}],"wp:term":[{"taxonomy":"product_cat","embeddable":true,"href":"https:\/\/www.cy-chemicals.com\/it\/wp-json\/wp\/v2\/product_cat?post=1016"},{"taxonomy":"product_tag","embeddable":true,"href":"https:\/\/www.cy-chemicals.com\/it\/wp-json\/wp\/v2\/product_tag?post=1016"}],"curies":[{"name":"wp","href":"https:\/\/api.w.org\/{rel}","templated":true}]}}