{"id":1011,"date":"2024-04-25T11:10:14","date_gmt":"2024-04-25T03:10:14","guid":{"rendered":"https:\/\/www.cy-chemicals.com\/?post_type=product&#038;p=1011"},"modified":"2024-04-25T11:10:14","modified_gmt":"2024-04-25T03:10:14","slug":"cpam","status":"publish","type":"product","link":"https:\/\/www.cy-chemicals.com\/it\/product\/cpam\/","title":{"rendered":"CPAM"},"content":{"rendered":"<p>La poliacrilammide cationica \u00e8 un polielettroliti polimerico solubile in acqua che \u00e8 facilmente solubile in acqua e insolubile in solventi organici come etanolo e acetone.<\/p>\n<p>&nbsp;<\/p>\n<p>1. Panoramica del prodotto (poliacrilammide cationica)<\/p>\n<p>La nostra azienda&#8217; s flocculante di tipo emulsione cationica, oltre a conservare i vantaggi dei flocculanti in polvere secca cationica, ha le caratteristiche di grande selettivit\u00e0 della densit\u00e0 di carica, velocit\u00e0 di dissoluzione, facile trasporto, stoccaggio e uso rapido. Rispetto ai prodotti tradizionali, ha un'ampia gamma di pH applicabile, alta stabilit\u00e0 della carica, buon effetto di flocculazione e basso dosaggio. Pu\u00f2 essere ampiamente utilizzato in varie acque reflue domestiche, acque reflue chimiche, trattamento di disidratazione dei fanghi, fabbricazione di carta e altri campi.<\/p>\n<p>2. Come usare<\/p>\n<p>(1) Prima di usare questo prodotto, scuoterlo il meglio possibile;<\/p>\n<p>(2) Durante l'operazione di dissoluzione, aggiungere questo prodotto aggiungendo acqua. Si raccomanda di controllare la concentrazione di dissoluzione a 3-5 \u2030, e il tempo di invecchiamento \u00e8 preferibilmente di circa 25 minuti;<\/p>\n<p>(3) Evitare l'uso di pompe a rotore ad alto taglio come pompe centrifughe durante il trasporto. \u00c8 meglio utilizzare pompe a basso taglio come pompe a vite e pompe a diaframma;<\/p>\n<p>(4) L'operazione di scioglimento deve essere eseguita in un serbatoio fatto di plastica, ceramica, acciaio inossidabile e altri materiali. La velocit\u00e0 di agitazione non deve essere troppo alta e il riscaldamento non \u00e8 necessario.<\/p>\n<p>(5) La soluzione diluita preparata non deve essere conservata per un lungo periodo di tempo. \u00c8 meglio dissolverlo mentre viene utilizzato;<\/p>\n<p>(6) Quando questo prodotto viene utilizzato in combinazione con coagulante inorganico per trattare le acque reflue, il coagulante inorganico deve essere aggiunto prima. Quando appare un'evidente fioritura di allumone (generalmente l'intervallo \u00e8 di circa 30-60 secondi), aggiungere questo prodotto. Non invertire l'ordine. e non pu\u00f2 essere aggiunto allo stesso tempo.<\/p>\n<p>3. Istruzioni di conservazione<\/p>\n<p>(1) Il periodo di conservazione \u00e8 generalmente di 6 mesi in un contenitore ermetico a temperatura ambiente ed essere protetto dalla luce;<\/p>\n<p>(2) Quando si stocca in piccoli barili, si dovrebbe prestare attenzione alla regolare rotazione e all'agitazione per raggiungere la miscelazione completa e prevenire la stratificazione;<\/p>\n<p>(3) Quando si conserva in un grande contenitore, installare un agitatore multi-foglia che pu\u00f2 raggiungere il fondo del contenitore e accenderlo regolarmente, o installare una pompa di circolazione per circolare e mescolare regolarmente per garantire la miscelazione completa e prevenire la stratificazione.<\/p>\n<p>(4) La temperatura di stoccaggio ottimale \u00e8 di 50-80 \u00b0 F (10-27 \u00b0 C). Il prodotto non pu\u00f2 essere congelato, altrimenti le sue prestazioni saranno influenzate.<\/p>\n<p>(5) Se il prodotto congela, spostarlo in un luogo con una temperatura pi\u00f9 alta e lasciarlo sciogliere lentamente. Mescolarlo accuratamente prima di usarlo e filtrarlo attraverso uno schermo a 100 maglie.<\/p>\n<p>&nbsp;<\/p>\n<p>&nbsp;<\/p>","protected":false},"excerpt":{"rendered":"<p>La poliacrilammide cationica \u00e8 un polielettroliti polimerico solubile in acqua che \u00e8 facilmente solubile in acqua e insolubile in solventi organici come etanolo e acetone.<\/p>","protected":false},"featured_media":1015,"comment_status":"open","ping_status":"closed","template":"","meta":{"_acf_changed":false},"product_cat":[24,22],"product_tag":[],"class_list":{"0":"post-1011","1":"product","2":"type-product","3":"status-publish","4":"has-post-thumbnail","6":"product_cat-cpam","7":"product_cat-pam","9":"first","10":"instock","11":"shipping-taxable","12":"product-type-simple"},"acf":[],"_links":{"self":[{"href":"https:\/\/www.cy-chemicals.com\/it\/wp-json\/wp\/v2\/product\/1011","targetHints":{"allow":["GET"]}}],"collection":[{"href":"https:\/\/www.cy-chemicals.com\/it\/wp-json\/wp\/v2\/product"}],"about":[{"href":"https:\/\/www.cy-chemicals.com\/it\/wp-json\/wp\/v2\/types\/product"}],"replies":[{"embeddable":true,"href":"https:\/\/www.cy-chemicals.com\/it\/wp-json\/wp\/v2\/comments?post=1011"}],"wp:featuredmedia":[{"embeddable":true,"href":"https:\/\/www.cy-chemicals.com\/it\/wp-json\/wp\/v2\/media\/1015"}],"wp:attachment":[{"href":"https:\/\/www.cy-chemicals.com\/it\/wp-json\/wp\/v2\/media?parent=1011"}],"wp:term":[{"taxonomy":"product_cat","embeddable":true,"href":"https:\/\/www.cy-chemicals.com\/it\/wp-json\/wp\/v2\/product_cat?post=1011"},{"taxonomy":"product_tag","embeddable":true,"href":"https:\/\/www.cy-chemicals.com\/it\/wp-json\/wp\/v2\/product_tag?post=1011"}],"curies":[{"name":"wp","href":"https:\/\/api.w.org\/{rel}","templated":true}]}}