{"id":1001,"date":"2024-04-25T11:02:43","date_gmt":"2024-04-25T03:02:43","guid":{"rendered":"https:\/\/www.cy-chemicals.com\/?post_type=product&#038;p=1001"},"modified":"2024-04-25T17:23:39","modified_gmt":"2024-04-25T09:23:39","slug":"apam","status":"publish","type":"product","link":"https:\/\/www.cy-chemicals.com\/it\/product\/apam\/","title":{"rendered":"APAM"},"content":{"rendered":"<p>La poliacrilammide anionica (APAM) \u00e8 un polimero idrosolubile<\/p>\n<p>&nbsp;<\/p>\n<p>1\u3001Caratteristiche del prodotto<\/p>\n<p>La poliacrilammide non ionica \u00e8 un polimero con alto peso molecolare e bassa resistenza ionica. Ha flocculazione, dispersione, adesivo, adesivo, film, gel e colloide stabilizzante. Il suo flocculante ha poca influenza sul valore del pH e sul sale, e il suo effetto \u00e8 migliore del polimero anionico nel trattamento delle acque reflue acide.<\/p>\n<p>2. uso del prodotto<\/p>\n<p>Viene utilizzato come flocculante per il trattamento del serbatoio delle acque reflue industriali e il trattamento dell'acqua potabile, il controllo del profilo dei campi petroliferi e l'additivo di chiusura dell'acqua, l'additivo del fango di foratura, l'additivo della fabbricazione della carta, ecc.<\/p>\n<p>&nbsp;<\/p>\n<p>3. Istruzioni per l'uso<\/p>\n<p>(1) Di solito preparare il prodotto in 0,05% &#8211; 0,5% (p \/ p) soluzione per standby.<\/p>\n<p>(2) Quando si scioglie, il prodotto deve essere uniformemente disperso e mescolato per aiutare a sciogliere.<\/p>\n<p>(3) Quando in uso, evitare l'uso di materiali metallici e altri serbatoi di dissoluzione e piscine che sono facili da influenzare la qualit\u00e0 dell'acqua.<\/p>\n<p>(4) Aumentare la temperatura dell'acqua pu\u00f2 accelerare il tasso di dissoluzione, ma generalmente la temperatura dell'acqua non pu\u00f2 superare i 50 \u2103.<\/p>\n<p>&nbsp;<\/p>\n<p>Imballaggio 4.Product<\/p>\n<p>I prodotti sono imballati in sacchetti compositi di carta plastica tre in uno, con ogni sacchetto di 25kg o determinato in base alle esigenze degli utenti; La durata di conservazione \u00e8 di 2 anni.<\/p>\n<p>5.Precautions<\/p>\n<p>Il prodotto \u00e8 facile da assorbire l'umidit\u00e0. Presta attenzione all'umidit\u00e0 e all'umidit\u00e0. Conservare in magazzino fresco, ventilato e asciutto.<\/p>","protected":false},"excerpt":{"rendered":"<p>La poliacrilammide anionica (APAM) \u00e8 un polimero solubile in acqua.<\/p>","protected":false},"featured_media":1002,"comment_status":"open","ping_status":"closed","template":"","meta":{"_acf_changed":false},"product_cat":[23,22],"product_tag":[],"class_list":{"0":"post-1001","1":"product","2":"type-product","3":"status-publish","4":"has-post-thumbnail","6":"product_cat-apam","7":"product_cat-pam","9":"first","10":"instock","11":"shipping-taxable","12":"product-type-simple"},"acf":[],"_links":{"self":[{"href":"https:\/\/www.cy-chemicals.com\/it\/wp-json\/wp\/v2\/product\/1001","targetHints":{"allow":["GET"]}}],"collection":[{"href":"https:\/\/www.cy-chemicals.com\/it\/wp-json\/wp\/v2\/product"}],"about":[{"href":"https:\/\/www.cy-chemicals.com\/it\/wp-json\/wp\/v2\/types\/product"}],"replies":[{"embeddable":true,"href":"https:\/\/www.cy-chemicals.com\/it\/wp-json\/wp\/v2\/comments?post=1001"}],"wp:featuredmedia":[{"embeddable":true,"href":"https:\/\/www.cy-chemicals.com\/it\/wp-json\/wp\/v2\/media\/1002"}],"wp:attachment":[{"href":"https:\/\/www.cy-chemicals.com\/it\/wp-json\/wp\/v2\/media?parent=1001"}],"wp:term":[{"taxonomy":"product_cat","embeddable":true,"href":"https:\/\/www.cy-chemicals.com\/it\/wp-json\/wp\/v2\/product_cat?post=1001"},{"taxonomy":"product_tag","embeddable":true,"href":"https:\/\/www.cy-chemicals.com\/it\/wp-json\/wp\/v2\/product_tag?post=1001"}],"curies":[{"name":"wp","href":"https:\/\/api.w.org\/{rel}","templated":true}]}}