{"id":682,"date":"2024-04-10T16:43:07","date_gmt":"2024-04-10T08:43:07","guid":{"rendered":"https:\/\/www.cy-chemicals.com\/?post_type=product&#038;p=682"},"modified":"2024-04-25T17:28:26","modified_gmt":"2024-04-25T09:28:26","slug":"xg-2","status":"publish","type":"product","link":"https:\/\/www.cy-chemicals.com\/fr\/product\/xg-2\/","title":{"rendered":"Xanthan gomme huile de forage grade"},"content":{"rendered":"<p>La gomme de xanthan de qualit\u00e9 de forage de p\u00e9trole est un additif efficace et respectueux de l'environnement pour la boue de forage de p\u00e9trole, adapt\u00e9 aux temp\u00e9ratures (\u226594 \u00b0 C),<br \/>\nL'acide, l'alcali et le sel ont une excellente tol\u00e9rance, ce qui peut am\u00e9liorer consid\u00e9rablement la perm\u00e9abilit\u00e9 de la boue et la capacit\u00e9 \u00e0 suspendre la mati\u00e8re solide, stabiliser la paroi du puits et r\u00e9duire les dommages au r\u00e9servoir d'huile, am\u00e9liorant ainsi consid\u00e9rablement l'efficacit\u00e9 du forage, du travail et de l'ach\u00e8vement. C'est donc un additif de boue id\u00e9al pour le forage en mer. Il peut rester stable pendant longtemps sous l'eau sal\u00e9e satur\u00e9e et \u00e0 une temp\u00e9rature de 85\u00b0C. C'est donc un agent de d\u00e9placement id\u00e9al dans les champs p\u00e9troliers \u00e0 haute temp\u00e9rature et \u00e0 haute salinit\u00e9. La gomme de xanthan est une gomme biologique qui int\u00e8gre l'\u00e9paississement, la suspension, l'\u00e9mulsification et la stabilisation. La gomme de xanthane pr\u00e9sente les propri\u00e9t\u00e9s g\u00e9n\u00e9rales des polym\u00e8res \u00e0 cha\u00eene longue, mais elle contient plus de groupes fonctionnels que les polym\u00e8res ordinaires et pr\u00e9sentera de mauvaises performances dans des conditions sp\u00e9cifiques. Sa conformation en solution aqueuse est diversifi\u00e9e et pr\u00e9sente des propri\u00e9t\u00e9s diff\u00e9rentes dans des conditions diff\u00e9rentes.<\/p>\n<p>Propri\u00e9t\u00e9s suspensives et \u00e9mulsifiantes<\/p>\n<p>La gomme de xanthane a un bon effet de suspension sur les solides insolubles et les gouttelettes d'huile. Les mol\u00e9cules de sol de gomme de xanthane peuvent former des copolym\u00e8res h\u00e9lico\u00efdales en forme de ruban super-li\u00e9s, formant une structure de r\u00e9seau fragile semblable \u00e0 une colle, de sorte qu'elles peuvent supporter la forme de particules solides, de gouttelettes et de bulles, montrant une forte stabilisation en \u00e9mulsion et une haute capacit\u00e9 de suspension.<\/p>\n<p>soluble dans l'eau<\/p>\n<p>La gomme de xanthan peut se dissoudre rapidement dans l'eau et a une bonne solubilit\u00e9 dans l'eau. En particulier, il peut \u00e9galement \u00eatre dissous dans l'eau froide, ce qui peut \u00e9conomiser le processus de traitement compliqu\u00e9 et est facile \u00e0 utiliser. Cependant, en raison de son hydrophilicit\u00e9, si une petite quantit\u00e9 d'eau est ajout\u00e9e directement et que l'agitation est insuffisante, la couche ext\u00e9rieure absorbera l'eau et gonflera en micelles, ce qui emp\u00eachera l'eau d'entrer dans la couche interne et affectera la performance de la fonction. Il faut donc prendre soin de l\u2019utiliser correctement. M\u00e9langez la poudre s\u00e8che de gomme de xanthan ou les accessoires de poudre s\u00e8che tels que le sel et le sucre de mani\u00e8re uniforme, puis ajoutez-la lentement \u00e0 l'eau agit\u00e9e pour faire une solution \u00e0 utiliser.<\/p>","protected":false},"excerpt":{"rendered":"<p>La gomme xanthane de qualit\u00e9 de forage p\u00e9trolier est un additif efficace et respectueux de l'environnement pour la boue de forage p\u00e9trolier.<\/p>","protected":false},"featured_media":856,"comment_status":"open","ping_status":"closed","template":"","meta":{"_acf_changed":false},"product_cat":[15],"product_tag":[],"class_list":{"0":"post-682","1":"product","2":"type-product","3":"status-publish","4":"has-post-thumbnail","6":"product_cat-xanthan-gum","8":"first","9":"instock","10":"shipping-taxable","11":"product-type-simple"},"acf":[],"_links":{"self":[{"href":"https:\/\/www.cy-chemicals.com\/fr\/wp-json\/wp\/v2\/product\/682","targetHints":{"allow":["GET"]}}],"collection":[{"href":"https:\/\/www.cy-chemicals.com\/fr\/wp-json\/wp\/v2\/product"}],"about":[{"href":"https:\/\/www.cy-chemicals.com\/fr\/wp-json\/wp\/v2\/types\/product"}],"replies":[{"embeddable":true,"href":"https:\/\/www.cy-chemicals.com\/fr\/wp-json\/wp\/v2\/comments?post=682"}],"wp:featuredmedia":[{"embeddable":true,"href":"https:\/\/www.cy-chemicals.com\/fr\/wp-json\/wp\/v2\/media\/856"}],"wp:attachment":[{"href":"https:\/\/www.cy-chemicals.com\/fr\/wp-json\/wp\/v2\/media?parent=682"}],"wp:term":[{"taxonomy":"product_cat","embeddable":true,"href":"https:\/\/www.cy-chemicals.com\/fr\/wp-json\/wp\/v2\/product_cat?post=682"},{"taxonomy":"product_tag","embeddable":true,"href":"https:\/\/www.cy-chemicals.com\/fr\/wp-json\/wp\/v2\/product_tag?post=682"}],"curies":[{"name":"wp","href":"https:\/\/api.w.org\/{rel}","templated":true}]}}