{"id":681,"date":"2024-04-10T16:42:17","date_gmt":"2024-04-10T08:42:17","guid":{"rendered":"https:\/\/www.cy-chemicals.com\/?post_type=product&#038;p=681"},"modified":"2024-04-23T12:09:38","modified_gmt":"2024-04-23T04:09:38","slug":"phpa","status":"publish","type":"product","link":"https:\/\/www.cy-chemicals.com\/fr\/product\/phpa\/","title":{"rendered":"PHPA"},"content":{"rendered":"<p>Le polyacrylamide hydrolysable (PHPA) est un polym\u00e8re hautement mol\u00e9culaire qui est largement utilis\u00e9 dans l'industrie du forage. Il a de bonnes performances d'hydrolyse et une viscosit\u00e9 \u00e9lev\u00e9e, ce qui peut efficacement am\u00e9liorer la capacit\u00e9 de suspension du fluide de forage et des coupures de transport. capacit\u00e9, prot\u00e9geant ainsi le mur du puits, augmentant la vitesse de forage et emp\u00eachant le collage du forage.<br \/>\nL'application de la polyacrylamide hydrolysable (PHPA) dans le forage se refl\u00e8te principalement dans les aspects suivants:<\/p>\n<p>Flocculation: Le polyacrylamide hydrolysable a de fortes propri\u00e9t\u00e9s de flocculation et peut flocculer la boue et les coupures pendant le forage pour former de grands groupes de flocculation, ce qui facilite le nettoyage du fond du puits.<\/p>\n<p>Ajustement de la rh\u00e9ologie du fluide de forage: En tant que r\u00e9gulateur du fluide de forage, le polyacrylamide hydrolys\u00e9 (PHPA) est souvent utilis\u00e9, qui est obtenu en hydrolysant le polyacrylamide. Sa fonction est d'ajuster la rh\u00e9ologie du fluide de forage, de transporter des coupures, de lubrifier la broche de forage, de r\u00e9duire la perte de fluide, etc.<\/p>\n<p>Pr\u00e9venir l'effondrement de la paroi du puits: le polyacrylamide hydrolysable (PHPA) peut prot\u00e9ger les particules de sol dans le fluide de forage et emp\u00eacher l'effondrement de la paroi du puits par adsorption multipoint, protection contre le gel et effets d'\u00e9tanch\u00e9it\u00e9.<\/p>\n<p>Effet de bouchonnement: Pendant le processus de forage, le fluide de forage perdra de l'eau en raison de la structure g\u00e9ologique. La polyacrylamide peut \u00eatre utilis\u00e9e pour couvrir les fuites dans les fissures et les formations rocheuses l\u00e2ches.<\/p>\n<p>Am\u00e9liorer la lubricit\u00e9 et la stabilit\u00e9: le polyacrylamide hydrolysable (PHPA) peut am\u00e9liorer la lubricit\u00e9 et la stabilit\u00e9 de la boue, r\u00e9duire la perte d'eau dans la boue de forage, pr\u00e9venir efficacement et d\u00e9coller le forage et am\u00e9liorer l'efficacit\u00e9 du forage.<\/p>\n<p>La r\u00e9ticulation peut \u00e9galement se produire sous l'action du plasma Al3, Fe3, Ca2. Une partie du compos\u00e9 polym\u00e8re change de lin\u00e9aire \u00e0 collo\u00efdale, insoluble dans l'eau, adsorb\u00e9 sur la paroi du puits et bouche les vides de formation, emp\u00eachant la perte de fluide de forage.<\/p>\n<p>En g\u00e9n\u00e9ral, l'application de polyacrylamide hydrolysable (PHPA) dans le forage se refl\u00e8te principalement dans la flocculation, l'ajustement de la rh\u00e9ologie du fluide de forage, la pr\u00e9vention de l'effondrement de la paroi du puits, les fuites de bouchonnement, l'am\u00e9lioration de la lubrification et de la stabilit\u00e9 et la r\u00e9ticulation.<\/p>","protected":false},"excerpt":{"rendered":"<p>Le polyacrylamide hydrolysable (PHPA) est un polym\u00e8re hautement mol\u00e9culaire qui est largement utilis\u00e9 dans l'industrie du forage.<\/p>","protected":false},"featured_media":857,"comment_status":"open","ping_status":"closed","template":"","meta":{"_acf_changed":false},"product_cat":[22,26],"product_tag":[],"class_list":{"0":"post-681","1":"product","2":"type-product","3":"status-publish","4":"has-post-thumbnail","6":"product_cat-pam","7":"product_cat-phpa","9":"first","10":"instock","11":"shipping-taxable","12":"product-type-simple"},"acf":[],"_links":{"self":[{"href":"https:\/\/www.cy-chemicals.com\/fr\/wp-json\/wp\/v2\/product\/681","targetHints":{"allow":["GET"]}}],"collection":[{"href":"https:\/\/www.cy-chemicals.com\/fr\/wp-json\/wp\/v2\/product"}],"about":[{"href":"https:\/\/www.cy-chemicals.com\/fr\/wp-json\/wp\/v2\/types\/product"}],"replies":[{"embeddable":true,"href":"https:\/\/www.cy-chemicals.com\/fr\/wp-json\/wp\/v2\/comments?post=681"}],"wp:featuredmedia":[{"embeddable":true,"href":"https:\/\/www.cy-chemicals.com\/fr\/wp-json\/wp\/v2\/media\/857"}],"wp:attachment":[{"href":"https:\/\/www.cy-chemicals.com\/fr\/wp-json\/wp\/v2\/media?parent=681"}],"wp:term":[{"taxonomy":"product_cat","embeddable":true,"href":"https:\/\/www.cy-chemicals.com\/fr\/wp-json\/wp\/v2\/product_cat?post=681"},{"taxonomy":"product_tag","embeddable":true,"href":"https:\/\/www.cy-chemicals.com\/fr\/wp-json\/wp\/v2\/product_tag?post=681"}],"curies":[{"name":"wp","href":"https:\/\/api.w.org\/{rel}","templated":true}]}}