{"id":679,"date":"2024-04-10T16:41:39","date_gmt":"2024-04-10T08:41:39","guid":{"rendered":"https:\/\/www.cy-chemicals.com\/?post_type=product&#038;p=679"},"modified":"2024-04-25T11:30:09","modified_gmt":"2024-04-25T03:30:09","slug":"pac","status":"publish","type":"product","link":"https:\/\/www.cy-chemicals.com\/fr\/product\/pac\/","title":{"rendered":"PAC"},"content":{"rendered":"<p>La cellulose polyanionique (PAC), appel\u00e9e PAC, est un d\u00e9riv\u00e9 \u00e9ther de cellulose hydrosoluble fabriqu\u00e9 \u00e0 partir de la modification chimique de la cellulose naturelle. C'est un \u00e9ther de cellulose hydrosoluble important et est blanc ou l\u00e9g\u00e8rement jaune. Poudre, non toxique, inodore, il peut \u00eatre dissous dans l'eau, a une bonne r\u00e9sistance \u00e0 la chaleur, r\u00e9sistance au sel et de fortes propri\u00e9t\u00e9s antibact\u00e9riennes. Le fluide de boue formul\u00e9 avec ce produit pr\u00e9sente une bonne r\u00e9duction des pertes d'eau, une inhibition et une r\u00e9sistance \u00e0 des temp\u00e9ratures \u00e9lev\u00e9es. Largement utilis\u00e9 dans le forage p\u00e9trolier, en particulier les puits d'eau sal\u00e9e et le forage p\u00e9trolier offshore.<\/p>\n<p>Les produits VEKEN de cellulose polyanionique PAC sont divis\u00e9s en deux cat\u00e9gories : haute viscosit\u00e9 (HV) et basse viscosit\u00e9 (LV). Ce sont des produits de haute technologie avec des droits de propri\u00e9t\u00e9 intellectuelle ind\u00e9pendants de notre entreprise. C'est un \u00e9ther de cellulose anionique et pr\u00e9sente les caract\u00e9ristiques de haute puret\u00e9, de haut degr\u00e9 de substitution et de distribution uniforme des atomes substitu\u00e9s. Il peut \u00eatre utilis\u00e9 comme \u00e9paississant, r\u00e9gulateur de rh\u00e9ologie, agent r\u00e9ducteur de perte d'eau, etc. Les PAC \u00e0 haute viscosit\u00e9 et \u00e0 faible viscosit\u00e9 ont d'excellents effets de r\u00e9duction des pertes de filtre dans les boues d'eau douce et d'eau de mer et sont des produits indispensables dans la compatibilit\u00e9 avec les boues. Le PAC produit par notre entreprise est un produit raffin\u00e9 de haute puret\u00e9. Son apparence est une poudre coulante de couleur porte, et sa solution aqueuse est un liquide visqueux transparent. En tant que polym\u00e8re hydrosoluble, le PAC poss\u00e8de les fonctions et propri\u00e9t\u00e9s suivantes:<\/p>\n<p>1. dissoudre rapidement dans l'eau froide ou chaude;<\/p>\n<p>2. Peut \u00eatre utilis\u00e9 comme \u00e9paississant, agent de contr\u00f4le de rh\u00e9ologie, adh\u00e9sif, stabilisateur, collo\u00efde protecteur, agent de suspension et agent de r\u00e9tention d'eau;<\/p>\n<p>Dans l'industrie mini\u00e8re p\u00e9troli\u00e8re, le PAC est un meilleur agent de traitement des boues de forage et un mat\u00e9riau pour la pr\u00e9paration des fluides d'ach\u00e8vement, avec un taux de pulpe \u00e9lev\u00e9 et une bonne r\u00e9sistance au sel. Pour la boue d'eau douce, la boue d'eau de mer et la boue d'eau sal\u00e9e satur\u00e9e, le PAC est un excellent agent de traitement de r\u00e9duction de la perte de fluide et a une bonne capacit\u00e9 d'am\u00e9lioration de la viscosit\u00e9 et de r\u00e9sistance \u00e0 la haute temp\u00e9rature (150 \u00b0C). Il convient \u00e0 la pr\u00e9paration d'eau douce, d'eau de mer et de fluides de compl\u00e9tion de saumure satur\u00e9e, et peut \u00eatre pr\u00e9par\u00e9 en fluides de compl\u00e9tion de diff\u00e9rentes densit\u00e9s sous l'aggravation du chlorure de calcium, et peut faire que le fluide de compl\u00e9tion ait une certaine viscosit\u00e9 et une faible perte de filtre. Les produits PAC \u00e0 haute viscosit\u00e9 et \u00e0 faible viscosit\u00e9 produits par notre soci\u00e9t\u00e9 sont conformes aux normes GB \/ T 5005, aux normes OCMA europ\u00e9ennes et aux normes API 13A.<\/p>","protected":false},"excerpt":{"rendered":"<p>La cellulose polyanionique (PAC), appel\u00e9e PAC, est un d\u00e9riv\u00e9 \u00e9ther de cellulose hydrosoluble fabriqu\u00e9 \u00e0 partir de la modification chimique de la cellulose naturelle.<\/p>","protected":false},"featured_media":855,"comment_status":"open","ping_status":"closed","template":"","meta":{"_acf_changed":false},"product_cat":[20,19],"product_tag":[],"class_list":{"0":"post-679","1":"product","2":"type-product","3":"status-publish","4":"has-post-thumbnail","6":"product_cat-pac","7":"product_cat-polyanionic-cellulose","9":"first","10":"instock","11":"shipping-taxable","12":"product-type-simple"},"acf":[],"_links":{"self":[{"href":"https:\/\/www.cy-chemicals.com\/fr\/wp-json\/wp\/v2\/product\/679","targetHints":{"allow":["GET"]}}],"collection":[{"href":"https:\/\/www.cy-chemicals.com\/fr\/wp-json\/wp\/v2\/product"}],"about":[{"href":"https:\/\/www.cy-chemicals.com\/fr\/wp-json\/wp\/v2\/types\/product"}],"replies":[{"embeddable":true,"href":"https:\/\/www.cy-chemicals.com\/fr\/wp-json\/wp\/v2\/comments?post=679"}],"wp:featuredmedia":[{"embeddable":true,"href":"https:\/\/www.cy-chemicals.com\/fr\/wp-json\/wp\/v2\/media\/855"}],"wp:attachment":[{"href":"https:\/\/www.cy-chemicals.com\/fr\/wp-json\/wp\/v2\/media?parent=679"}],"wp:term":[{"taxonomy":"product_cat","embeddable":true,"href":"https:\/\/www.cy-chemicals.com\/fr\/wp-json\/wp\/v2\/product_cat?post=679"},{"taxonomy":"product_tag","embeddable":true,"href":"https:\/\/www.cy-chemicals.com\/fr\/wp-json\/wp\/v2\/product_tag?post=679"}],"curies":[{"name":"wp","href":"https:\/\/api.w.org\/{rel}","templated":true}]}}