{"id":675,"date":"2024-04-10T16:39:12","date_gmt":"2024-04-10T08:39:12","guid":{"rendered":"https:\/\/www.cy-chemicals.com\/?post_type=product&#038;p=675"},"modified":"2024-04-25T11:30:15","modified_gmt":"2024-04-25T03:30:15","slug":"cmc-2","status":"publish","type":"product","link":"https:\/\/www.cy-chemicals.com\/fr\/product\/cmc-2\/","title":{"rendered":"CMC"},"content":{"rendered":"<p>La carboxym\u00e9thylcellulose (CMC) a des applications importantes dans le forage p\u00e9trolier. Voici quelques-unes de ses principales utilisations:<\/p>\n<p>1. R\u00e9duire la perte de filtration et l'\u00e9paisseur du g\u00e2teau de boue: CMC peut r\u00e9duire consid\u00e9rablement la perte de filtration et amincer l'\u00e9paisseur du g\u00e2teau de boue dans les fluides de forage avec une faible phase solide et aucune phase solide.<\/p>\n<p>2. Am\u00e9liorer la stabilit\u00e9 de la boue: CMC peut former un syst\u00e8me de suspension stable pour la boue et maintenir une bonne stabilit\u00e9 m\u00eame \u00e0 des temp\u00e9ratures \u00e9lev\u00e9es.<\/p>\n<p>3. Emp\u00eacher la pollution de la boue: CMC peut r\u00e9sister \u00e0 la pollution de divers sels solubles, de sorte qu'il peut efficacement emp\u00eacher la pollution de la boue pendant le processus de forage.<\/p>\n<p>4. Am\u00e9liorer l'efficacit\u00e9 du forage: CMC peut former un g\u00e2teau de filtre mince, dur et \u00e0 faible perm\u00e9abilit\u00e9 sur la paroi du puits, r\u00e9duisant ainsi la perte d'eau et am\u00e9liorant l'efficacit\u00e9 du forage.<\/p>\n<p>5. Emp\u00eacher l'influence de la moisissure: La boue contenant du CMC est rarement affect\u00e9e par la moisissure, il n'y a donc pas besoin de maintenir une valeur de pH \u00e9lev\u00e9e ou d'utiliser des conservateurs<\/p>\n<p>En g\u00e9n\u00e9ral, l'application du CMC dans le forage p\u00e9trolier est principalement pour am\u00e9liorer l'effet de forage en am\u00e9liorant les performances de la boue, en augmentant l'efficacit\u00e9 du forage et en r\u00e9duisant la pollution de la boue.<\/p>","protected":false},"excerpt":{"rendered":"<p>La carboxym\u00e9thylcellulose (CMC) a des applications importantes dans le forage p\u00e9trolier.<\/p>","protected":false},"featured_media":854,"comment_status":"open","ping_status":"closed","template":"","meta":{"_acf_changed":false},"product_cat":[17,18],"product_tag":[],"class_list":{"0":"post-675","1":"product","2":"type-product","3":"status-publish","4":"has-post-thumbnail","6":"product_cat-carboxymethyl-cellulose","7":"product_cat-cmc","9":"first","10":"instock","11":"shipping-taxable","12":"product-type-simple"},"acf":[],"_links":{"self":[{"href":"https:\/\/www.cy-chemicals.com\/fr\/wp-json\/wp\/v2\/product\/675","targetHints":{"allow":["GET"]}}],"collection":[{"href":"https:\/\/www.cy-chemicals.com\/fr\/wp-json\/wp\/v2\/product"}],"about":[{"href":"https:\/\/www.cy-chemicals.com\/fr\/wp-json\/wp\/v2\/types\/product"}],"replies":[{"embeddable":true,"href":"https:\/\/www.cy-chemicals.com\/fr\/wp-json\/wp\/v2\/comments?post=675"}],"wp:featuredmedia":[{"embeddable":true,"href":"https:\/\/www.cy-chemicals.com\/fr\/wp-json\/wp\/v2\/media\/854"}],"wp:attachment":[{"href":"https:\/\/www.cy-chemicals.com\/fr\/wp-json\/wp\/v2\/media?parent=675"}],"wp:term":[{"taxonomy":"product_cat","embeddable":true,"href":"https:\/\/www.cy-chemicals.com\/fr\/wp-json\/wp\/v2\/product_cat?post=675"},{"taxonomy":"product_tag","embeddable":true,"href":"https:\/\/www.cy-chemicals.com\/fr\/wp-json\/wp\/v2\/product_tag?post=675"}],"curies":[{"name":"wp","href":"https:\/\/api.w.org\/{rel}","templated":true}]}}