{"id":1022,"date":"2024-04-25T11:19:48","date_gmt":"2024-04-25T03:19:48","guid":{"rendered":"https:\/\/www.cy-chemicals.com\/?post_type=product&#038;p=1022"},"modified":"2024-04-25T17:20:44","modified_gmt":"2024-04-25T09:20:44","slug":"xanthan-gum-food-grade","status":"publish","type":"product","link":"https:\/\/www.cy-chemicals.com\/fr\/product\/xanthan-gum-food-grade\/","title":{"rendered":"Xanthan Gum qualit\u00e9 alimentaire"},"content":{"rendered":"<p>\u00e9galement connu sous le nom de gomme de xanthane et de gomme de xanthane, est un h\u00e9t\u00e9ropolysaccharide acide extracellulaire produit par la fermentation de Xanthomonas<\/p>\n<p>La viscosit\u00e9 de la solution de gomme de xanthan ne changera pas beaucoup avec les changements de temp\u00e9rature.<br \/>\nLa viscosit\u00e9 changera lorsqu'elle est chauff\u00e9e, mais la solution aqueuse de gomme de xanthane n'a presque aucune viscosit\u00e9 entre 10-80 \u2103. changements, m\u00eame les solutions aqueuses \u00e0 faible concentration montrent toujours une viscosit\u00e9 \u00e9lev\u00e9e stable sur une large plage de temp\u00e9ratures<br \/>\nD\u00e9penser. La solution de gomme de xanthan \u00e0 1% (contenant 1% de chlorure de potassium) est chauff\u00e9e de 25 \u00b0 C \u00e0 120 \u00b0 C. Sa viscosit\u00e9 ne diminue que de 3%.<\/p>\n<p>&nbsp;<\/p>\n<p>Utilisations principales: Utilis\u00e9 dans l'industrie comme stabilisateurs, \u00e9paississants et aides \u00e0 la transformation \u00e0 diverses fins, includingMake aliments en conserve et en bouteille, aliments de boulangerie, produits laitiers, aliments congel\u00e9s, dressings pour salade, boissons, brassage, bonbons, g\u00e2teaux et accessoires, etc. Facile \u00e0 \u00e9couler et \u00e0 verser lors de la fabrication de la nourriture Verser, facile \u00e0 canaliser, r\u00e9duire la consommation d'\u00e9nergie.<\/p>","protected":false},"excerpt":{"rendered":"<p>Aussi connu sous le nom de gomme de xanthane et de gomme de xanthane, est un h\u00e9t\u00e9ropolysaccharide acide extracellulaire produit par la fermentation de Xanthomonas.<\/p>","protected":false},"featured_media":1023,"comment_status":"open","ping_status":"closed","template":"","meta":{"_acf_changed":false},"product_cat":[15,42],"product_tag":[],"class_list":{"0":"post-1022","1":"product","2":"type-product","3":"status-publish","4":"has-post-thumbnail","6":"product_cat-xanthan-gum","7":"product_cat-xanthan-gum-food-grade","9":"first","10":"instock","11":"shipping-taxable","12":"product-type-simple"},"acf":[],"_links":{"self":[{"href":"https:\/\/www.cy-chemicals.com\/fr\/wp-json\/wp\/v2\/product\/1022","targetHints":{"allow":["GET"]}}],"collection":[{"href":"https:\/\/www.cy-chemicals.com\/fr\/wp-json\/wp\/v2\/product"}],"about":[{"href":"https:\/\/www.cy-chemicals.com\/fr\/wp-json\/wp\/v2\/types\/product"}],"replies":[{"embeddable":true,"href":"https:\/\/www.cy-chemicals.com\/fr\/wp-json\/wp\/v2\/comments?post=1022"}],"wp:featuredmedia":[{"embeddable":true,"href":"https:\/\/www.cy-chemicals.com\/fr\/wp-json\/wp\/v2\/media\/1023"}],"wp:attachment":[{"href":"https:\/\/www.cy-chemicals.com\/fr\/wp-json\/wp\/v2\/media?parent=1022"}],"wp:term":[{"taxonomy":"product_cat","embeddable":true,"href":"https:\/\/www.cy-chemicals.com\/fr\/wp-json\/wp\/v2\/product_cat?post=1022"},{"taxonomy":"product_tag","embeddable":true,"href":"https:\/\/www.cy-chemicals.com\/fr\/wp-json\/wp\/v2\/product_tag?post=1022"}],"curies":[{"name":"wp","href":"https:\/\/api.w.org\/{rel}","templated":true}]}}