{"id":1016,"date":"2024-04-25T11:14:37","date_gmt":"2024-04-25T03:14:37","guid":{"rendered":"https:\/\/www.cy-chemicals.com\/?post_type=product&#038;p=1016"},"modified":"2024-04-25T11:14:37","modified_gmt":"2024-04-25T03:14:37","slug":"npam","status":"publish","type":"product","link":"https:\/\/www.cy-chemicals.com\/fr\/product\/npam\/","title":{"rendered":"NPAM"},"content":{"rendered":"<p>Le polyacrylamide non ionique (NPAM) est un compos\u00e9 polym\u00e8re important largement utilis\u00e9 dans le traitement de l'eau, l'extraction p\u00e9troli\u00e8re, la p\u00e2te et le papier, l'impression et la teinture textiles et d'autres domaines.<\/p>\n<p>Le NPAM est un polym\u00e8re non charg\u00e9 de formule chimique (C3H5NO)n. Il est obtenu par polym\u00e9risation du monom\u00e8re acrylamide. Par rapport au polyacrylamide ionique, le NPAM est d\u00e9charg\u00e9 et a donc une capacit\u00e9 d'adsorption d'ions plus faible.<\/p>\n<p>Le NPAM pr\u00e9sente les caract\u00e9ristiques suivantes:<\/p>\n<p>Hautement absorbant de l'eau: Gr\u00e2ce \u00e0 sa structure polym\u00e8re, le NPAM est capable d'absorber de grandes quantit\u00e9s d'eau, formant une solution collo\u00efdale.<\/p>\n<p>Viscosit\u00e9 \u00e9lev\u00e9e: les solutions NPAM ont une viscosit\u00e9 \u00e9lev\u00e9e et peuvent d\u00e9velopper des propri\u00e9t\u00e9s rh\u00e9ologiques contr\u00f4lables dans diverses conditions.<\/p>\n<p>Bonne stabilit\u00e9: NPAM peut maintenir une bonne stabilit\u00e9 dans diff\u00e9rentes conditions de qualit\u00e9 de l'eau et n'est pas facilement d\u00e9grad\u00e9.<\/p>\n<p>Non toxique: le NPAM est non toxique pour l'environnement et les organismes et ne polluera pas l'environnement.<\/p>\n<p>NPAM est largement utilis\u00e9 dans de nombreux domaines, y compris les aspects suivants:<\/p>\n<p>1. Champ de traitement de l &apos; eau<br \/>\nEn tant qu'excellent floculant et agent de purification de l'eau, le NPAM est largement utilis\u00e9 dans le traitement des eaux us\u00e9es et les processus de purification de l'eau potable. Il peut \u00e9liminer efficacement les solides en suspension, les collo\u00efdes et la mati\u00e8re organique et am\u00e9liorer la qualit\u00e9 de l'eau.<\/p>\n<p>2. champ d &apos; extraction de p\u00e9trole<br \/>\nLe NPAM peut \u00eatre utilis\u00e9 comme agent de d\u00e9placement p\u00e9trolier dans l'exploration p\u00e9troli\u00e8re. Il peut augmenter la fluidit\u00e9 de l'huile et am\u00e9liorer la r\u00e9cup\u00e9ration de l'huile. En outre, le NPAM peut \u00e9galement \u00eatre utilis\u00e9 pour pr\u00e9venir l'infiltration de l'eau et r\u00e9duire les d\u00e9chets d'eaux souterraines.<\/p>\n<p>3. Industrie de la p\u00e2te et du papier<br \/>\nLe NPAM peut \u00eatre utilis\u00e9 comme additif dans les processus de fabrication de p\u00e2te et de papier. Il peut augmenter la viscosit\u00e9 et la r\u00e9sistance de la p\u00e2te et am\u00e9liorer la qualit\u00e9 du papier.<\/p>\n<p>4. Impression textile et champ de teinture<br \/>\nLe NPAM peut \u00eatre utilis\u00e9 comme dispersant et \u00e9paississant dans l'industrie de l'impression et de la teinture textile. Il am\u00e9liore la dispersion des colorants et la liquidit\u00e9.<\/p>\n<p>&nbsp;<\/p>","protected":false},"excerpt":{"rendered":"<p>Le polyacrylamide non ionique (NPAM) est un compos\u00e9 polym\u00e8re important largement utilis\u00e9 dans le traitement de l'eau, l'extraction p\u00e9troli\u00e8re, la p\u00e2te et le papier, l'impression et la teinture textiles et d'autres domaines.<\/p>","protected":false},"featured_media":1021,"comment_status":"open","ping_status":"closed","template":"","meta":{"_acf_changed":false},"product_cat":[25,22],"product_tag":[],"class_list":{"0":"post-1016","1":"product","2":"type-product","3":"status-publish","4":"has-post-thumbnail","6":"product_cat-npam","7":"product_cat-pam","9":"first","10":"instock","11":"shipping-taxable","12":"product-type-simple"},"acf":[],"_links":{"self":[{"href":"https:\/\/www.cy-chemicals.com\/fr\/wp-json\/wp\/v2\/product\/1016","targetHints":{"allow":["GET"]}}],"collection":[{"href":"https:\/\/www.cy-chemicals.com\/fr\/wp-json\/wp\/v2\/product"}],"about":[{"href":"https:\/\/www.cy-chemicals.com\/fr\/wp-json\/wp\/v2\/types\/product"}],"replies":[{"embeddable":true,"href":"https:\/\/www.cy-chemicals.com\/fr\/wp-json\/wp\/v2\/comments?post=1016"}],"wp:featuredmedia":[{"embeddable":true,"href":"https:\/\/www.cy-chemicals.com\/fr\/wp-json\/wp\/v2\/media\/1021"}],"wp:attachment":[{"href":"https:\/\/www.cy-chemicals.com\/fr\/wp-json\/wp\/v2\/media?parent=1016"}],"wp:term":[{"taxonomy":"product_cat","embeddable":true,"href":"https:\/\/www.cy-chemicals.com\/fr\/wp-json\/wp\/v2\/product_cat?post=1016"},{"taxonomy":"product_tag","embeddable":true,"href":"https:\/\/www.cy-chemicals.com\/fr\/wp-json\/wp\/v2\/product_tag?post=1016"}],"curies":[{"name":"wp","href":"https:\/\/api.w.org\/{rel}","templated":true}]}}