{"id":1011,"date":"2024-04-25T11:10:14","date_gmt":"2024-04-25T03:10:14","guid":{"rendered":"https:\/\/www.cy-chemicals.com\/?post_type=product&#038;p=1011"},"modified":"2024-04-25T11:10:14","modified_gmt":"2024-04-25T03:10:14","slug":"cpam","status":"publish","type":"product","link":"https:\/\/www.cy-chemicals.com\/fr\/product\/cpam\/","title":{"rendered":"CPAM"},"content":{"rendered":"<p>Le polyacrylamide cationique est un polym\u00e8re poly\u00e9lectrolyte hydrosoluble qui est facilement soluble dans l'eau et insoluble dans des solvants organiques tels que l'\u00e9thanol et l'ac\u00e9tone.<\/p>\n<p>&nbsp;<\/p>\n<p>1. Aper\u00e7u du produit (polyacrylamide cationique)<\/p>\n<p>Notre entreprise&#8217; s flocculant de type \u00e9mulsion cationique, en plus de conserver les avantages des flocculants de poudre s\u00e8che cationique, a les caract\u00e9ristiques de grande s\u00e9lectivit\u00e9 de densit\u00e9 de charge, vitesse de dissolution, transport facile, stockage et utilisation rapide. Par rapport aux produits traditionnels, il a une large gamme de pH applicable, une stabilit\u00e9 de charge \u00e9lev\u00e9e, un bon effet de flocculation et un faible dosage. Il peut \u00eatre largement utilis\u00e9 dans divers eaux us\u00e9es domestiques, eaux us\u00e9es chimiques, traitement de d\u00e9shydratation des boues, fabrication de papier et autres domaines.<\/p>\n<p>2. Comment utiliser<\/p>\n<p>(1) Avant d'utiliser ce produit, secouez-le aussi bien que possible;<\/p>\n<p>(2) Pendant l'op\u00e9ration de dissolution, ajoutez ce produit tout en ajoutant de l'eau. Il est recommand\u00e9 de contr\u00f4ler la concentration de dissolution \u00e0 3-5 \u2030, et le temps de vieillissement est de pr\u00e9f\u00e9rence d'environ 25 minutes;<\/p>\n<p>(3) \u00c9vitez d'utiliser des pompes \u00e0 rotor \u00e0 cisaillement \u00e9lev\u00e9 telles que des pompes centrifuges pendant le transport. Il est pr\u00e9f\u00e9rable d'utiliser des pompes \u00e0 faible cisaillement telles que des pompes \u00e0 vis et des pompes \u00e0 diaphragme;<\/p>\n<p>(4) L'op\u00e9ration de dissolution doit \u00eatre effectu\u00e9e dans un r\u00e9servoir en plastique, en c\u00e9ramique, en acier inoxydable et d'autres mat\u00e9riaux. La vitesse d'agitation ne doit pas \u00eatre trop \u00e9lev\u00e9e et le chauffage n'est pas n\u00e9cessaire.<\/p>\n<p>(5) La solution dilu\u00e9e pr\u00e9par\u00e9e ne doit pas \u00eatre stock\u00e9e longtemps. Il est pr\u00e9f\u00e9rable de le dissoudre alors qu'il est utilis\u00e9;<\/p>\n<p>(6) Lorsque ce produit est utilis\u00e9 en combinaison avec un coagulant inorganique pour traiter les eaux us\u00e9es, le coagulant inorganique doit d'abord \u00eatre ajout\u00e9. Lorsque la floraison \u00e9vidente de l'alumne appara\u00eet (g\u00e9n\u00e9ralement l'intervalle est d'environ 30-60 secondes), ajoutez ce produit. Ne pas inverser l'ordre. et ne peut pas \u00eatre ajout\u00e9 en m\u00eame temps.<\/p>\n<p>3. Instructions de stockage<\/p>\n<p>(1) La p\u00e9riode de stockage est g\u00e9n\u00e9ralement de 6 mois dans un r\u00e9cipient \u00e9tanche \u00e0 temp\u00e9rature ambiante et \u00eatre prot\u00e9g\u00e9 de la lumi\u00e8re;<\/p>\n<p>(2) Lors du stockage dans de petits barils, il faut pr\u00eater attention au tournage r\u00e9gulier et \u00e0 l'agitation pour obtenir un m\u00e9lange complet et emp\u00eacher la stratification;<\/p>\n<p>(3) Lors du stockage dans un grand r\u00e9cipient, installer un agitateur \u00e0 plusieurs feuilles qui peut atteindre le fond du r\u00e9cipient et l'allumer r\u00e9guli\u00e8rement, ou installer une pompe \u00e0 circulation pour circuler et m\u00e9langer r\u00e9guli\u00e8rement pour assurer le m\u00e9lange complet et emp\u00eacher la stratification.<\/p>\n<p>(4) La temp\u00e9rature de stockage optimale est de 50 \u00e0 80 \u00b0F (10 \u00e0 27 \u00b0C). Le produit ne peut pas \u00eatre congel\u00e9, sinon ses performances seront affect\u00e9es.<\/p>\n<p>(5) Si le produit g\u00e8le, d\u00e9placez-le vers un endroit \u00e0 une temp\u00e9rature plus \u00e9lev\u00e9e et laissez-le d\u00e9congeler lentement. M\u00e9langer soigneusement avant utilisation et filtrer \u00e0 travers un \u00e9cran de 100 mailles.<\/p>\n<p>&nbsp;<\/p>\n<p>&nbsp;<\/p>","protected":false},"excerpt":{"rendered":"<p>Le polyacrylamide cationique est un polym\u00e8re poly\u00e9lectrolyte hydrosoluble qui est facilement soluble dans l'eau et insoluble dans des solvants organiques tels que l'\u00e9thanol et l'ac\u00e9tone.<\/p>","protected":false},"featured_media":1015,"comment_status":"open","ping_status":"closed","template":"","meta":{"_acf_changed":false},"product_cat":[24,22],"product_tag":[],"class_list":{"0":"post-1011","1":"product","2":"type-product","3":"status-publish","4":"has-post-thumbnail","6":"product_cat-cpam","7":"product_cat-pam","9":"first","10":"instock","11":"shipping-taxable","12":"product-type-simple"},"acf":[],"_links":{"self":[{"href":"https:\/\/www.cy-chemicals.com\/fr\/wp-json\/wp\/v2\/product\/1011","targetHints":{"allow":["GET"]}}],"collection":[{"href":"https:\/\/www.cy-chemicals.com\/fr\/wp-json\/wp\/v2\/product"}],"about":[{"href":"https:\/\/www.cy-chemicals.com\/fr\/wp-json\/wp\/v2\/types\/product"}],"replies":[{"embeddable":true,"href":"https:\/\/www.cy-chemicals.com\/fr\/wp-json\/wp\/v2\/comments?post=1011"}],"wp:featuredmedia":[{"embeddable":true,"href":"https:\/\/www.cy-chemicals.com\/fr\/wp-json\/wp\/v2\/media\/1015"}],"wp:attachment":[{"href":"https:\/\/www.cy-chemicals.com\/fr\/wp-json\/wp\/v2\/media?parent=1011"}],"wp:term":[{"taxonomy":"product_cat","embeddable":true,"href":"https:\/\/www.cy-chemicals.com\/fr\/wp-json\/wp\/v2\/product_cat?post=1011"},{"taxonomy":"product_tag","embeddable":true,"href":"https:\/\/www.cy-chemicals.com\/fr\/wp-json\/wp\/v2\/product_tag?post=1011"}],"curies":[{"name":"wp","href":"https:\/\/api.w.org\/{rel}","templated":true}]}}