{"id":1001,"date":"2024-04-25T11:02:43","date_gmt":"2024-04-25T03:02:43","guid":{"rendered":"https:\/\/www.cy-chemicals.com\/?post_type=product&#038;p=1001"},"modified":"2024-04-25T17:23:39","modified_gmt":"2024-04-25T09:23:39","slug":"apam","status":"publish","type":"product","link":"https:\/\/www.cy-chemicals.com\/fr\/product\/apam\/","title":{"rendered":"APAM"},"content":{"rendered":"<p>La polyacrylamide anionique (APAM) est un polym\u00e8re hydrosoluble.<\/p>\n<p>&nbsp;<\/p>\n<p>1\u3001Caract\u00e9ristiques du produit<\/p>\n<p>Le polyacrylamide non ionique est un polym\u00e8re \u00e0 poids mol\u00e9culaire \u00e9lev\u00e9 et \u00e0 faible r\u00e9sistance ionique. Il a flocculation, dispersion, collant, adh\u00e9sif, film formant, gel et collo\u00efde stabilisant. Son floculant a peu d'influence sur la valeur du pH et le sel, et son effet est meilleur que le polym\u00e8re anionique dans le traitement des eaux us\u00e9es acides.<\/p>\n<p>2.Utilisation du produit<\/p>\n<p>Il est utilis\u00e9 comme floculant pour le traitement des r\u00e9servoirs d'eaux us\u00e9es industrielles et le traitement de l'eau potable, le contr\u00f4le du profil des champs p\u00e9troliers et l'additif de fermeture d'eau, l'additif de boue de forage, l'additif de fabrication de papier, etc.<\/p>\n<p>&nbsp;<\/p>\n<p>3. Instructions d'utilisation<\/p>\n<p>(1) Habituellement pr\u00e9parer le produit en 0,05% &#8211; 0,5% (p \/ p) solution pour standby.<\/p>\n<p>(2) Lors de la dissolution, le produit doit \u00eatre uniform\u00e9ment dispers\u00e9 et agit\u00e9 pour aider \u00e0 dissoudre.<\/p>\n<p>(3) Lors de l'utilisation, \u00e9vitez l'utilisation de mat\u00e9riaux m\u00e9talliques et d'autres r\u00e9servoirs et piscines de dissolution qui sont faciles \u00e0 affecter la qualit\u00e9 de l'eau.<\/p>\n<p>(4) L'augmentation de la temp\u00e9rature de l'eau peut acc\u00e9l\u00e9rer le taux de dissolution, mais g\u00e9n\u00e9ralement la temp\u00e9rature de l'eau ne peut pas d\u00e9passer 50 \u2103.<\/p>\n<p>&nbsp;<\/p>\n<p>Emballage 4.Product<\/p>\n<p>Les produits sont emball\u00e9s en papier plastique trois en un sac composite, avec chaque sac de 25kg ou d\u00e9termin\u00e9 selon les besoins des utilisateurs; La dur\u00e9e de conservation est de 2 ans.<\/p>\n<p>5.Precautions<\/p>\n<p>Le produit est facile \u00e0 absorber l'humidit\u00e9. Faites attention \u00e0 l'humidit\u00e9 et \u00e0 l'humidit\u00e9. Conserver dans un entrep\u00f4t frais, ventil\u00e9 et sec.<\/p>","protected":false},"excerpt":{"rendered":"<p>Le polyacrylamide anionique (APAM) est un polym\u00e8re hydrosoluble.<\/p>","protected":false},"featured_media":1002,"comment_status":"open","ping_status":"closed","template":"","meta":{"_acf_changed":false},"product_cat":[23,22],"product_tag":[],"class_list":{"0":"post-1001","1":"product","2":"type-product","3":"status-publish","4":"has-post-thumbnail","6":"product_cat-apam","7":"product_cat-pam","9":"first","10":"instock","11":"shipping-taxable","12":"product-type-simple"},"acf":[],"_links":{"self":[{"href":"https:\/\/www.cy-chemicals.com\/fr\/wp-json\/wp\/v2\/product\/1001","targetHints":{"allow":["GET"]}}],"collection":[{"href":"https:\/\/www.cy-chemicals.com\/fr\/wp-json\/wp\/v2\/product"}],"about":[{"href":"https:\/\/www.cy-chemicals.com\/fr\/wp-json\/wp\/v2\/types\/product"}],"replies":[{"embeddable":true,"href":"https:\/\/www.cy-chemicals.com\/fr\/wp-json\/wp\/v2\/comments?post=1001"}],"wp:featuredmedia":[{"embeddable":true,"href":"https:\/\/www.cy-chemicals.com\/fr\/wp-json\/wp\/v2\/media\/1002"}],"wp:attachment":[{"href":"https:\/\/www.cy-chemicals.com\/fr\/wp-json\/wp\/v2\/media?parent=1001"}],"wp:term":[{"taxonomy":"product_cat","embeddable":true,"href":"https:\/\/www.cy-chemicals.com\/fr\/wp-json\/wp\/v2\/product_cat?post=1001"},{"taxonomy":"product_tag","embeddable":true,"href":"https:\/\/www.cy-chemicals.com\/fr\/wp-json\/wp\/v2\/product_tag?post=1001"}],"curies":[{"name":"wp","href":"https:\/\/api.w.org\/{rel}","templated":true}]}}