{"id":682,"date":"2024-04-10T16:43:07","date_gmt":"2024-04-10T08:43:07","guid":{"rendered":"https:\/\/www.cy-chemicals.com\/?post_type=product&#038;p=682"},"modified":"2024-04-25T17:28:26","modified_gmt":"2024-04-25T09:28:26","slug":"xg-2","status":"publish","type":"product","link":"https:\/\/www.cy-chemicals.com\/es\/product\/xg-2\/","title":{"rendered":"Guma de xant\u00e1n Grado de perforaci\u00f3n de aceite"},"content":{"rendered":"<p>La goma de xant\u00e1n de grado de perforaci\u00f3n de petr\u00f3leo es un aditivo eficiente y respetuoso con el medio ambiente de lodo de perforaci\u00f3n de petr\u00f3leo, adecuado para temperaturas (\u226594 \u00b0 C),<br \/>\nEl \u00e1cido, el \u00e1lcali y la sal tienen una excelente tolerancia, lo que puede mejorar significativamente la permeabilidad del barro y la capacidad de suspender materia s\u00f3lida, estabilizar la pared del pozo y reducir el da\u00f1o al dep\u00f3sito de aceite, lo que mejora significativamente la eficiencia de la perforaci\u00f3n, el trabajo de trabajo y la terminaci\u00f3n. Por lo tanto, es un aditivo de barro ideal para la perforaci\u00f3n en alta mar. Puede permanecer estable durante mucho tiempo bajo agua salada saturada y una temperatura de 85\u00b0C. Por lo tanto, es un agente de desplazamiento de aceite ideal en campos petrol\u00edferos de alta temperatura y alta sal. La goma de xant\u00e1n es una goma biol\u00f3gica que integra espesamiento, suspensi\u00f3n, emulsificaci\u00f3n y estabilizaci\u00f3n. La goma de xantano tiene las propiedades generales de los pol\u00edmeros de cadena larga, pero contiene m\u00e1s grupos funcionales que los pol\u00edmeros ordinarios y mostrar\u00e1 un rendimiento pobre en condiciones espec\u00edficas. Su conformaci\u00f3n en soluci\u00f3n acuosa es diversa y exhibe diferentes propiedades bajo diferentes condiciones.<\/p>\n<p>Propiedades de suspensi\u00f3n y emulsi\u00f3n<\/p>\n<p>La goma de xantano tiene un buen efecto de suspensi\u00f3n sobre los s\u00f3lidos insolubles y las gotitas de aceite. Las mol\u00e9culas de sol de goma de xantano pueden formar copol\u00edmeros helicoidales en forma de cinta s\u00faper unidos, formando una fr\u00e1gil estructura de red similar a pegamento, por lo que pueden soportar la forma de part\u00edculas s\u00f3lidas, gotitas y burbujas, mostrando una fuerte estabilizaci\u00f3n de emulsi\u00f3n y una alta capacidad de suspensi\u00f3n.<\/p>\n<p>soluble en agua<\/p>\n<p>La goma de xantano se puede disolver r\u00e1pidamente en agua y tiene una buena solubilidad en agua. Especialmente tambi\u00e9n se puede disolver en agua fr\u00eda, lo que puede ahorrar el complicado proceso de procesamiento y es f\u00e1cil de usar. Sin embargo, debido a su hidrofilidad, si se a\u00f1ade directamente una peque\u00f1a cantidad de agua y la agitaci\u00f3n es insuficiente, la capa externa absorber\u00e1 agua e hinchar\u00e1 en micelas, lo que impedir\u00e1 que el agua entre en la capa interna y afecte al rendimiento de la funci\u00f3n. Por lo tanto, hay que tener cuidado para usarlo correctamente. Mezcla la goma de xant\u00e1n en polvo seco o accesorios en polvo seco como sal y az\u00facar de forma uniforme, luego a\u00f1\u00e1dela lentamente al agua agitante para hacer una soluci\u00f3n para su uso.<\/p>","protected":false},"excerpt":{"rendered":"<p>La goma de xant\u00e1n de grado de perforaci\u00f3n de petr\u00f3leo es un aditivo eficiente y respetuoso con el medio ambiente de lodo de perforaci\u00f3n de petr\u00f3leo.<\/p>","protected":false},"featured_media":856,"comment_status":"open","ping_status":"closed","template":"","meta":{"_acf_changed":false},"product_cat":[15],"product_tag":[],"class_list":{"0":"post-682","1":"product","2":"type-product","3":"status-publish","4":"has-post-thumbnail","6":"product_cat-xanthan-gum","8":"first","9":"instock","10":"shipping-taxable","11":"product-type-simple"},"acf":[],"_links":{"self":[{"href":"https:\/\/www.cy-chemicals.com\/es\/wp-json\/wp\/v2\/product\/682","targetHints":{"allow":["GET"]}}],"collection":[{"href":"https:\/\/www.cy-chemicals.com\/es\/wp-json\/wp\/v2\/product"}],"about":[{"href":"https:\/\/www.cy-chemicals.com\/es\/wp-json\/wp\/v2\/types\/product"}],"replies":[{"embeddable":true,"href":"https:\/\/www.cy-chemicals.com\/es\/wp-json\/wp\/v2\/comments?post=682"}],"wp:featuredmedia":[{"embeddable":true,"href":"https:\/\/www.cy-chemicals.com\/es\/wp-json\/wp\/v2\/media\/856"}],"wp:attachment":[{"href":"https:\/\/www.cy-chemicals.com\/es\/wp-json\/wp\/v2\/media?parent=682"}],"wp:term":[{"taxonomy":"product_cat","embeddable":true,"href":"https:\/\/www.cy-chemicals.com\/es\/wp-json\/wp\/v2\/product_cat?post=682"},{"taxonomy":"product_tag","embeddable":true,"href":"https:\/\/www.cy-chemicals.com\/es\/wp-json\/wp\/v2\/product_tag?post=682"}],"curies":[{"name":"wp","href":"https:\/\/api.w.org\/{rel}","templated":true}]}}