{"id":681,"date":"2024-04-10T16:42:17","date_gmt":"2024-04-10T08:42:17","guid":{"rendered":"https:\/\/www.cy-chemicals.com\/?post_type=product&#038;p=681"},"modified":"2024-04-23T12:09:38","modified_gmt":"2024-04-23T04:09:38","slug":"phpa","status":"publish","type":"product","link":"https:\/\/www.cy-chemicals.com\/es\/product\/phpa\/","title":{"rendered":"PHPA"},"content":{"rendered":"<p>La poliacrilamida hidrolizable (PHPA) es un pol\u00edmero de alta molecularidad que se utiliza ampliamente en la industria de perforaci\u00f3n. Tiene buen rendimiento de hidr\u00f3lisis y alta viscosidad, lo que puede mejorar efectivamente la capacidad de suspensi\u00f3n del fluido de perforaci\u00f3n y transportar cortes. capacidad, protegiendo as\u00ed la pared del pozo, aumentando la velocidad de perforaci\u00f3n y evitando que la perforaci\u00f3n se pegue.<br \/>\nLa aplicaci\u00f3n de la poliacrilamida hidrolizable (PHPA) en la perforaci\u00f3n se refleja principalmente en los siguientes aspectos:<\/p>\n<p>Floculaci\u00f3n: La poliacrilamida hidrolizable tiene fuertes propiedades de floculaci\u00f3n y puede flocular barro y cortes durante la perforaci\u00f3n para formar grupos de floculaci\u00f3n m\u00e1s grandes, lo que facilita la limpieza del fondo del pozo.<\/p>\n<p>Ajustar la reolog\u00eda del fluido de perforaci\u00f3n: Como regulador del fluido de perforaci\u00f3n, a menudo se utiliza la poliacrilamida hidrolizada (PHPA), que se obtiene mediante la hidrolizaci\u00f3n de la poliacrilamida. Su funci\u00f3n es ajustar la reolog\u00eda del fluido de perforaci\u00f3n, transportar cortes, lubricar la broca, reducir la p\u00e9rdida de fluido, etc.<\/p>\n<p>Prevenir el colapso de la pared del pozo: la poliacrilamida hidrolizable (PHPA) puede proteger las part\u00edculas de sol en el fluido de perforaci\u00f3n y prevenir el colapso de la pared del pozo a trav\u00e9s de la adsorci\u00f3n multipunto, la protecci\u00f3n contra el gel y los efectos de sellado.<\/p>\n<p>Efecto de enchufe: Durante el proceso de perforaci\u00f3n, el fluido de perforaci\u00f3n perder\u00e1 agua debido a la estructura geol\u00f3gica. La poliacrilamida se puede usar para tapar fugas en grietas y formaciones rocosas sueltas.<\/p>\n<p>Mejorar la lubricidad y la estabilidad: la poliacrilamida hidrolizable (PHPA) puede mejorar la lubricidad y la estabilidad del lodo, reducir la p\u00e9rdida de agua en el lodo de perforaci\u00f3n, prevenir y desbloquear eficazmente la perforaci\u00f3n y mejorar la eficiencia de la perforaci\u00f3n.<\/p>\n<p>Reticulaci\u00f3n: La reticulaci\u00f3n tambi\u00e9n puede ocurrir bajo la acci\u00f3n de plasma Al3, Fe3, Ca2. Parte del compuesto polim\u00e9rico cambia de lineal a coloidal, insoluble en agua, adsorbido en la pared del pozo y tapa los huecos de formaci\u00f3n, evitando la p\u00e9rdida de fluido de perforaci\u00f3n.<\/p>\n<p>En general, la aplicaci\u00f3n de la poliacrilamida hidrolizable (PHPA) en la perforaci\u00f3n se refleja principalmente en la floculaci\u00f3n, el ajuste de la reolog\u00eda del fluido de perforaci\u00f3n, la prevenci\u00f3n del colapso de la pared del pozo, las fugas de tapado, la mejora de la lubricidad y la estabilidad y la reticulaci\u00f3n.<\/p>","protected":false},"excerpt":{"rendered":"<p>La poliacrilamida hidrolizable (PHPA) es un pol\u00edmero de alta molecularidad que se utiliza ampliamente en la industria de perforaci\u00f3n.<\/p>","protected":false},"featured_media":857,"comment_status":"open","ping_status":"closed","template":"","meta":{"_acf_changed":false},"product_cat":[22,26],"product_tag":[],"class_list":{"0":"post-681","1":"product","2":"type-product","3":"status-publish","4":"has-post-thumbnail","6":"product_cat-pam","7":"product_cat-phpa","9":"first","10":"instock","11":"shipping-taxable","12":"product-type-simple"},"acf":[],"_links":{"self":[{"href":"https:\/\/www.cy-chemicals.com\/es\/wp-json\/wp\/v2\/product\/681","targetHints":{"allow":["GET"]}}],"collection":[{"href":"https:\/\/www.cy-chemicals.com\/es\/wp-json\/wp\/v2\/product"}],"about":[{"href":"https:\/\/www.cy-chemicals.com\/es\/wp-json\/wp\/v2\/types\/product"}],"replies":[{"embeddable":true,"href":"https:\/\/www.cy-chemicals.com\/es\/wp-json\/wp\/v2\/comments?post=681"}],"wp:featuredmedia":[{"embeddable":true,"href":"https:\/\/www.cy-chemicals.com\/es\/wp-json\/wp\/v2\/media\/857"}],"wp:attachment":[{"href":"https:\/\/www.cy-chemicals.com\/es\/wp-json\/wp\/v2\/media?parent=681"}],"wp:term":[{"taxonomy":"product_cat","embeddable":true,"href":"https:\/\/www.cy-chemicals.com\/es\/wp-json\/wp\/v2\/product_cat?post=681"},{"taxonomy":"product_tag","embeddable":true,"href":"https:\/\/www.cy-chemicals.com\/es\/wp-json\/wp\/v2\/product_tag?post=681"}],"curies":[{"name":"wp","href":"https:\/\/api.w.org\/{rel}","templated":true}]}}