{"id":679,"date":"2024-04-10T16:41:39","date_gmt":"2024-04-10T08:41:39","guid":{"rendered":"https:\/\/www.cy-chemicals.com\/?post_type=product&#038;p=679"},"modified":"2024-04-25T11:30:09","modified_gmt":"2024-04-25T03:30:09","slug":"pac","status":"publish","type":"product","link":"https:\/\/www.cy-chemicals.com\/es\/product\/pac\/","title":{"rendered":"PAC"},"content":{"rendered":"<p>La celulosa poliani\u00f3nica (PAC), denominada PAC, es un derivado de \u00e9ter de celulosa soluble en agua hecho a partir de la modificaci\u00f3n qu\u00edmica de celulosa natural. Es un \u00e9ter de celulosa soluble en agua importante y es blanco o ligeramente amarillo. Polvo, no t\u00f3xico, inodoro, se puede disolver en agua, tiene buena resistencia al calor, resistencia a la sal y fuertes propiedades antibacterianas. El fluido de barro formulado con este producto tiene una buena reducci\u00f3n de la p\u00e9rdida de agua, inhibici\u00f3n y resistencia a altas temperaturas. Ampliamente utilizado en la perforaci\u00f3n petrolera, especialmente pozos de agua salada y perforaci\u00f3n petrolera en alta mar.<\/p>\n<p>Los productos PAC de celulosa poliani\u00f3nica VEKEN se dividen en dos categor\u00edas: alta viscosidad (HV) y baja viscosidad (LV). Son productos de alta tecnolog\u00eda con derechos de propiedad intelectual independientes de nuestra empresa. Es un \u00e9ter de celulosa ani\u00f3nica y tiene las caracter\u00edsticas de alta pureza, alto grado de sustituci\u00f3n y distribuci\u00f3n uniforme de \u00e1tomos sustituidos. Se puede usar como espesante, regulador de reolog\u00eda, agente reductor de p\u00e9rdida de agua, etc. Los PAC de alta viscosidad y baja viscosidad tienen excelentes efectos de reducci\u00f3n de p\u00e9rdidas de filtro en suspensiones de agua dulce y de agua de mar, y son productos indispensables en la compatibilidad con el lodo. El PAC producido por nuestra empresa es un producto refinado de alta pureza. Su apariencia es un polvo fluyente de color puerta, y su soluci\u00f3n acuosa es un l\u00edquido viscoso transparente. Como pol\u00edmero soluble en agua, el PAC tiene las siguientes funciones y propiedades:<\/p>\n<p>1. Disuelve r\u00e1pidamente en agua fr\u00eda o caliente;<\/p>\n<p>2. Se puede usar como espesante, agente de control de reolog\u00eda, adhesivo, estabilizador, coloide protector, agente de suspensi\u00f3n y agente de retenci\u00f3n de agua;<\/p>\n<p>En la industria minera de petr\u00f3leo, PAC es un mejor agente de tratamiento de lodo de perforaci\u00f3n y material para preparar fluidos de terminaci\u00f3n, con alta velocidad de pulpa y buena resistencia a la sal. Para la suspensi\u00f3n de agua dulce, la suspensi\u00f3n de agua de mar y la suspensi\u00f3n de agua salada saturada, PAC es un excelente agente de tratamiento de reducci\u00f3n de p\u00e9rdida de fluido, y tiene una buena capacidad de mejora de la viscosidad y resistencia a altas temperaturas (150 \u00b0C). Es adecuado para preparar agua dulce, agua de mar y fluidos de completaci\u00f3n de salmuera saturados, y puede prepararse en fluidos de completaci\u00f3n de diversas densidades bajo la agravaci\u00f3n de cloruro de calcio, y puede hacer que el fluido de completaci\u00f3n tenga una cierta viscosidad y baja p\u00e9rdida de filtro. Los productos PAC de alta viscosidad y baja viscosidad producidos por nuestra empresa cumplen con las normas GB \/ T 5005, las normas europeas OCMA y las normas API 13A.<\/p>","protected":false},"excerpt":{"rendered":"<p>La celulosa poliani\u00f3nica (PAC), denominada PAC, es un derivado de \u00e9ter de celulosa soluble en agua hecho a partir de la modificaci\u00f3n qu\u00edmica de celulosa natural.<\/p>","protected":false},"featured_media":855,"comment_status":"open","ping_status":"closed","template":"","meta":{"_acf_changed":false},"product_cat":[20,19],"product_tag":[],"class_list":{"0":"post-679","1":"product","2":"type-product","3":"status-publish","4":"has-post-thumbnail","6":"product_cat-pac","7":"product_cat-polyanionic-cellulose","9":"first","10":"instock","11":"shipping-taxable","12":"product-type-simple"},"acf":[],"_links":{"self":[{"href":"https:\/\/www.cy-chemicals.com\/es\/wp-json\/wp\/v2\/product\/679","targetHints":{"allow":["GET"]}}],"collection":[{"href":"https:\/\/www.cy-chemicals.com\/es\/wp-json\/wp\/v2\/product"}],"about":[{"href":"https:\/\/www.cy-chemicals.com\/es\/wp-json\/wp\/v2\/types\/product"}],"replies":[{"embeddable":true,"href":"https:\/\/www.cy-chemicals.com\/es\/wp-json\/wp\/v2\/comments?post=679"}],"wp:featuredmedia":[{"embeddable":true,"href":"https:\/\/www.cy-chemicals.com\/es\/wp-json\/wp\/v2\/media\/855"}],"wp:attachment":[{"href":"https:\/\/www.cy-chemicals.com\/es\/wp-json\/wp\/v2\/media?parent=679"}],"wp:term":[{"taxonomy":"product_cat","embeddable":true,"href":"https:\/\/www.cy-chemicals.com\/es\/wp-json\/wp\/v2\/product_cat?post=679"},{"taxonomy":"product_tag","embeddable":true,"href":"https:\/\/www.cy-chemicals.com\/es\/wp-json\/wp\/v2\/product_tag?post=679"}],"curies":[{"name":"wp","href":"https:\/\/api.w.org\/{rel}","templated":true}]}}