{"id":675,"date":"2024-04-10T16:39:12","date_gmt":"2024-04-10T08:39:12","guid":{"rendered":"https:\/\/www.cy-chemicals.com\/?post_type=product&#038;p=675"},"modified":"2024-04-25T11:30:15","modified_gmt":"2024-04-25T03:30:15","slug":"cmc-2","status":"publish","type":"product","link":"https:\/\/www.cy-chemicals.com\/es\/product\/cmc-2\/","title":{"rendered":"CMC"},"content":{"rendered":"<p>La carboximetilcelulosa (CMC) tiene aplicaciones importantes en la perforaci\u00f3n de petr\u00f3leo. Estos son algunos de sus principales usos:<\/p>\n<p>1. Reduzca la p\u00e9rdida de filtraci\u00f3n y el grosor de la torta de barro: CMC puede reducir significativamente la p\u00e9rdida de filtraci\u00f3n y adelgazar el grosor de la torta de barro en fluidos de perforaci\u00f3n con baja fase s\u00f3lida y sin fase s\u00f3lida.<\/p>\n<p>2. Mejorar la estabilidad del barro: CMC puede formar un sistema de suspensi\u00f3n estable para el barro y mantener una buena estabilidad incluso a altas temperaturas.<\/p>\n<p>3. Evite la contaminaci\u00f3n del lodo: CMC puede resistir la contaminaci\u00f3n de varias sales solubles, por lo que puede prevenir eficazmente la contaminaci\u00f3n del lodo durante el proceso de perforaci\u00f3n.<\/p>\n<p>4. Mejorar la eficiencia de perforaci\u00f3n: CMC puede formar una torta de filtro delgada, dura y de baja permeabilidad en la pared del pozo, reduciendo as\u00ed la p\u00e9rdida de agua y mejorando la eficiencia de perforaci\u00f3n.<\/p>\n<p>5. Evite la influencia del moho: el lodo que contiene CMC rara vez es afectado por el moho, por lo que no hay necesidad de mantener un alto valor de pH o usar conservantes<\/p>\n<p>En general, la aplicaci\u00f3n de CMC en la perforaci\u00f3n petrolera es principalmente para mejorar el efecto de perforaci\u00f3n mejorando el rendimiento del lodo, aumentando la eficiencia de perforaci\u00f3n y reduciendo la contaminaci\u00f3n del lodo.<\/p>","protected":false},"excerpt":{"rendered":"<p>La carboximetilcelulosa (CMC) tiene aplicaciones importantes en la perforaci\u00f3n de petr\u00f3leo.<\/p>","protected":false},"featured_media":854,"comment_status":"open","ping_status":"closed","template":"","meta":{"_acf_changed":false},"product_cat":[17,18],"product_tag":[],"class_list":{"0":"post-675","1":"product","2":"type-product","3":"status-publish","4":"has-post-thumbnail","6":"product_cat-carboxymethyl-cellulose","7":"product_cat-cmc","9":"first","10":"instock","11":"shipping-taxable","12":"product-type-simple"},"acf":[],"_links":{"self":[{"href":"https:\/\/www.cy-chemicals.com\/es\/wp-json\/wp\/v2\/product\/675","targetHints":{"allow":["GET"]}}],"collection":[{"href":"https:\/\/www.cy-chemicals.com\/es\/wp-json\/wp\/v2\/product"}],"about":[{"href":"https:\/\/www.cy-chemicals.com\/es\/wp-json\/wp\/v2\/types\/product"}],"replies":[{"embeddable":true,"href":"https:\/\/www.cy-chemicals.com\/es\/wp-json\/wp\/v2\/comments?post=675"}],"wp:featuredmedia":[{"embeddable":true,"href":"https:\/\/www.cy-chemicals.com\/es\/wp-json\/wp\/v2\/media\/854"}],"wp:attachment":[{"href":"https:\/\/www.cy-chemicals.com\/es\/wp-json\/wp\/v2\/media?parent=675"}],"wp:term":[{"taxonomy":"product_cat","embeddable":true,"href":"https:\/\/www.cy-chemicals.com\/es\/wp-json\/wp\/v2\/product_cat?post=675"},{"taxonomy":"product_tag","embeddable":true,"href":"https:\/\/www.cy-chemicals.com\/es\/wp-json\/wp\/v2\/product_tag?post=675"}],"curies":[{"name":"wp","href":"https:\/\/api.w.org\/{rel}","templated":true}]}}