{"id":1016,"date":"2024-04-25T11:14:37","date_gmt":"2024-04-25T03:14:37","guid":{"rendered":"https:\/\/www.cy-chemicals.com\/?post_type=product&#038;p=1016"},"modified":"2024-04-25T11:14:37","modified_gmt":"2024-04-25T03:14:37","slug":"npam","status":"publish","type":"product","link":"https:\/\/www.cy-chemicals.com\/es\/product\/npam\/","title":{"rendered":"NPAM"},"content":{"rendered":"<p>La poliacrilamida no i\u00f3nica (NPAM) es un compuesto pol\u00edmero importante ampliamente utilizado en el tratamiento del agua, la miner\u00eda petrolera, la celulosa y el papel, la impresi\u00f3n textil y el te\u00f1ido y otros campos.<\/p>\n<p>NPAM es un pol\u00edmero sin carga con la f\u00f3rmula qu\u00edmica (C3H5NO)n. Se obtiene polimerizando mon\u00f3mero de acrilamida. En comparaci\u00f3n con la poliacrilamida i\u00f3nica, el NPAM no est\u00e1 cargado y por lo tanto tiene una menor capacidad de adsorci\u00f3n i\u00f3nica.<\/p>\n<p>NPAM tiene las siguientes caracter\u00edsticas:<\/p>\n<p>Altamente absorbente de agua: Debido a su estructura polim\u00e9rica, el NPAM es capaz de absorber grandes cantidades de agua, formando una soluci\u00f3n coloidal.<\/p>\n<p>Alta viscosidad: las soluciones NPAM tienen alta viscosidad y pueden desarrollar propiedades reol\u00f3gicas controlables en diversas condiciones.<\/p>\n<p>Buena estabilidad: NPAM puede mantener una buena estabilidad bajo diferentes condiciones de calidad del agua y no se degrada f\u00e1cilmente.<\/p>\n<p>No t\u00f3xico: el NPAM no es t\u00f3xico para el medio ambiente y los organismos y no causar\u00e1 contaminaci\u00f3n al medio ambiente.<\/p>\n<p>NPAM es ampliamente utilizado en muchos campos, incluyendo los siguientes aspectos:<\/p>\n<p>1. Campo de tratamiento de agua<br \/>\nComo un excelente floculante y agente de purificaci\u00f3n de agua, NPAM se utiliza ampliamente en el tratamiento de aguas residuales y procesos de purificaci\u00f3n de agua potable. Puede eliminar eficazmente los s\u00f3lidos suspendidos, coloides y materia org\u00e1nica y mejorar la calidad del agua.<\/p>\n<p>2. Campo de extracci\u00f3n de petr\u00f3leo<br \/>\nEl NPAM puede utilizarse como agente de desplazamiento de petr\u00f3leo en la exploraci\u00f3n de petr\u00f3leo. Puede aumentar la fluidez del aceite y mejorar la recuperaci\u00f3n del aceite. Adem\u00e1s, el NPAM tambi\u00e9n se puede utilizar para prevenir la infiltraci\u00f3n de agua y reducir los residuos de agua subterr\u00e1nea.<\/p>\n<p>3. Industria de celulosa y papel<br \/>\nEl NPAM se puede utilizar como aditivo en procesos de fabricaci\u00f3n de pasta y papel. Puede aumentar la viscosidad y la resistencia de la pasta y mejorar la calidad del papel.<\/p>\n<p>4. Impresi\u00f3n textil y campo de te\u00f1ido<br \/>\nEl NPAM se puede utilizar como dispersante y espesante en la industria de impresi\u00f3n y te\u00f1ido textil. Mejora la dispersi\u00f3n del tinte y la liquidez.<\/p>\n<p>&nbsp;<\/p>","protected":false},"excerpt":{"rendered":"<p>La poliacrilamida no i\u00f3nica (NPAM) es un compuesto pol\u00edmero importante ampliamente utilizado en el tratamiento del agua, la miner\u00eda petrolera, la celulosa y el papel, la impresi\u00f3n textil y el te\u00f1ido y otros campos.<\/p>","protected":false},"featured_media":1021,"comment_status":"open","ping_status":"closed","template":"","meta":{"_acf_changed":false},"product_cat":[25,22],"product_tag":[],"class_list":{"0":"post-1016","1":"product","2":"type-product","3":"status-publish","4":"has-post-thumbnail","6":"product_cat-npam","7":"product_cat-pam","9":"first","10":"instock","11":"shipping-taxable","12":"product-type-simple"},"acf":[],"_links":{"self":[{"href":"https:\/\/www.cy-chemicals.com\/es\/wp-json\/wp\/v2\/product\/1016","targetHints":{"allow":["GET"]}}],"collection":[{"href":"https:\/\/www.cy-chemicals.com\/es\/wp-json\/wp\/v2\/product"}],"about":[{"href":"https:\/\/www.cy-chemicals.com\/es\/wp-json\/wp\/v2\/types\/product"}],"replies":[{"embeddable":true,"href":"https:\/\/www.cy-chemicals.com\/es\/wp-json\/wp\/v2\/comments?post=1016"}],"wp:featuredmedia":[{"embeddable":true,"href":"https:\/\/www.cy-chemicals.com\/es\/wp-json\/wp\/v2\/media\/1021"}],"wp:attachment":[{"href":"https:\/\/www.cy-chemicals.com\/es\/wp-json\/wp\/v2\/media?parent=1016"}],"wp:term":[{"taxonomy":"product_cat","embeddable":true,"href":"https:\/\/www.cy-chemicals.com\/es\/wp-json\/wp\/v2\/product_cat?post=1016"},{"taxonomy":"product_tag","embeddable":true,"href":"https:\/\/www.cy-chemicals.com\/es\/wp-json\/wp\/v2\/product_tag?post=1016"}],"curies":[{"name":"wp","href":"https:\/\/api.w.org\/{rel}","templated":true}]}}