{"id":1011,"date":"2024-04-25T11:10:14","date_gmt":"2024-04-25T03:10:14","guid":{"rendered":"https:\/\/www.cy-chemicals.com\/?post_type=product&#038;p=1011"},"modified":"2024-04-25T11:10:14","modified_gmt":"2024-04-25T03:10:14","slug":"cpam","status":"publish","type":"product","link":"https:\/\/www.cy-chemicals.com\/es\/product\/cpam\/","title":{"rendered":"CPAM"},"content":{"rendered":"<p>La poliacrilamida cati\u00f3nica es un polielectrolito polim\u00e9rico soluble en agua que es f\u00e1cilmente soluble en agua e insoluble en disolventes org\u00e1nicos tales como etanol y acetona.<\/p>\n<p>&nbsp;<\/p>\n<p>1. Descripci\u00f3n general del producto (poliacrilamida cati\u00f3nica)<\/p>\n<p>Nuestra empresa&#8217; floculante de tipo emulsi\u00f3n cati\u00f3nica, adem\u00e1s de retener las ventajas de los floculantes de polvo seco cati\u00f3nico, tiene las caracter\u00edsticas de selectividad de gran densidad de carga, velocidad de disoluci\u00f3n, f\u00e1cil transporte, almacenamiento y uso r\u00e1pido. En comparaci\u00f3n con los productos tradicionales, tiene un amplio rango de pH aplicable, alta estabilidad de carga, buen efecto de floculaci\u00f3n y dosis baja. Puede ser ampliamente utilizado en varias aguas residuales dom\u00e9sticas, aguas residuales qu\u00edmicas, tratamiento de deshidrataci\u00f3n de lodos, fabricaci\u00f3n de papel y otros campos.<\/p>\n<p>2. C\u00f3mo utilizar<\/p>\n<p>(1) Antes de usar este producto, agitarlo lo mejor posible;<\/p>\n<p>(2) Durante la operaci\u00f3n de disoluci\u00f3n, agrega este producto mientras agrega agua. Se recomienda controlar la concentraci\u00f3n de disoluci\u00f3n a 3-5 \u2030, y el tiempo de envejecimiento es preferiblemente de aproximadamente 25 minutos;<\/p>\n<p>(3) Evite usar bombas de rotor de alto cizallamiento como bombas centr\u00edfugas durante el transporte. Es mejor usar bombas de bajo cizallamiento tales como bombas de tornillo y bombas de diafragma;<\/p>\n<p>(4) La operaci\u00f3n de disoluci\u00f3n debe llevarse a cabo en un tanque hecho de pl\u00e1stico, cer\u00e1mica, acero inoxidable y otros materiales. La velocidad de agitaci\u00f3n no debe ser demasiado alta y no se requiere calentamiento.<\/p>\n<p>(5) La soluci\u00f3n diluida preparada no debe almacenarse durante mucho tiempo. Lo mejor es disolverlo a medida que se utiliza;<\/p>\n<p>(6) Cuando este producto se usa en combinaci\u00f3n con coagulante inorg\u00e1nico para tratar aguas residuales, el coagulante inorg\u00e1nico debe a\u00f1adirse primero. Cuando aparezca una floraci\u00f3n obvia de alumbre (generalmente el intervalo es de unos 30-60 segundos), agregue este producto. No revertir el orden. Y no se puede a\u00f1adir al mismo tiempo.<\/p>\n<p>3. Instrucciones de almacenamiento<\/p>\n<p>(1) El per\u00edodo de almacenamiento es generalmente de 6 meses en un recipiente herm\u00e9tico a temperatura ambiente y estar protegido de la luz;<\/p>\n<p>(2) Al almacenar en barriles peque\u00f1os, se debe prestar atenci\u00f3n al giro y agitaci\u00f3n regulares para lograr la mezcla completa y prevenir la estratificaci\u00f3n;<\/p>\n<p>(3) Al almacenar en un recipiente grande, instale un agitador de hojas m\u00faltiples que pueda llegar al fondo del recipiente y encenderlo regularmente, o instale una bomba de circulaci\u00f3n para circular y agitar regularmente para asegurar la mezcla completa y prevenir la estratificaci\u00f3n.<\/p>\n<p>(4) La temperatura \u00f3ptima de almacenamiento es de 50-80 \u00b0 F (10-27 \u00b0 C). El producto no puede congelarse, de lo contrario su rendimiento se ver\u00e1 afectado.<\/p>\n<p>(5) Si el producto se congela, mu\u00e9velo a un lugar con una temperatura m\u00e1s alta y d\u00e9jalo descongelar lentamente. Mezclarlo bien antes de usarlo y filtrarlo a trav\u00e9s de una pantalla de 100 mallas.<\/p>\n<p>&nbsp;<\/p>\n<p>&nbsp;<\/p>","protected":false},"excerpt":{"rendered":"<p>La poliacrilamida cati\u00f3nica es un polielectrolito polim\u00e9rico soluble en agua que es f\u00e1cilmente soluble en agua e insoluble en disolventes org\u00e1nicos tales como etanol y acetona.<\/p>","protected":false},"featured_media":1015,"comment_status":"open","ping_status":"closed","template":"","meta":{"_acf_changed":false},"product_cat":[24,22],"product_tag":[],"class_list":{"0":"post-1011","1":"product","2":"type-product","3":"status-publish","4":"has-post-thumbnail","6":"product_cat-cpam","7":"product_cat-pam","9":"first","10":"instock","11":"shipping-taxable","12":"product-type-simple"},"acf":[],"_links":{"self":[{"href":"https:\/\/www.cy-chemicals.com\/es\/wp-json\/wp\/v2\/product\/1011","targetHints":{"allow":["GET"]}}],"collection":[{"href":"https:\/\/www.cy-chemicals.com\/es\/wp-json\/wp\/v2\/product"}],"about":[{"href":"https:\/\/www.cy-chemicals.com\/es\/wp-json\/wp\/v2\/types\/product"}],"replies":[{"embeddable":true,"href":"https:\/\/www.cy-chemicals.com\/es\/wp-json\/wp\/v2\/comments?post=1011"}],"wp:featuredmedia":[{"embeddable":true,"href":"https:\/\/www.cy-chemicals.com\/es\/wp-json\/wp\/v2\/media\/1015"}],"wp:attachment":[{"href":"https:\/\/www.cy-chemicals.com\/es\/wp-json\/wp\/v2\/media?parent=1011"}],"wp:term":[{"taxonomy":"product_cat","embeddable":true,"href":"https:\/\/www.cy-chemicals.com\/es\/wp-json\/wp\/v2\/product_cat?post=1011"},{"taxonomy":"product_tag","embeddable":true,"href":"https:\/\/www.cy-chemicals.com\/es\/wp-json\/wp\/v2\/product_tag?post=1011"}],"curies":[{"name":"wp","href":"https:\/\/api.w.org\/{rel}","templated":true}]}}