{"id":1001,"date":"2024-04-25T11:02:43","date_gmt":"2024-04-25T03:02:43","guid":{"rendered":"https:\/\/www.cy-chemicals.com\/?post_type=product&#038;p=1001"},"modified":"2024-04-25T17:23:39","modified_gmt":"2024-04-25T09:23:39","slug":"apam","status":"publish","type":"product","link":"https:\/\/www.cy-chemicals.com\/es\/product\/apam\/","title":{"rendered":"APAM"},"content":{"rendered":"<p>La poliacrilamida ani\u00f3nica (APAM) es un pol\u00edmero soluble en agua.<\/p>\n<p>&nbsp;<\/p>\n<p>1\u3001Caracter\u00edsticas del producto<\/p>\n<p>La poliacrilamida no i\u00f3nica es un pol\u00edmero con alto peso molecular y baja resistencia i\u00f3nica. Tiene floculaci\u00f3n, dispersi\u00f3n, pegajoso, adhesivo, formaci\u00f3n de pel\u00edcula, gel y coloide estabilizante. Su floculante tiene poca influencia sobre el valor del pH y la sal, y su efecto es mejor que el pol\u00edmero ani\u00f3nico en el tratamiento de aguas residuales \u00e1cidas.<\/p>\n<p>2. Uso del producto<\/p>\n<p>Se utiliza como floculante para el tratamiento de tanques de aguas residuales industriales y el tratamiento de agua potable, el control del perfil del campo petrol\u00edfero y el aditivo de cierre de agua, el aditivo de lodo de perforaci\u00f3n, el aditivo de fabricaci\u00f3n de papel, etc.<\/p>\n<p>&nbsp;<\/p>\n<p>3. Instrucciones de uso<\/p>\n<p>(1) Por lo general preparar el producto en 0,05% &#8211; Soluci\u00f3n del 0,5% (p \/ p) para el estado de espera.<\/p>\n<p>(2) Al disolverse, el producto debe dispersarse uniformemente y agitarse para ayudar a disolverse.<\/p>\n<p>(3) Cuando se utilice, evite el uso de materiales met\u00e1licos y otros tanques y piscinas de disoluci\u00f3n que son f\u00e1ciles de afectar a la calidad del agua.<\/p>\n<p>(4) Aumentar la temperatura del agua puede acelerar la velocidad de disoluci\u00f3n, pero generalmente la temperatura del agua no puede exceder de 50 \u2103.<\/p>\n<p>&nbsp;<\/p>\n<p>Embalaje 4.Product<\/p>\n<p>Los productos est\u00e1n envasados en papel pl\u00e1stico tres en una bolsa compuesta, con cada bolsa de 25 kg o determinada seg\u00fan las necesidades de los usuarios; La vida \u00fatil es de 2 a\u00f1os.<\/p>\n<p>5.Precautions<\/p>\n<p>El producto es f\u00e1cil de absorber la humedad. Preste atenci\u00f3n a la humedad y la humedad. Almacene en almac\u00e9n fresco, ventilado y seco.<\/p>","protected":false},"excerpt":{"rendered":"<p>La poliacrilamida ani\u00f3nica (APAM) es un pol\u00edmero soluble en agua.<\/p>","protected":false},"featured_media":1002,"comment_status":"open","ping_status":"closed","template":"","meta":{"_acf_changed":false},"product_cat":[23,22],"product_tag":[],"class_list":{"0":"post-1001","1":"product","2":"type-product","3":"status-publish","4":"has-post-thumbnail","6":"product_cat-apam","7":"product_cat-pam","9":"first","10":"instock","11":"shipping-taxable","12":"product-type-simple"},"acf":[],"_links":{"self":[{"href":"https:\/\/www.cy-chemicals.com\/es\/wp-json\/wp\/v2\/product\/1001","targetHints":{"allow":["GET"]}}],"collection":[{"href":"https:\/\/www.cy-chemicals.com\/es\/wp-json\/wp\/v2\/product"}],"about":[{"href":"https:\/\/www.cy-chemicals.com\/es\/wp-json\/wp\/v2\/types\/product"}],"replies":[{"embeddable":true,"href":"https:\/\/www.cy-chemicals.com\/es\/wp-json\/wp\/v2\/comments?post=1001"}],"wp:featuredmedia":[{"embeddable":true,"href":"https:\/\/www.cy-chemicals.com\/es\/wp-json\/wp\/v2\/media\/1002"}],"wp:attachment":[{"href":"https:\/\/www.cy-chemicals.com\/es\/wp-json\/wp\/v2\/media?parent=1001"}],"wp:term":[{"taxonomy":"product_cat","embeddable":true,"href":"https:\/\/www.cy-chemicals.com\/es\/wp-json\/wp\/v2\/product_cat?post=1001"},{"taxonomy":"product_tag","embeddable":true,"href":"https:\/\/www.cy-chemicals.com\/es\/wp-json\/wp\/v2\/product_tag?post=1001"}],"curies":[{"name":"wp","href":"https:\/\/api.w.org\/{rel}","templated":true}]}}