{"id":682,"date":"2024-04-10T16:43:07","date_gmt":"2024-04-10T08:43:07","guid":{"rendered":"https:\/\/www.cy-chemicals.com\/?post_type=product&#038;p=682"},"modified":"2024-04-25T17:28:26","modified_gmt":"2024-04-25T09:28:26","slug":"xg-2","status":"publish","type":"product","link":"https:\/\/www.cy-chemicals.com\/de\/product\/xg-2\/","title":{"rendered":"Xanthan Gummi \u00d6lbohrgrad"},"content":{"rendered":"<p>\u00d6lbohrgut Xanthankummi ist ein effizientes, umweltfreundliches \u00d6lbohrschlammadditiv, geeignet f\u00fcr Temperaturen (\u226594 \u00b0 C),<br \/>\nDie S\u00e4ure, Alkali und Salz haben eine ausgezeichnete Toleranz, die die Durchl\u00e4ssigkeit des Schlamms und die F\u00e4higkeit, Feststoff zu suspendieren, die Brunnenwand zu stabilisieren und Sch\u00e4den an dem \u00d6lreservoir zu reduzieren, erheblich verbessern kann, wodurch die Effizienz von Bohren, \u00dcberarbeitungen und Fertigstellungsarbeiten erheblich verbessert wird. Daher ist es ein ideales Schlammzusatz f\u00fcr Offshore-Bohrungen. Es kann unter ges\u00e4ttigtem Salzwasser und einer Temperatur von 85\u00b0C lange stabil bleiben. Daher ist es ein ideales \u00d6lverdr\u00e4ngermittel in Hochtemperatur- und Hochsalz\u00f6lfeldern. Xanthan-Gummi ist ein biologisches Gummi, das Verdickung, Suspension, Emulgierung und Stabilisierung integriert. Xanthankummi hat die allgemeinen Eigenschaften langkettiger Polymere, enth\u00e4lt jedoch mehr funktionelle Gruppen als gew\u00f6hnliche Polymere und zeigt unter bestimmten Bedingungen eine schlechte Leistung. Seine Konformation in w\u00e4ssriger L\u00f6sung ist vielf\u00e4ltig und zeigt unterschiedliche Eigenschaften unter unterschiedlichen Bedingungen.<\/p>\n<p>Suspendierende und emulgierende Eigenschaften<\/p>\n<p>Xanthankummi wirkt gut auf unl\u00f6sliche Feststoffe und \u00d6ltr\u00f6pfchen. Xanthan-Gummi-Solmolek\u00fcle k\u00f6nnen supergebundene bandf\u00f6rmige Spiralcopolymere bilden und eine zerbrechliche klebrige Netzwerkstruktur bilden, so dass sie die Form von festen Partikeln, Tr\u00f6pfchen und Blasen unterst\u00fctzen k\u00f6nnen, die eine starke Emulsionsstabilisierung und eine hohe Suspensionsf\u00e4higkeit zeigen.<\/p>\n<p>wasserl\u00f6slich<\/p>\n<p>Xanthankummi l\u00f6st sich schnell in Wasser und hat eine gute Wasserl\u00f6slichkeit. Insbesondere kann es auch in kaltem Wasser gel\u00f6st werden, was den komplizierten Verarbeitungsprozess sparen kann und einfach zu bedienen ist. Wenn jedoch aufgrund ihrer Hydrophilit\u00e4t eine kleine Menge Wasser direkt zugegeben wird und das R\u00fchren nicht ausreichend ist, wird die Au\u00dfenschicht Wasser absorbieren und zu Mizellen schwellen, was verhindert, dass Wasser in die Innenschicht eintritt und die Funktionsf\u00e4higkeit beeinflusst. Daher muss man darauf achten, es richtig zu verwenden. Mischen Sie Xanthankummi Trockenpulver oder Trockenpulver Zubeh\u00f6r wie Salz und Zucker gleichm\u00e4\u00dfig, dann f\u00fcgen Sie es langsam in das R\u00fchrerwasser, um eine L\u00f6sung f\u00fcr den Gebrauch zu machen.<\/p>","protected":false},"excerpt":{"rendered":"<p>\u00d6lbohrgut Xanthankummi ist ein effizientes, umweltfreundliches \u00d6lbohrschlamm-Additiv.<\/p>","protected":false},"featured_media":856,"comment_status":"open","ping_status":"closed","template":"","meta":{"_acf_changed":false},"product_cat":[15],"product_tag":[],"class_list":{"0":"post-682","1":"product","2":"type-product","3":"status-publish","4":"has-post-thumbnail","6":"product_cat-xanthan-gum","8":"first","9":"instock","10":"shipping-taxable","11":"product-type-simple"},"acf":[],"_links":{"self":[{"href":"https:\/\/www.cy-chemicals.com\/de\/wp-json\/wp\/v2\/product\/682","targetHints":{"allow":["GET"]}}],"collection":[{"href":"https:\/\/www.cy-chemicals.com\/de\/wp-json\/wp\/v2\/product"}],"about":[{"href":"https:\/\/www.cy-chemicals.com\/de\/wp-json\/wp\/v2\/types\/product"}],"replies":[{"embeddable":true,"href":"https:\/\/www.cy-chemicals.com\/de\/wp-json\/wp\/v2\/comments?post=682"}],"wp:featuredmedia":[{"embeddable":true,"href":"https:\/\/www.cy-chemicals.com\/de\/wp-json\/wp\/v2\/media\/856"}],"wp:attachment":[{"href":"https:\/\/www.cy-chemicals.com\/de\/wp-json\/wp\/v2\/media?parent=682"}],"wp:term":[{"taxonomy":"product_cat","embeddable":true,"href":"https:\/\/www.cy-chemicals.com\/de\/wp-json\/wp\/v2\/product_cat?post=682"},{"taxonomy":"product_tag","embeddable":true,"href":"https:\/\/www.cy-chemicals.com\/de\/wp-json\/wp\/v2\/product_tag?post=682"}],"curies":[{"name":"wp","href":"https:\/\/api.w.org\/{rel}","templated":true}]}}