{"id":681,"date":"2024-04-10T16:42:17","date_gmt":"2024-04-10T08:42:17","guid":{"rendered":"https:\/\/www.cy-chemicals.com\/?post_type=product&#038;p=681"},"modified":"2024-04-23T12:09:38","modified_gmt":"2024-04-23T04:09:38","slug":"phpa","status":"publish","type":"product","link":"https:\/\/www.cy-chemicals.com\/de\/product\/phpa\/","title":{"rendered":"PHPA"},"content":{"rendered":"<p>Hydrolysierbares Polyacrylamid (PHPA) ist ein hochmolekulares Polymer, das in der Bohrindustrie weit verbreitet wird. Es hat eine gute Hydrolyseleistung und eine hohe Viskosit\u00e4t, die die Suspensionsf\u00e4higkeit der Bohrfl\u00fcssigkeit effektiv verbessern und Stecklinge tragen kann. F\u00e4higkeit, wodurch die Brunnenwand gesch\u00fctzt wird, die Bohrgeschwindigkeit erh\u00f6ht und das Bohrkleben verhindert wird.<br \/>\nDie Anwendung von hydrolysierbarem Polyacrylamid (PHPA) im Bohren spiegelt sich haupts\u00e4chlich in folgenden Aspekten wider:<\/p>\n<p>Flokkulation: Hydrolysierbares Polyacrylamid hat starke Flokkulationseigenschaften und kann Schlamm und Steckel w\u00e4hrend des Bohrens flokkulieren, um gr\u00f6\u00dfere Flokkulationsgruppen zu bilden, was die Reinigung des Brunnenbodens erleichtert.<\/p>\n<p>Anpassung der Rheologie der Bohrfl\u00fcssigkeit: Als Bohrfl\u00fcssigkeitsregulator wird h\u00e4ufig hydrolysiertes Polyacrylamid (PHPA) verwendet, das durch Hydrolyse von Polyacrylamid erhalten wird. Seine Funktion besteht darin, die Rheologie der Bohrfl\u00fcssigkeit anzupassen, Steckst\u00fccke zu tragen, das Bohrbohr zu schmieren, den Fl\u00fcssigkeitsverlust usw. zu reduzieren.<\/p>\n<p>Verhindern Sie den Zusammenbruch der Brunnenwand: Hydrolysierbares Polyacrylamid (PHPA) kann die Solpartikel in der Bohrfl\u00fcssigkeit sch\u00fctzen und den Zusammenbruch der Brunnenwand durch mehrpunktige Adsorption, Gelschutz und Dichtungseffekte verhindern.<\/p>\n<p>Steckwirkung: W\u00e4hrend des Bohrprozesses verliert Bohrfl\u00fcssigkeit aufgrund der geologischen Struktur Wasser. Polyacrylamid kann verwendet werden, um Leckagen in Rissen und losen Gesteinsformationen zu stoppen.<\/p>\n<p>Verbesserung der Schmierf\u00e4higkeit und Stabilit\u00e4t: Hydrolysierbares Polyacrylamid (PHPA) kann die Schmierf\u00e4higkeit und Stabilit\u00e4t des Schlamms verbessern, den Wasserverlust im Bohrschlamm reduzieren, das Bohrer effektiv verhindern und entkleben und die Bohreffizienz verbessern.<\/p>\n<p>Vernetzung: Vernetzung kann auch unter der Wirkung von Al3, Fe3, Ca2 Plasma auftreten. Ein Teil der Polymerverbindung wechselt von linear zu kolloidal, unl\u00f6slich in Wasser, adsorbiert an der Brunnenwand und verstopft die Bildungshohlr\u00e4ume, wodurch der Verlust von Bohrfl\u00fcssigkeit verhindert wird.<\/p>\n<p>Im Allgemeinen spiegelt sich die Anwendung von hydrolysierbarem Polyacrylamid (PHPA) im Bohren haupts\u00e4chlich in der Flokkulation, der Anpassung der Rheologie der Bohrfl\u00fcssigkeit, der Verhinderung des Zusammenbruchs der Brunnenwand, der Verstopfung von Leckagen, der Verbesserung der Schmierbarkeit und der Stabilit\u00e4t sowie der Vernetzung wider.<\/p>","protected":false},"excerpt":{"rendered":"<p>Hydrolysierbares Polyacrylamid (PHPA) ist ein hochmolekulares Polymer, das in der Bohrindustrie weit verbreitet wird.<\/p>","protected":false},"featured_media":857,"comment_status":"open","ping_status":"closed","template":"","meta":{"_acf_changed":false},"product_cat":[22,26],"product_tag":[],"class_list":{"0":"post-681","1":"product","2":"type-product","3":"status-publish","4":"has-post-thumbnail","6":"product_cat-pam","7":"product_cat-phpa","9":"first","10":"instock","11":"shipping-taxable","12":"product-type-simple"},"acf":[],"_links":{"self":[{"href":"https:\/\/www.cy-chemicals.com\/de\/wp-json\/wp\/v2\/product\/681","targetHints":{"allow":["GET"]}}],"collection":[{"href":"https:\/\/www.cy-chemicals.com\/de\/wp-json\/wp\/v2\/product"}],"about":[{"href":"https:\/\/www.cy-chemicals.com\/de\/wp-json\/wp\/v2\/types\/product"}],"replies":[{"embeddable":true,"href":"https:\/\/www.cy-chemicals.com\/de\/wp-json\/wp\/v2\/comments?post=681"}],"wp:featuredmedia":[{"embeddable":true,"href":"https:\/\/www.cy-chemicals.com\/de\/wp-json\/wp\/v2\/media\/857"}],"wp:attachment":[{"href":"https:\/\/www.cy-chemicals.com\/de\/wp-json\/wp\/v2\/media?parent=681"}],"wp:term":[{"taxonomy":"product_cat","embeddable":true,"href":"https:\/\/www.cy-chemicals.com\/de\/wp-json\/wp\/v2\/product_cat?post=681"},{"taxonomy":"product_tag","embeddable":true,"href":"https:\/\/www.cy-chemicals.com\/de\/wp-json\/wp\/v2\/product_tag?post=681"}],"curies":[{"name":"wp","href":"https:\/\/api.w.org\/{rel}","templated":true}]}}