{"id":679,"date":"2024-04-10T16:41:39","date_gmt":"2024-04-10T08:41:39","guid":{"rendered":"https:\/\/www.cy-chemicals.com\/?post_type=product&#038;p=679"},"modified":"2024-04-25T11:30:09","modified_gmt":"2024-04-25T03:30:09","slug":"pac","status":"publish","type":"product","link":"https:\/\/www.cy-chemicals.com\/de\/product\/pac\/","title":{"rendered":"PAC"},"content":{"rendered":"<p>Polyanionische Cellulose (PAC), auch als PAC bezeichnet, ist ein wasserl\u00f6sliches Celluloseether-Derivat aus chemischer Modifikation nat\u00fcrlicher Cellulose. Es ist ein wichtiger wasserl\u00f6slicher Cellulosenether und ist wei\u00df oder leicht gelb. Pulver, ungiftig, geruchlos, es kann in Wasser gel\u00f6st werden, hat eine gute Hitzebest\u00e4ndigkeit, Salzbest\u00e4ndigkeit und starke antibakterielle Eigenschaften. Die mit diesem Produkt formulierte Schlammfl\u00fcssigkeit hat eine gute Wasserverlustreduzierung, Hemmung und hohe Temperaturbest\u00e4ndigkeit. Weit verbreitet im \u00d6lbohren, insbesondere Salzwasserbrunnen und Offshore-\u00d6lbohrungen.<\/p>\n<p>VEKEN Polyanionische Cellulose PAC Produkte werden in zwei Kategorien unterteilt: hohe Viskosit\u00e4t (HV) und niedrige Viskosit\u00e4t (LV). Es handelt sich um High-Tech-Produkte mit unabh\u00e4ngigen geistigen Eigentumsrechten unseres Unternehmens. Es ist ein anionischer Celluloseether und hat die Eigenschaften einer hohen Reinheit, eines hohen Substitutionsgrades und einer gleichm\u00e4\u00dfigen Verteilung substituierter Atome. Es kann als Verdicker, Rheologieregler, Wasserverlustreduzierungsmittel usw. verwendet werden. Hohe Viskosit\u00e4t und niedrige Viskosit\u00e4t PAC haben ausgezeichnete Filterverlust Reduzierung Wirkung in S\u00fc\u00dfwasser und Meerwasser Schlamm und sind unverzichtbare Produkte in Schlamm Kompatibilit\u00e4t. Das von unserem Unternehmen hergestellte PAC ist ein hochreines raffiniertes Produkt. Sein Aussehen ist ein t\u00fcrfarbenes flie\u00dfendes Pulver, und seine w\u00e4ssrige L\u00f6sung ist eine transparente viskose Fl\u00fcssigkeit. Als wasserl\u00f6sliches Polymer hat PAC folgende Funktionen und Eigenschaften:<\/p>\n<p>1. schnell in kaltem oder hei\u00dfem Wasser aufl\u00f6sen;<\/p>\n<p>2. Kann als Verdicker, Rheologieregelungsmittel, Klebstoff, Stabilisator, Schutzkolloid, Suspensionsmittel und Wasserhaltemittel verwendet werden;<\/p>\n<p>In der \u00d6lbergbau-Industrie ist PAC ein besseres Bohrschlammbehandlungsmittel und Material f\u00fcr die Vorbereitung von Fertigstellungsfl\u00fcssigkeiten mit hoher Zellstoffrate und guter Salzbest\u00e4ndigkeit. F\u00fcr S\u00fc\u00dfwasser-Schlamm, Meerwasser-Schlamm und ges\u00e4ttigtes Salzwasser-Schlamm ist PAC ein ausgezeichnetes Fl\u00fcssigkeitsverlustreduzierungsmittel und hat eine gute Viskosit\u00e4tsverbesserungsf\u00e4higkeit und eine hohe Temperaturbest\u00e4ndigkeit (150 \u00b0 C). Es ist geeignet f\u00fcr die Herstellung von S\u00fc\u00dfwasser, Meerwasser und ges\u00e4ttigter Salze-Fertigstellungsfl\u00fcssigkeiten und kann unter Versch\u00e4rfung von Calciumchlorid zu Fertigstellungsfl\u00fcssigkeiten verschiedener Dichten hergestellt werden und die Fertigstellungsfl\u00fcssigkeit eine gewisse Viskosit\u00e4t und einen geringen Filterverlust aufweisen lassen. Die von unserem Unternehmen hergestellten PAC-Produkte mit hoher Viskosit\u00e4t und niedriger Viskosit\u00e4t erf\u00fcllen die GB\/T 5005-Normen, die europ\u00e4ischen OCMA-Normen und die API 13A-Normen.<\/p>","protected":false},"excerpt":{"rendered":"<p>Polyanionische Cellulose (PAC), auch als PAC bezeichnet, ist ein wasserl\u00f6sliches Celluloseether-Derivat aus chemischer Modifikation nat\u00fcrlicher Cellulose.<\/p>","protected":false},"featured_media":855,"comment_status":"open","ping_status":"closed","template":"","meta":{"_acf_changed":false},"product_cat":[20,19],"product_tag":[],"class_list":{"0":"post-679","1":"product","2":"type-product","3":"status-publish","4":"has-post-thumbnail","6":"product_cat-pac","7":"product_cat-polyanionic-cellulose","9":"first","10":"instock","11":"shipping-taxable","12":"product-type-simple"},"acf":[],"_links":{"self":[{"href":"https:\/\/www.cy-chemicals.com\/de\/wp-json\/wp\/v2\/product\/679","targetHints":{"allow":["GET"]}}],"collection":[{"href":"https:\/\/www.cy-chemicals.com\/de\/wp-json\/wp\/v2\/product"}],"about":[{"href":"https:\/\/www.cy-chemicals.com\/de\/wp-json\/wp\/v2\/types\/product"}],"replies":[{"embeddable":true,"href":"https:\/\/www.cy-chemicals.com\/de\/wp-json\/wp\/v2\/comments?post=679"}],"wp:featuredmedia":[{"embeddable":true,"href":"https:\/\/www.cy-chemicals.com\/de\/wp-json\/wp\/v2\/media\/855"}],"wp:attachment":[{"href":"https:\/\/www.cy-chemicals.com\/de\/wp-json\/wp\/v2\/media?parent=679"}],"wp:term":[{"taxonomy":"product_cat","embeddable":true,"href":"https:\/\/www.cy-chemicals.com\/de\/wp-json\/wp\/v2\/product_cat?post=679"},{"taxonomy":"product_tag","embeddable":true,"href":"https:\/\/www.cy-chemicals.com\/de\/wp-json\/wp\/v2\/product_tag?post=679"}],"curies":[{"name":"wp","href":"https:\/\/api.w.org\/{rel}","templated":true}]}}