{"id":675,"date":"2024-04-10T16:39:12","date_gmt":"2024-04-10T08:39:12","guid":{"rendered":"https:\/\/www.cy-chemicals.com\/?post_type=product&#038;p=675"},"modified":"2024-04-25T11:30:15","modified_gmt":"2024-04-25T03:30:15","slug":"cmc-2","status":"publish","type":"product","link":"https:\/\/www.cy-chemicals.com\/de\/product\/cmc-2\/","title":{"rendered":"CMC"},"content":{"rendered":"<p>Carboxymethylcellulose (CMC) hat wichtige Anwendungen im \u00d6lbohren. Hier sind einige seiner Hauptanwendungen:<\/p>\n<p>1. Verringern Sie den Filtrationsverlust und die Schlammkuchendicke: CMC kann den Filtrationsverlust erheblich reduzieren und die Schlammkuchendicke in Bohrfl\u00fcssigkeiten mit niedriger Festphase und keiner Festphase verd\u00fcnnen.<\/p>\n<p>2. Verbessern Sie die Schlammstabilit\u00e4t: CMC kann ein stabiles Suspensionssystem f\u00fcr Schlamm bilden und auch bei hohen Temperaturen eine gute Stabilit\u00e4t aufrechterhalten.<\/p>\n<p>3. Verhindern Sie Schlammverschmutzung: CMC kann der Verschmutzung verschiedener l\u00f6slicher Salze widerstehen, so dass es effektiv Schlammverschmutzung w\u00e4hrend des Bohrprozesses verhindern kann.<\/p>\n<p>4. Verbessern Sie die Bohreffizienz: CMC kann einen d\u00fcnnen, harten, niedrig durchl\u00e4ssigen Filterkuchen auf der Brunnenwand bilden, wodurch Wasserverlust reduziert und die Bohreffizienz verbessert wird.<\/p>\n<p>5. Verhindern Sie den Einfluss von Schimmel: CMC enthaltender Schlamm wird selten von Schimmel beeinflusst, so dass es keine Notwendigkeit gibt, einen hohen pH-Wert aufrechtzuerhalten oder Konservierungsmittel zu verwenden<\/p>\n<p>Im Allgemeinen ist die Anwendung von CMC bei der \u00d6lbohrung haupts\u00e4chlich die Verbesserung des Bohreffekts durch die Verbesserung der Leistung des Schlamms, die Erh\u00f6hung der Bohreffizienz und die Verringerung der Verschmutzung des Schlamms.<\/p>","protected":false},"excerpt":{"rendered":"<p>Carboxymethylcellulose (CMC) hat wichtige Anwendungen im \u00d6lbohren.<\/p>","protected":false},"featured_media":854,"comment_status":"open","ping_status":"closed","template":"","meta":{"_acf_changed":false},"product_cat":[17,18],"product_tag":[],"class_list":{"0":"post-675","1":"product","2":"type-product","3":"status-publish","4":"has-post-thumbnail","6":"product_cat-carboxymethyl-cellulose","7":"product_cat-cmc","9":"first","10":"instock","11":"shipping-taxable","12":"product-type-simple"},"acf":[],"_links":{"self":[{"href":"https:\/\/www.cy-chemicals.com\/de\/wp-json\/wp\/v2\/product\/675","targetHints":{"allow":["GET"]}}],"collection":[{"href":"https:\/\/www.cy-chemicals.com\/de\/wp-json\/wp\/v2\/product"}],"about":[{"href":"https:\/\/www.cy-chemicals.com\/de\/wp-json\/wp\/v2\/types\/product"}],"replies":[{"embeddable":true,"href":"https:\/\/www.cy-chemicals.com\/de\/wp-json\/wp\/v2\/comments?post=675"}],"wp:featuredmedia":[{"embeddable":true,"href":"https:\/\/www.cy-chemicals.com\/de\/wp-json\/wp\/v2\/media\/854"}],"wp:attachment":[{"href":"https:\/\/www.cy-chemicals.com\/de\/wp-json\/wp\/v2\/media?parent=675"}],"wp:term":[{"taxonomy":"product_cat","embeddable":true,"href":"https:\/\/www.cy-chemicals.com\/de\/wp-json\/wp\/v2\/product_cat?post=675"},{"taxonomy":"product_tag","embeddable":true,"href":"https:\/\/www.cy-chemicals.com\/de\/wp-json\/wp\/v2\/product_tag?post=675"}],"curies":[{"name":"wp","href":"https:\/\/api.w.org\/{rel}","templated":true}]}}