{"id":1016,"date":"2024-04-25T11:14:37","date_gmt":"2024-04-25T03:14:37","guid":{"rendered":"https:\/\/www.cy-chemicals.com\/?post_type=product&#038;p=1016"},"modified":"2024-04-25T11:14:37","modified_gmt":"2024-04-25T03:14:37","slug":"npam","status":"publish","type":"product","link":"https:\/\/www.cy-chemicals.com\/de\/product\/npam\/","title":{"rendered":"NPAM"},"content":{"rendered":"<p>Nichtionisches Polyacrylamid (NPAM) ist eine wichtige Polymerverbindung, die weit verbreitet in der Wasseraufbereitung, dem \u00d6lbau, Zellstoff und Papier, dem Textildruck und der F\u00e4rbung und anderen Bereichen verwendet wird.<\/p>\n<p>NPAM ist ein ungeladenes Polymer mit der chemischen Formel (C3H5NO)n. Es wird durch Polymerisation von Acrylamidmonomer erhalten. Im Vergleich zu ionischem Polyacrylamid ist NPAM unladen und hat daher eine geringere Ionenadsorptionskapazit\u00e4t.<\/p>\n<p>NPAM hat folgende Eigenschaften:<\/p>\n<p>Hochwasserabsorptiv: Aufgrund seiner Polymerstruktur ist NPAM in der Lage, gro\u00dfe Mengen an Wasser zu absorbieren und eine kolloidale L\u00f6sung zu bilden.<\/p>\n<p>Hohe Viskosit\u00e4t: NPAM-L\u00f6sungen haben eine hohe Viskosit\u00e4t und k\u00f6nnen unter verschiedenen Bedingungen steuerbare rheologische Eigenschaften entwickeln.<\/p>\n<p>Gute Stabilit\u00e4t: NPAM kann unter verschiedenen Wasserqualit\u00e4tsbedingungen eine gute Stabilit\u00e4t aufrechterhalten und wird nicht leicht abbaut.<\/p>\n<p>Nichtgiftig: NPAM ist nicht giftig f\u00fcr die Umwelt und Organismen und verursacht keine Verschmutzung der Umwelt.<\/p>\n<p>NPAM wird in vielen Bereichen weit verbreitet, einschlie\u00dflich der folgenden Aspekte:<\/p>\n<p>1. Wasserbehandlungsfeld<br \/>\nAls ausgezeichnetes Flokkulations- und Wasserreinigungsmittel wird NPAM weit verbreitet in Abwasserbehandlungs- und Trinkwasserreinigungsprozessen verwendet. Es kann effektiv suspendierte Feststoffe, Kolloide und organische Substanz entfernen und die Wasserqualit\u00e4t verbessern.<\/p>\n<p>2. \u00d6lextraktionsfeld<br \/>\nNPAM kann als \u00d6lverdr\u00e4nger in der \u00d6lexploration eingesetzt werden. Es kann die Fl\u00fcssigkeit des \u00d6ls erh\u00f6hen und die \u00d6lr\u00fcckgewinnung verbessern. Dar\u00fcber hinaus kann NPAM auch verwendet werden, um Wasserinfiltration zu verhindern und Grundwasserabfall zu reduzieren.<\/p>\n<p>3. Zellstoff- und Papierindustrie<br \/>\nNPAM kann als Additiv in Zellstoff- und Papierherstellungsprozessen eingesetzt werden. Es kann die Viskosit\u00e4t und Festigkeit von Zellstoff erh\u00f6hen und die Qualit\u00e4t des Papiers verbessern.<\/p>\n<p>4. Textildruck und F\u00e4rbefeld<br \/>\nNPAM kann als Dispergiermittel und Verdicker in der Textildruck- und F\u00e4rbungsindustrie eingesetzt werden. Es verbessert die Farbstoffdispersion und Liquidabilit\u00e4t.<\/p>\n<p>&nbsp;<\/p>","protected":false},"excerpt":{"rendered":"<p>Nichtionisches Polyacrylamid (NPAM) ist eine wichtige Polymerverbindung, die weit verbreitet in der Wasseraufbereitung, dem \u00d6lbau, Zellstoff und Papier, dem Textildruck und der F\u00e4rbung und anderen Bereichen verwendet wird.<\/p>","protected":false},"featured_media":1021,"comment_status":"open","ping_status":"closed","template":"","meta":{"_acf_changed":false},"product_cat":[25,22],"product_tag":[],"class_list":{"0":"post-1016","1":"product","2":"type-product","3":"status-publish","4":"has-post-thumbnail","6":"product_cat-npam","7":"product_cat-pam","9":"first","10":"instock","11":"shipping-taxable","12":"product-type-simple"},"acf":[],"_links":{"self":[{"href":"https:\/\/www.cy-chemicals.com\/de\/wp-json\/wp\/v2\/product\/1016","targetHints":{"allow":["GET"]}}],"collection":[{"href":"https:\/\/www.cy-chemicals.com\/de\/wp-json\/wp\/v2\/product"}],"about":[{"href":"https:\/\/www.cy-chemicals.com\/de\/wp-json\/wp\/v2\/types\/product"}],"replies":[{"embeddable":true,"href":"https:\/\/www.cy-chemicals.com\/de\/wp-json\/wp\/v2\/comments?post=1016"}],"wp:featuredmedia":[{"embeddable":true,"href":"https:\/\/www.cy-chemicals.com\/de\/wp-json\/wp\/v2\/media\/1021"}],"wp:attachment":[{"href":"https:\/\/www.cy-chemicals.com\/de\/wp-json\/wp\/v2\/media?parent=1016"}],"wp:term":[{"taxonomy":"product_cat","embeddable":true,"href":"https:\/\/www.cy-chemicals.com\/de\/wp-json\/wp\/v2\/product_cat?post=1016"},{"taxonomy":"product_tag","embeddable":true,"href":"https:\/\/www.cy-chemicals.com\/de\/wp-json\/wp\/v2\/product_tag?post=1016"}],"curies":[{"name":"wp","href":"https:\/\/api.w.org\/{rel}","templated":true}]}}