{"id":1011,"date":"2024-04-25T11:10:14","date_gmt":"2024-04-25T03:10:14","guid":{"rendered":"https:\/\/www.cy-chemicals.com\/?post_type=product&#038;p=1011"},"modified":"2024-04-25T11:10:14","modified_gmt":"2024-04-25T03:10:14","slug":"cpam","status":"publish","type":"product","link":"https:\/\/www.cy-chemicals.com\/de\/product\/cpam\/","title":{"rendered":"CPAM"},"content":{"rendered":"<p>Kationisches Polyacrylamid ist ein wasserl\u00f6slicher Polymerelektrolyt, der leicht in Wasser l\u00f6slich und unl\u00f6slich in organischen L\u00f6sungsmitteln wie Ethanol und Aceton ist.<\/p>\n<p>&nbsp;<\/p>\n<p>1. Produkt\u00fcbersicht (kationisches Polyacrylamid)<\/p>\n<p>Unser Unternehmen&#8217; s kationisches Emulsionstyp Flokkulant, zus\u00e4tzlich zu den Vorteilen von kationischen Trockenpulverfluokkulanten beizubehalten, hat die Eigenschaften einer gro\u00dfen Ladungsdichteselektivit\u00e4t, einer Aufl\u00f6sungsgeschwindigkeit, eines einfachen Transports, einer Lagerung und einer schnellen Verwendung. Im Vergleich zu herk\u00f6mmlichen Produkten hat es einen breiten anwendbaren pH-Bereich, hohe Ladungsstabilit\u00e4t, gute Flokkulationswirkung und geringe Dosierung. Es kann in verschiedenen h\u00e4uslichen Abw\u00e4ssern, chemischen Abw\u00e4ssern, Schlammentw\u00e4sserungsbehandlung, Papierherstellung und anderen Bereichen weit verbreitet werden.<\/p>\n<p>2. Wie zu verwenden<\/p>\n<p>(1) Bevor Sie dieses Produkt verwenden, sch\u00fctteln Sie es so gut wie m\u00f6glich;<\/p>\n<p>(2) W\u00e4hrend des Aufl\u00f6sungsvorgangs f\u00fcgen Sie dieses Produkt hinzu, w\u00e4hrend Sie Wasser hinzuf\u00fcgen. Es wird empfohlen, die L\u00f6sungskonzentration auf 3-5 \u2030 zu kontrollieren, und die Alterungszeit betr\u00e4gt vorzugsweise etwa 25 Minuten;<\/p>\n<p>(3) Vermeiden Sie die Verwendung von Hochsch\u00e4rrotorpumpen wie Zentrifugalpumpen w\u00e4hrend des Transports. Es ist am besten, sch\u00e4rarme Pumpen wie Schraubenpumpen und Membranpumpen zu verwenden;<\/p>\n<p>(4) Die Aufl\u00f6sung sollte in einem Beh\u00e4lter aus Kunststoff, Keramik, Edelstahl und anderen Materialien durchgef\u00fchrt werden. Die R\u00fchrgeschwindigkeit sollte nicht zu hoch sein und eine Heizung ist nicht erforderlich.<\/p>\n<p>(5) Die hergestellte verd\u00fcnnte L\u00f6sung sollte nicht lange gelagert werden. Es ist am besten, es zu l\u00f6sen, wie es verwendet wird;<\/p>\n<p>(6) Wenn dieses Produkt in Kombination mit anorganischem Gerinnungsmittel zur Behandlung von Abwasser verwendet wird, sollte zuerst das anorganische Gerinnungsmittel hinzugef\u00fcgt werden. Wenn eine offensichtliche Alunbl\u00fcte auftritt (in der Regel betr\u00e4gt das Intervall etwa 30-60 Sekunden), f\u00fcgen Sie dieses Produkt hinzu. Wende die Reihenfolge nicht um. und kann nicht gleichzeitig hinzugef\u00fcgt werden.<\/p>\n<p>3. Aufbewahrungsanleitung<\/p>\n<p>(1) Die Lagerzeit betr\u00e4gt in der Regel 6 Monate in einem luftdichten Beh\u00e4lter bei Raumtemperatur und ist vor Licht gesch\u00fctzt;<\/p>\n<p>(2) Bei der Lagerung in kleinen F\u00e4ssern sollte Aufmerksamkeit auf regelm\u00e4\u00dfiges Drehen und Sch\u00fctteln geschenkt werden, um eine volle Mischung zu erreichen und eine Schichtung zu verhindern;<\/p>\n<p>(3) Installieren Sie bei der Lagerung in einem gro\u00dfen Beh\u00e4lter einen Mehrbl\u00e4tter-R\u00fchrer, der den Boden des Beh\u00e4lters erreichen und regelm\u00e4\u00dfig einschalten kann, oder installieren Sie eine Zirkulationspumpe, um regelm\u00e4\u00dfig zu zirkulieren und zu r\u00fchren, um eine vollst\u00e4ndige Mischung zu gew\u00e4hrleisten und Schichtung zu verhindern.<\/p>\n<p>(4) Die optimale Lagertemperatur betr\u00e4gt 50-80 \u00b0F (10-27 \u00b0C). Das Produkt kann nicht eingefroren werden, sonst wird seine Leistung beeintr\u00e4chtigt.<\/p>\n<p>(5) Wenn das Produkt einfriert, bewegen Sie es an einen Ort mit einer h\u00f6heren Temperatur und lassen Sie es langsam auftauen. Vor dem Gebrauch gr\u00fcndlich mischen und durch einen 100-Mesh-Bildschirm filtern.<\/p>\n<p>&nbsp;<\/p>\n<p>&nbsp;<\/p>","protected":false},"excerpt":{"rendered":"<p>Kationisches Polyacrylamid ist ein wasserl\u00f6slicher Polymerelektrolyt, der leicht in Wasser l\u00f6slich und unl\u00f6slich in organischen L\u00f6sungsmitteln wie Ethanol und Aceton ist.<\/p>","protected":false},"featured_media":1015,"comment_status":"open","ping_status":"closed","template":"","meta":{"_acf_changed":false},"product_cat":[24,22],"product_tag":[],"class_list":{"0":"post-1011","1":"product","2":"type-product","3":"status-publish","4":"has-post-thumbnail","6":"product_cat-cpam","7":"product_cat-pam","9":"first","10":"instock","11":"shipping-taxable","12":"product-type-simple"},"acf":[],"_links":{"self":[{"href":"https:\/\/www.cy-chemicals.com\/de\/wp-json\/wp\/v2\/product\/1011","targetHints":{"allow":["GET"]}}],"collection":[{"href":"https:\/\/www.cy-chemicals.com\/de\/wp-json\/wp\/v2\/product"}],"about":[{"href":"https:\/\/www.cy-chemicals.com\/de\/wp-json\/wp\/v2\/types\/product"}],"replies":[{"embeddable":true,"href":"https:\/\/www.cy-chemicals.com\/de\/wp-json\/wp\/v2\/comments?post=1011"}],"wp:featuredmedia":[{"embeddable":true,"href":"https:\/\/www.cy-chemicals.com\/de\/wp-json\/wp\/v2\/media\/1015"}],"wp:attachment":[{"href":"https:\/\/www.cy-chemicals.com\/de\/wp-json\/wp\/v2\/media?parent=1011"}],"wp:term":[{"taxonomy":"product_cat","embeddable":true,"href":"https:\/\/www.cy-chemicals.com\/de\/wp-json\/wp\/v2\/product_cat?post=1011"},{"taxonomy":"product_tag","embeddable":true,"href":"https:\/\/www.cy-chemicals.com\/de\/wp-json\/wp\/v2\/product_tag?post=1011"}],"curies":[{"name":"wp","href":"https:\/\/api.w.org\/{rel}","templated":true}]}}