{"id":1001,"date":"2024-04-25T11:02:43","date_gmt":"2024-04-25T03:02:43","guid":{"rendered":"https:\/\/www.cy-chemicals.com\/?post_type=product&#038;p=1001"},"modified":"2024-04-25T17:23:39","modified_gmt":"2024-04-25T09:23:39","slug":"apam","status":"publish","type":"product","link":"https:\/\/www.cy-chemicals.com\/de\/product\/apam\/","title":{"rendered":"APAM"},"content":{"rendered":"<p>Anionisches Polyacrylamid (APAM) ist ein wasserl\u00f6sliches Polymer<\/p>\n<p>&nbsp;<\/p>\n<p>1\u3001Produkteigenschaften<\/p>\n<p>Nichtionisches Polyacrylamid ist ein Polymer mit hohem Molekulargewicht und niedriger Ionenst\u00e4rke. Es hat Flokkulation, Dispersion, Klebstoff, Klebstoff, Folienbildung, Gel und stabilisierendes Kolloid. Sein Flokkulant hat wenig Einfluss auf pH-Wert und Salz und seine Wirkung ist besser als anionisches Polymer in der sauren Abwasserbehandlung.<\/p>\n<p>2. Produktverwendung<\/p>\n<p>Es wird als Flokkulant f\u00fcr die industrielle Abwassertankbehandlung und Trinkwasserbehandlung, \u00d6lfeldprofilsteuerung und Wasserabsperrungsadditiv, Bohrschlammdaditiv, Papierzaditiv usw. verwendet.<\/p>\n<p>&nbsp;<\/p>\n<p>3. Gebrauchsanleitung<\/p>\n<p>(1) In der Regel bereiten Sie das Produkt in 0,05% &#8211; 0,5% (w\/w) L\u00f6sung f\u00fcr Standby.<\/p>\n<p>(2) Beim Aufl\u00f6sen sollte das Produkt gleichm\u00e4\u00dfig dispergiert und ger\u00fchrt werden, um sich zu l\u00f6sen.<\/p>\n<p>(3) Vermeiden Sie beim Gebrauch die Verwendung von Metallmaterialien und anderen L\u00f6setenks und Pools, die die Wasserqualit\u00e4t leicht beeinflussen k\u00f6nnen.<\/p>\n<p>(4) Die Erh\u00f6hung der Wassertemperatur kann die Aufl\u00f6sungsrate beschleunigen, aber in der Regel kann die Wassertemperatur 50 \u2103 nicht \u00fcberschreiten.<\/p>\n<p>&nbsp;<\/p>\n<p>4. Produktverpackung<\/p>\n<p>Die Produkte werden in Papierplastik verpackt drei in einem Verbundbeutel, mit jeder Beutel von 25 kg oder bestimmt nach den Bed\u00fcrfnissen der Benutzer; Die Haltbarkeitsdauer betr\u00e4gt 2 Jahre.<\/p>\n<p>5.Precautions<\/p>\n<p>Das Produkt ist leicht Feuchtigkeit aufzunehmen. Achten Sie auf Feuchtigkeit und Feuchtigkeit. In k\u00fchlem, bel\u00fcftetem und trockenem Lager aufbewahren.<\/p>","protected":false},"excerpt":{"rendered":"<p>Anionisches Polyacrylamid (APAM) ist ein wasserl\u00f6sliches Polymer.<\/p>","protected":false},"featured_media":1002,"comment_status":"open","ping_status":"closed","template":"","meta":{"_acf_changed":false},"product_cat":[23,22],"product_tag":[],"class_list":{"0":"post-1001","1":"product","2":"type-product","3":"status-publish","4":"has-post-thumbnail","6":"product_cat-apam","7":"product_cat-pam","9":"first","10":"instock","11":"shipping-taxable","12":"product-type-simple"},"acf":[],"_links":{"self":[{"href":"https:\/\/www.cy-chemicals.com\/de\/wp-json\/wp\/v2\/product\/1001","targetHints":{"allow":["GET"]}}],"collection":[{"href":"https:\/\/www.cy-chemicals.com\/de\/wp-json\/wp\/v2\/product"}],"about":[{"href":"https:\/\/www.cy-chemicals.com\/de\/wp-json\/wp\/v2\/types\/product"}],"replies":[{"embeddable":true,"href":"https:\/\/www.cy-chemicals.com\/de\/wp-json\/wp\/v2\/comments?post=1001"}],"wp:featuredmedia":[{"embeddable":true,"href":"https:\/\/www.cy-chemicals.com\/de\/wp-json\/wp\/v2\/media\/1002"}],"wp:attachment":[{"href":"https:\/\/www.cy-chemicals.com\/de\/wp-json\/wp\/v2\/media?parent=1001"}],"wp:term":[{"taxonomy":"product_cat","embeddable":true,"href":"https:\/\/www.cy-chemicals.com\/de\/wp-json\/wp\/v2\/product_cat?post=1001"},{"taxonomy":"product_tag","embeddable":true,"href":"https:\/\/www.cy-chemicals.com\/de\/wp-json\/wp\/v2\/product_tag?post=1001"}],"curies":[{"name":"wp","href":"https:\/\/api.w.org\/{rel}","templated":true}]}}